{"id":2440,"date":"2017-04-05T11:50:39","date_gmt":"2017-04-05T14:50:39","guid":{"rendered":"http:\/\/pbe.uem.br\/?page_id=2440"},"modified":"2017-04-05T11:50:39","modified_gmt":"2017-04-05T14:50:39","slug":"english-grupo-isolde-2","status":"publish","type":"page","link":"http:\/\/pbe.uem.br\/en\/english-grupo-isolde-2\/","title":{"rendered":"[:en]grupo isolde[:]"},"content":{"rendered":"[:pb]\n<div class=\"wbz-content-layout\">\n<span style=\"color: #cc0000; font-size: medium;\"><strong>Leveling Disciplines<\/strong><\/span><br \/>\n<strong><span style=\"font-size: small;\"> <a href=\"http:\/\/pbe.uem.br\/wp-content\/uploads\/2013\/04\/4017-Introdu\u00e7\u00e3o-\u00e0-\u00c1lgebra-Linear-e-C\u00e1lculo.pdf\" target=\"_blank\">Introdu\u00e7\u00e3o \u00e0 Probabilidade<\/a> (45 h) <\/span><\/strong><br \/>\n<strong><span style=\"font-size: small;\"> Introdu\u00e7\u00e3o \u00e0 \u00c1lgebra Linear e C\u00e1lculo <a href=\"http:\/\/pbe.uem.br\/wp-content\/uploads\/2013\/04\/4016-Introdu\u00e7\u00e3o-\u00e0-Probabilidade.pdf\" target=\"_blank\"><img decoding=\"async\" loading=\"lazy\" style=\"border: 0px; margin: 0px;\" src=\"http:\/\/pbe.uem.br\/wp-content\/uploads\/2013\/05\/download4-150x150.png\" alt=\"\" width=\"19\" height=\"19\" \/><\/a> (45 h)<br \/>\n<\/span><\/strong><br \/>\n<strong><span style=\"font-size: small;\"><br \/>\n<\/span><\/strong><\/p>\n<p class=\"MsoNoSpacing\"><span style=\"color: #cc0000; font-size: medium;\"><strong>Mandatory Subjects (Minimum: 16 credits)<\/strong><\/span><\/p>\n<p><strong><span style=\"font-size: small;\">Bioestat\u00edstica (3 cr\u00e9ditos) <a href=\"http:\/\/pbe.uem.br\/wp-content\/uploads\/2013\/05\/Bioestat\u00edstica.pdf \" target=\"_blank\"><img decoding=\"async\" loading=\"lazy\" style=\"border: 0px; margin: 0px;\" src=\"http:\/\/pbe.uem.br\/wp-content\/uploads\/2013\/05\/download4-150x150.png\" alt=\"\" width=\"19\" height=\"17\" \/><\/a><br \/>\n<strong><span style=\"font-size: small;\">Computational Statistics Applied to Biostatistics (4 credits) <a href=\"http:\/\/pbe.uem.br\/wp-content\/uploads\/2013\/05\/Estat\u00edstica-Computacional-Aplicada-\u00e0-Bioestat\u00edstica.pdf \" target=\"_blank\"><img decoding=\"async\" loading=\"lazy\" style=\"border: 0px; margin: 0px;\" src=\"http:\/\/pbe.uem.br\/wp-content\/uploads\/2013\/05\/download4-150x150.png\" alt=\"\" width=\"19\" height=\"17\" \/><\/a><\/span><\/strong><br \/>\n<strong><span style=\"font-size: small;\">Introduction to Statistical Inference (4 credits) <a href=\"http:\/\/pbe.uem.br\/wp-content\/uploads\/2013\/05\/4018_Introdu\u00e7\u00e3o-\u00e0-Infer\u00eancia-Estat\u00edstica-2014.pdf\" target=\"_blank\"><img decoding=\"async\" loading=\"lazy\" style=\"border: 0px; margin: 0px;\" src=\"http:\/\/pbe.uem.br\/wp-content\/uploads\/2013\/05\/download4-150x150.png\" alt=\"\" width=\"19\" height=\"17\" \/><\/a><br \/>\n<strong><span style=\"font-size: small;\">M\u00e9todos Estat\u00edsticos Epidemiol\u00f3gicos (3 cr\u00e9ditos) <a href=\"http:\/\/pbe.uem.br\/wp-content\/uploads\/2013\/04\/M\u00c9TODOS-ESTAT\u00cdSTICOS-EPIDEMIOL\u00d3GICOS.pdf \" target=\"_blank\"><img decoding=\"async\" loading=\"lazy\" style=\"border: 0px; margin: 0px;\" src=\"http:\/\/pbe.uem.br\/wp-content\/uploads\/2013\/05\/download4-150x150.png\" alt=\"\" width=\"19\" height=\"17\" \/><\/a><br \/>\n<strong><span style=\"font-size: small;\">Scientific Research Methodology (2 credits) <a href=\"http:\/\/pbe.uem.br\/wp-content\/uploads\/2013\/04\/Metodologia-de-Pesquisa-Cient\u00edfica.pdf \" target=\"_blank\"><img decoding=\"async\" loading=\"lazy\" style=\"border: 0px; margin: 0px;\" src=\"http:\/\/pbe.uem.br\/wp-content\/uploads\/2013\/05\/download4-150x150.png\" alt=\"\" width=\"19\" height=\"17\" \/><\/a><\/span><\/strong><\/span><\/strong><\/span><\/strong><\/span><\/strong><br \/>\n<strong><span style=\"font-size: small;\">Teaching Internship \u2013 mandatory for Capes scholarship holder (2 credits) <a href=\"http:\/\/pbe.uem.br\/wp-content\/uploads\/2013\/05\/Estagio-Doc\u00eancia.doc \" target=\"_blank\"><img decoding=\"async\" loading=\"lazy\" style=\"border: 0px; margin: 0px;\" src=\"http:\/\/pbe.uem.br\/wp-content\/uploads\/2013\/05\/download4-150x150.png\" alt=\"\" width=\"19\" height=\"17\" \/><\/a><\/span><\/strong><\/p>\n<p><strong><span style=\"font-size: small;\"><br \/>\n<\/span><\/strong><\/p>\n<p class=\"MsoNoSpacing\"><span style=\"color: #cc0000; font-size: medium;\"><strong>Optional subjects (Minimum: 8 credits)<\/strong><\/span><\/p>\n<p><strong><span style=\"font-size: small;\">Causal inference in epidemiology (2 credits) <a href=\"http:\/\/pbe.uem.br\/wp-content\/uploads\/2013\/05\/Estagio-Doc\u00eancia.doc \" target=\"_blank\"><img decoding=\"async\" loading=\"lazy\" style=\"border: 0px; margin: 0px;\" src=\"http:\/\/pbe.uem.br\/wp-content\/uploads\/2013\/05\/download4-150x150.png\" alt=\"\" width=\"19\" height=\"17\" \/><\/a><\/span><\/strong><br \/>\n<strong><span style=\"font-size: small;\">Regression Models (3 credits) <a href=\"http:\/\/pbe.uem.br\/wp-content\/uploads\/2013\/05\/Modelos-de-Regress\u00e3o.pdf\" target=\"_blank\"><img decoding=\"async\" loading=\"lazy\" style=\"border: 0px; margin: 0px;\" src=\"http:\/\/pbe.uem.br\/wp-content\/uploads\/2013\/05\/download4-150x150.png\" alt=\"\" width=\"19\" height=\"17\" \/><\/a><\/span><\/strong><br \/>\n<strong><span style=\"font-size: small;\">Generalized Linear Models (4 credits) <a href=\"http:\/\/pbe.uem.br\/wp-content\/uploads\/2013\/05\/ Modelos-Lineares-Generalizados.pdf \" target=\"_blank\"><img decoding=\"async\" loading=\"lazy\" style=\"border: 0px; margin: 0px;\" src=\"http:\/\/pbe.uem.br\/wp-content\/uploads\/2013\/05\/download4-150x150.png\" alt=\"\" width=\"19\" height=\"17\" \/><\/a><\/span><\/strong><br \/>\n<strong><span style=\"font-size: small;\">Longitudinal Data Analysis (4 credits) <a href=\"http:\/\/pbe.uem.br\/wp-content\/uploads\/2013\/05\/4027-Analise-de-Dados-Longitudinais-2014.pdf \" target=\"_blank\"><img decoding=\"async\" loading=\"lazy\" style=\"border: 0px; margin: 0px;\" src=\"http:\/\/pbe.uem.br\/wp-content\/uploads\/2013\/05\/download4-150x150.png\" alt=\"\" width=\"19\" height=\"17\" \/><\/a><\/span><\/strong><br \/>\n<strong><span style=\"font-size: small;\">Categorical Data Analysis (4 credits) <a href=\"http:\/\/pbe.uem.br\/wp-content\/uploads\/2013\/05\/Estagio-Doc\u00eancia.doc \" target=\"_blank\"><img decoding=\"async\" loading=\"lazy\" style=\"border: 0px; margin: 0px;\" src=\"http:\/\/pbe.uem.br\/wp-content\/uploads\/2013\/05\/download4-150x150.png\" alt=\"\" width=\"19\" height=\"17\" \/><\/a><\/span><\/strong><br \/>\n<strong><span style=\"font-size: small;\">Non-Parametric Statistics (3 credits) <a href=\"http:\/\/pbe.uem.br\/wp-content\/uploads\/2013\/05\/Estagio-Doc\u00eancia.doc \" target=\"_blank\"><img decoding=\"async\" loading=\"lazy\" style=\"border: 0px; margin: 0px;\" src=\"http:\/\/pbe.uem.br\/wp-content\/uploads\/2013\/05\/download4-150x150.png\" alt=\"\" width=\"19\" height=\"17\" \/><\/a><\/span><\/strong><br \/>\n<strong><span style=\"font-size: small;\">Planning and Analysis of Biological Experiments (4 credits) <a href=\"http:\/\/pbe.uem.br\/wp-content\/uploads\/2013\/05\/4030-Planejamento-e-Analise-de-Experimentos-Biologicos.pdf \" target=\"_blank\"><img decoding=\"async\" loading=\"lazy\" style=\"border: 0px; margin: 0px;\" src=\"http:\/\/pbe.uem.br\/wp-content\/uploads\/2013\/05\/download4-150x150.png\" alt=\"\" width=\"19\" height=\"17\" \/><\/a><\/span><\/strong><br \/>\n<strong><span style=\"font-size: small;\">Survival Analysis (4 credits) <a href=\"http:\/\/pbe.uem.br\/wp-content\/uploads\/2013\/05\/ An\u00e1lise-de-Sobreviv\u00eancia.pdf\" target=\"_blank\"><img decoding=\"async\" loading=\"lazy\" style=\"border: 0px; margin: 0px;\" src=\"http:\/\/pbe.uem.br\/wp-content\/uploads\/2013\/05\/download4-150x150.png\" alt=\"\" width=\"19\" height=\"17\" \/><\/a><\/span><\/strong><br \/>\n<strong><span style=\"font-size: small;\">Spatially Distributed Data Modeling (4 credits) <a href=\"http:\/\/pbe.uem.br\/wp-content\/uploads\/2013\/05\/Estagio-Doc\u00eancia.doc\" target=\"_blank\"><img decoding=\"async\" loading=\"lazy\" style=\"border: 0px; margin: 0px;\" src=\"http:\/\/pbe.uem.br\/wp-content\/uploads\/2013\/05\/download4-150x150.png\" alt=\"\" width=\"19\" height=\"17\" \/><\/a><\/span><\/strong><br \/>\n<strong><span style=\"font-size: small;\">Multivariate Analysis in Biology (4 credits) <a href=\"http:\/\/pbe.uem.br\/wp-content\/uploads\/2013\/05\/4033-An\u00e1lise-Multivariada-\u00e0-Biologia.pdf \" target=\"_blank\"><img decoding=\"async\" loading=\"lazy\" style=\"border: 0px; margin: 0px;\" src=\"http:\/\/pbe.uem.br\/wp-content\/uploads\/2013\/05\/download4-150x150.png\" alt=\"\" width=\"19\" height=\"17\" \/><\/a><\/span><\/strong><br \/>\n<strong><span style=\"font-size: small;\">Applied Bayesian Inference (4 credits)<a href=\"http:\/\/pbe.uem.br\/wp-content\/uploads\/2013\/05\/Estagio-Doc\u00eancia.doc \" target=\"_blank\"><img decoding=\"async\" loading=\"lazy\" style=\"border: 0px; margin: 0px;\" src=\"http:\/\/pbe.uem.br\/wp-content\/uploads\/2013\/05\/download4-150x150.png\" alt=\"\" width=\"19\" height=\"17\" \/><\/a><\/span><\/strong><br \/>\n<strong><span style=\"font-size: small;\">Linear and Non-Linear Models Applied to Pharmacokinetics (changed to Pharmacokinetic Models) (1 credit) <a href=\"http:\/\/pbe.uem.br\/wp-content\/uploads\/2013\/05\/Estagio-Doc\u00eancia.doc \" target=\"_blank\"><img decoding=\"async\" loading=\"lazy\" style=\"border: 0px; margin: 0px;\" src=\"http:\/\/pbe.uem.br\/wp-content\/uploads\/2013\/05\/download4-150x150.png\" alt=\"\" width=\"19\" height=\"17\" \/><\/a><\/span><\/strong><br \/>\n<strong><span style=\"font-size: small;\">Pharmacokinetic Models (1 credit) <a href=\"http:\/\/pbe.uem.br\/wp-content\/uploads\/2013\/05\/Estagio-Doc\u00eancia.doc \" target=\"_blank\"><img decoding=\"async\" loading=\"lazy\" style=\"border: 0px; margin: 0px;\" src=\"http:\/\/pbe.uem.br\/wp-content\/uploads\/2013\/05\/download4-150x150.png\" alt=\"\" width=\"19\" height=\"17\" \/><\/a><\/span><\/strong><br \/>\n<strong><span style=\"font-size: small;\">Epidemiology (4 credits) <a href=\"http:\/\/pbe.uem.br\/wp-content\/uploads\/2013\/05\/Estagio-Doc\u00eancia.doc \" target=\"_blank\"><img decoding=\"async\" loading=\"lazy\" style=\"border: 0px; margin: 0px;\" src=\"http:\/\/pbe.uem.br\/wp-content\/uploads\/2013\/05\/download4-150x150.png\" alt=\"\" width=\"19\" height=\"17\" \/><\/a><\/span><\/strong><br \/>\n<strong><span style=\"font-size: small;\">Clinical Research (1 credit) <a href=\"http:\/\/pbe.uem.br\/wp-content\/uploads\/2013\/05\/Estagio-Doc\u00eancia.doc \" target=\"_blank\"><img decoding=\"async\" loading=\"lazy\" style=\"border: 0px; margin: 0px;\" src=\"http:\/\/pbe.uem.br\/wp-content\/uploads\/2013\/05\/download4-150x150.png\" alt=\"\" width=\"19\" height=\"17\" \/><\/a><\/span><\/strong><br \/>\n<strong><span style=\"font-size: small;\">T\u00f3picos Especiais &#8211; Regress\u00e3o Logistica (1 cr\u00e9dito) <a href=\"http:\/\/pbe.uem.br\/wp-content\/uploads\/2013\/04\/4042-Topicos-especiais-Regress\u00e3o-Logistica.pdf \" target=\"_blank\"><img decoding=\"async\" loading=\"lazy\" style=\"border: 0px; margin: 0px;\" src=\"http:\/\/pbe.uem.br\/wp-content\/uploads\/2013\/05\/download4-150x150.png\" alt=\"\" width=\"19\" height=\"17\" \/><\/a><\/span><\/strong><br \/>\n<strong><span style=\"font-size: small;\">Advanced Generalized Linear Models (2 credits) <a href=\"http:\/\/pbe.uem.br\/wp-content\/uploads\/2013\/05\/Estagio-Doc\u00eancia.doc \" target=\"_blank\"><img decoding=\"async\" loading=\"lazy\" style=\"border: 0px; margin: 0px;\" src=\"http:\/\/pbe.uem.br\/wp-content\/uploads\/2013\/05\/download4-150x150.png\" alt=\"\" width=\"19\" height=\"17\" \/><\/a><\/span><\/strong><br \/>\n<strong><span style=\"font-size: small;\">Special Topics \u2013 Analysis of Structural Equations (2 credits) <a href=\"http:\/\/pbe.uem.br\/wp-content\/uploads\/2013\/05\/Estagio-Doc\u00eancia.doc \" target=\"_blank\"><img decoding=\"async\" loading=\"lazy\" style=\"border: 0px; margin: 0px;\" src=\"http:\/\/pbe.uem.br\/wp-content\/uploads\/2013\/05\/download4-150x150.png\" alt=\"\" width=\"19\" height=\"17\" \/><\/a><\/span><\/strong><br \/>\n<strong><span style=\"font-size: small;\">Principles of Sampling Applied to the Health Area (2 credits) <a href=\"http:\/\/pbe.uem.br\/wp-content\/uploads\/2013\/05\/Estagio-Doc\u00eancia.doc \" target=\"_blank\"><img decoding=\"async\" loading=\"lazy\" style=\"border: 0px; margin: 0px;\" src=\"http:\/\/pbe.uem.br\/wp-content\/uploads\/2013\/05\/download4-150x150.png\" alt=\"\" width=\"19\" height=\"17\" \/><\/a><\/span><\/strong><br \/>\n<strong><span style=\"font-size: small;\">Time Series (4 credits) <a href=\"http:\/\/pbe.uem.br\/wp-content\/uploads\/2013\/05\/4041-S\u00e9ries-Temporais.pdf \" target=\"_blank\"><img decoding=\"async\" loading=\"lazy\" style=\"border: 0px; margin: 0px;\" src=\"http:\/\/pbe.uem.br\/wp-content\/uploads\/2013\/05\/download4-150x150.png\" alt=\"\" width=\"19\" height=\"17\" \/><\/a><\/span><\/strong><\/p>\n<p><!--\n\n\n<p class=\"MsoNoSpacing\" style=\"text-align: justify;\"><strong><span style=\"font-size: x-small;\">As disciplinas de nivelamento (6 cr\u00e9ditos) com as disciplinas obrigat\u00f3rias (16 cr\u00e9ditos) , o aluno completa 22 cr\u00e9ditos. <\/span><\/strong><strong><span style=\"font-size: x-small;\">Quem optar por fazer apenas a prova de admiss\u00e3o, caso aprovado, receber\u00e1 4 cr\u00e9ditos (2 para cada t\u00f3pico do nivelamento) e completar\u00e1 o m\u00ednimo de <span style=\"color: #000000;\">18 cr\u00e9ditos requeridos\/obrigat\u00f3rios<\/span>.<\/span>--><\/p>\n<p><\/dvi>[:en]testeeee[:]","protected":false},"excerpt":{"rendered":"[:pb] Disciplinas Nivelamento Introdu\u00e7\u00e3o \u00e0 Probabilidade (45 h) Introdu\u00e7\u00e3o \u00e0 \u00c1lgebra Linear e C\u00e1lculo (45 h) Disciplinas Obrigat\u00f3rias (M\u00ednino: 16 cr\u00e9ditos) Bioestat\u00edstica (3 cr\u00e9ditos) Estat\u00edstica Computacional Aplicada \u00e0 Bioestat\u00edstica (4 cr\u00e9ditos) Introdu\u00e7\u00e3o \u00e0 Infer\u00eancia Estat\u00edstica (4 cr\u00e9ditos) M\u00e9todos Estat\u00edsticos Epidemiol\u00f3gicos (3 cr\u00e9ditos) Metodologia de Pesquisa Cient\u00edfica (2 cr\u00e9ditos) Estagio Doc\u00eancia \u2013 obrigat\u00f3ria para bolsista da [&#8230;]","protected":false},"author":2,"featured_media":0,"parent":0,"menu_order":0,"comment_status":"closed","ping_status":"closed","template":"","meta":{"footnotes":""},"_links":{"self":[{"href":"http:\/\/pbe.uem.br\/en\/wp-json\/wp\/v2\/pages\/2440"}],"collection":[{"href":"http:\/\/pbe.uem.br\/en\/wp-json\/wp\/v2\/pages"}],"about":[{"href":"http:\/\/pbe.uem.br\/en\/wp-json\/wp\/v2\/types\/page"}],"author":[{"embeddable":true,"href":"http:\/\/pbe.uem.br\/en\/wp-json\/wp\/v2\/users\/2"}],"replies":[{"embeddable":true,"href":"http:\/\/pbe.uem.br\/en\/wp-json\/wp\/v2\/comments?post=2440"}],"version-history":[{"count":5,"href":"http:\/\/pbe.uem.br\/en\/wp-json\/wp\/v2\/pages\/2440\/revisions"}],"predecessor-version":[{"id":3377,"href":"http:\/\/pbe.uem.br\/en\/wp-json\/wp\/v2\/pages\/2440\/revisions\/3377"}],"wp:attachment":[{"href":"http:\/\/pbe.uem.br\/en\/wp-json\/wp\/v2\/media?parent=2440"}],"curies":[{"name":"wp","href":"https:\/\/api.w.org\/{rel}","templated":true}]}}