{"id":3628,"date":"2023-10-16T00:00:07","date_gmt":"2023-10-16T03:00:07","guid":{"rendered":"http:\/\/pbe.uem.br\/?page_id=3628"},"modified":"2025-04-04T12:47:22","modified_gmt":"2025-04-04T15:47:22","slug":"pbe-na-midia","status":"publish","type":"page","link":"http:\/\/pbe.uem.br\/en\/pbe-na-midia\/","title":{"rendered":"PBE na m\u00eddia"},"content":{"rendered":"<section class=\"section\" id=\"section_1681236039\">\n\t\t<div class=\"bg section-bg fill bg-fill\" >\n\n\t\t\t\n\t\t\t\n\t\t\t\n\n\t\t<\/div>\n\n\t\t\n\n\t\t<div class=\"section-content relative\">\n\t\t\t\n<div class=\"row\"  id=\"row-860025869\">\n\n\t<div id=\"col-458584372\" class=\"col small-12 large-12\"  >\n\t\t\t\t<div class=\"col-inner\"  >\n\t\t\t\n\t\t\t\n<div class=\"container section-title-container\" ><h2 class=\"section-title section-title-normal\"><b><\/b><span class=\"section-title-main\" style=\"color:rgb(179, 0, 0);\">PBE in the Media<\/span><b><\/b><\/h2><\/div>\n<p>&nbsp;<\/p>\n<p><a href=\"http:\/\/pbe.uem.br\/wp-content\/uploads\/2024\/11\/Hospital-faz-parceria-com-projeto-multicentrico-da-UEM-para-inovacao-digital.png\"><img decoding=\"async\" loading=\"lazy\" class=\"alignnone size-medium wp-image-5864\" src=\"http:\/\/pbe.uem.br\/wp-content\/uploads\/2024\/11\/Hospital-faz-parceria-com-projeto-multicentrico-da-UEM-para-inovacao-digital-300x199.png\" alt=\"\" width=\"300\" height=\"199\" srcset=\"http:\/\/pbe.uem.br\/wp-content\/uploads\/2024\/11\/Hospital-faz-parceria-com-projeto-multicentrico-da-UEM-para-inovacao-digital-300x199.png 300w, http:\/\/pbe.uem.br\/wp-content\/uploads\/2024\/11\/Hospital-faz-parceria-com-projeto-multicentrico-da-UEM-para-inovacao-digital-18x12.png 18w, http:\/\/pbe.uem.br\/wp-content\/uploads\/2024\/11\/Hospital-faz-parceria-com-projeto-multicentrico-da-UEM-para-inovacao-digital.png 638w\" sizes=\"(max-width: 300px) 100vw, 300px\" \/><\/a><\/p>\n<p class=\"post-title entry-title\">26\/11\/2024 &#8211; <span style=\"color: #0000ff;\"><strong>Hospital faz parceria com projeto multic\u00eantrico da UEM para inova\u00e7\u00e3o digital<\/strong><\/span><\/p>\n<p>Estudantes e professores vinculados ao projeto \u201cTransforma\u00e7\u00e3o Digital e Anal\u00edtica no Hospital Escola da UEM\u201d, ou Pr\u00f3-PET Data Sci, visitaram unidades do Hospital Universit\u00e1rio (HU) da UEM para conhecer um pouco mais sobre os servi\u00e7os do hospital. O projeto, vinculado \u00e0 Funda\u00e7\u00e3o Arauc\u00e1ria (FA), \u00e9 uma das iniciativas da Funda\u00e7\u00e3o, que faz parte do Programa de Apoio \u00e0 Educa\u00e7\u00e3o Tutorial Pesquisa-Ensino-Extens\u00e3o (PR\u00d3-PET) nas Institui\u00e7\u00f5es Estaduais de Ensino Superior do Paran\u00e1 (IEES). O Pr\u00f3-Pet DataSci \u00e9 um grupo interdisciplinar com graduandos dos cursos de Estat\u00edstica (CCE), Ci\u00eancia da Computa\u00e7\u00e3o (CTC) e Comunica\u00e7\u00e3o e Multimeios (CCH), que tem o objetivo de empreender e exercer suas compet\u00eancias, de forma interdisciplinar, para atender a demandas de extens\u00e3o e cient\u00edficas, relacionadas \u00e0 sa\u00fade e bem-estar, no HU. A visita contou com estudantes e professores dos cursos de Estat\u00edstica, Comunica\u00e7\u00e3o e Multimeios, e Ci\u00eancia da Computa\u00e7\u00e3o, que se dividiram em dois turnos para conhecer o hospital e levantar as principais demandas que o grupo pode contribuir. O projeto \u00e9 coordenado pelos professores Brian de Melo e Diego Alves, do Departamento de Estat\u00edstica e do Programa de P\u00f3s-Gradua\u00e7\u00e3o em Bioestat\u00edstica da UEM.<\/p>\n<p><strong><span style=\"color: #0000ff;\"><a style=\"color: #0000ff;\" href=\"https:\/\/www.asc.uem.br\/index.php?option=com_content&amp;view=article&amp;id=29401:uem-integra-gt-que-projeta-rede-de-supercomputadores-no-parana&amp;catid=986&amp;Itemid=211\">https:\/\/humuem.blogspot.com\/2024\/11\/hospital-faz-parceria-com-projeto.htmlhttps<\/a><\/span><\/strong><\/p>\n<hr \/>\n<p><a href=\"http:\/\/pbe.uem.br\/wp-content\/uploads\/2024\/09\/Materia-Supercomputadores.png\"><img decoding=\"async\" loading=\"lazy\" class=\"alignnone size-medium wp-image-5796\" src=\"http:\/\/pbe.uem.br\/wp-content\/uploads\/2024\/09\/Materia-Supercomputadores-300x200.png\" alt=\"\" width=\"300\" height=\"200\" srcset=\"http:\/\/pbe.uem.br\/wp-content\/uploads\/2024\/09\/Materia-Supercomputadores-300x200.png 300w, http:\/\/pbe.uem.br\/wp-content\/uploads\/2024\/09\/Materia-Supercomputadores-1024x683.png 1024w, http:\/\/pbe.uem.br\/wp-content\/uploads\/2024\/09\/Materia-Supercomputadores-768x512.png 768w, http:\/\/pbe.uem.br\/wp-content\/uploads\/2024\/09\/Materia-Supercomputadores-18x12.png 18w, http:\/\/pbe.uem.br\/wp-content\/uploads\/2024\/09\/Materia-Supercomputadores.png 1200w\" sizes=\"(max-width: 300px) 100vw, 300px\" \/><\/a><\/p>\n<p>28\/08\/2024 &#8211; <span style=\"color: #0000ff;\"><strong>UEM integra GT que projeta rede de supercomputadores no Paran\u00e1<\/strong><\/span><\/p>\n<blockquote class=\"article-intro\"><p>Grupo de Trabalho \u00e9 composto por representantes da Seti, Funda\u00e7\u00e3o Arauc\u00e1ria\/Tecpar, UEM, UEPG e Unioeste<\/p><\/blockquote>\n<section class=\"article-content\">O Grupo de Trabalho (GT) criado pela Secretaria da Ci\u00eancia, Tecnologia e Ensino Superior (Seti) para estudar a implanta\u00e7\u00e3o de uma rede de supercomputadores nas Institui\u00e7\u00f5es Estaduais de Ensino Superior (IEES) tem at\u00e9 o final de setembro para concluir o projeto de aquisi\u00e7\u00e3o e transfer\u00eancia da tecnologia do Centro de Desenvolvimento de Computa\u00e7\u00e3o Avan\u00e7ada (C-DAC) da \u00cdndia, institui\u00e7\u00e3o parceira no programa, que hoje \u00e9 refer\u00eancia mundial em pesquisa e desenvolvimento de alta tecnologia.<\/section>\n<section><span style=\"color: #0000ff;\"><strong><a style=\"color: #0000ff;\" href=\"https:\/\/www.asc.uem.br\/index.php?option=com_content&amp;view=article&amp;id=29401:uem-integra-gt-que-projeta-rede-de-supercomputadores-no-parana&amp;catid=986&amp;Itemid=211\">https:\/\/www.asc.uem.br\/index.php?option=com_content&amp;view=article&amp;id=29401:uem-integra-gt-que-projeta-rede-de-supercomputadores-no-parana&amp;catid=986&amp;Itemid=211<\/a><\/strong><\/span><\/section>\n<hr \/>\n<p><a href=\"http:\/\/pbe.uem.br\/wp-content\/uploads\/2024\/11\/Parceria-com-a-Maringa-Previdencia.png\"><img decoding=\"async\" loading=\"lazy\" class=\"alignnone size-medium wp-image-5868\" src=\"http:\/\/pbe.uem.br\/wp-content\/uploads\/2024\/11\/Parceria-com-a-Maringa-Previdencia-300x200.png\" alt=\"\" width=\"300\" height=\"200\" srcset=\"http:\/\/pbe.uem.br\/wp-content\/uploads\/2024\/11\/Parceria-com-a-Maringa-Previdencia-300x200.png 300w, http:\/\/pbe.uem.br\/wp-content\/uploads\/2024\/11\/Parceria-com-a-Maringa-Previdencia-1024x682.png 1024w, http:\/\/pbe.uem.br\/wp-content\/uploads\/2024\/11\/Parceria-com-a-Maringa-Previdencia-768x512.png 768w, http:\/\/pbe.uem.br\/wp-content\/uploads\/2024\/11\/Parceria-com-a-Maringa-Previdencia-1536x1023.png 1536w, http:\/\/pbe.uem.br\/wp-content\/uploads\/2024\/11\/Parceria-com-a-Maringa-Previdencia-18x12.png 18w, http:\/\/pbe.uem.br\/wp-content\/uploads\/2024\/11\/Parceria-com-a-Maringa-Previdencia.png 1600w\" sizes=\"(max-width: 300px) 100vw, 300px\" \/><\/a><\/p>\n<p>11\/09\/2023 &#8211;\u00a0<a title=\"UEM apresenta Censo Previdenci\u00e1rio de 2023 na C\u00e2mara Municipal\" href=\"http:\/\/www.asc.uem.br\/index.php?option=com_content&amp;view=article&amp;id=28147:uem-apresenta-censo-previdenciario-de-2023-na-camara-municipal&amp;catid=987:notas&amp;Itemid=220\">UEM apresenta Censo Previdenci\u00e1rio de 2023 na C\u00e2mara Municipal<\/a><\/p>\n<p dir=\"ltr\">Em apresenta\u00e7\u00e3o na Sess\u00e3o Ordin\u00e1ria da C\u00e2mara Municipal de Maring\u00e1, no dia 21 de agosto, foram divulgados os resultados do Censo Previdenci\u00e1rio de 2023. Os dados levantados s\u00e3o pela parceria entre a Maring\u00e1 Previd\u00eancia, a equipe da Universidade Estadual de Maring\u00e1 (UEM) e a Funda\u00e7\u00e3o de Apoio ao Desenvolvimento da Universidade Estadual do Centro-Oeste (FAU-Unicentro).<\/p>\n<p dir=\"ltr\">O Censo Previdenci\u00e1rio \u00e9 um instrumento utilizado para atualiza\u00e7\u00e3o dos dados dos servidores p\u00fablicos municipais vinculados ao Regime Pr\u00f3prio de Previd\u00eancia Social do munic\u00edpio de Maring\u00e1. Neste ano, o Censo Previdenci\u00e1rio substituiu a prova de vida dos aposentados e pensionistas da Maring\u00e1 Previd\u00eancia, al\u00e9m de atualizar a base de dados dos servidores ativos. O n\u00famero previsto de segurados era de 15.473, sendo efetuados 15.430 recadastramentos, representando 99,72%, e 43 n\u00e3o realizados, representando 0,28% do total.<\/p>\n<p><span style=\"color: #0000ff;\"><strong><a style=\"color: #0000ff;\" href=\"http:\/\/www.asc.uem.br\/index.php?option=com_content&amp;view=article&amp;id=28147:uem-apresenta-censo-previdenciario-de-2023-na-camara-municipal&amp;catid=987:notas&amp;Itemid=220\">http:\/\/www.asc.uem.br\/index.php?option=com_content&amp;view=article&amp;id=28147:uem-apresenta-censo-previdenciario-de-2023-na-camara-municipal&amp;catid=987:notas&amp;Itemid=220<\/a><\/strong><\/span><\/p>\n<hr \/>\n<p><img decoding=\"async\" src=\"https:\/\/media.datacenterdynamics.com\/media\/images\/GettyImages-1300585575.width-358.jpg\" alt=\"GettyImages-1300585575\" \/><\/p>\n<p>&nbsp;<\/p>\n<p>20\/08\/2024 &#8211; <span style=\"color: #0000ff;\">Paran\u00e1 firma parceria com \u00cdndia para trazer supercomputadores qu\u00e2nticos para universidades &#8211; Princ\u00edpios da mec\u00e2nica qu\u00e2ntica ser\u00e3o usados para desenvolver novos tipos de computadores<\/span><\/p>\n<p data-block-key=\"lfm3r\">O Governo do Paran\u00e1 est\u00e1 avan\u00e7ando em uma parceria inovadora com o Centro de Desenvolvimento de Computa\u00e7\u00e3o Avan\u00e7ada (C-DAC) da \u00cdndia, marcando um importante passo para a tecnologia e a pesquisa cient\u00edfica no Brasil.<\/p>\n<p data-block-key=\"bl9o2\">Uma reuni\u00e3o nesta segunda-feira (19) com a participa\u00e7\u00e3o do governador Carlos Massa Ratinho Junior e membros da Secretaria de Ci\u00eancia, Tecnologia e Ensino Superior, tratou da iniciativa que pretende trazer ao Estado a avan\u00e7ada tecnologia dos supercomputadores, j\u00e1 utilizada com sucesso na \u00cdndia.<\/p>\n<p data-block-key=\"3prml\">Esse acordo, que inclui a\u00a0<b>implanta\u00e7\u00e3o de uma rede de supercomputadores nas sete universidades estaduais do Paran\u00e1<\/b>, promete revolucionar n\u00e3o apenas o campo da pesquisa acad\u00eamica, mas tamb\u00e9m setores diversos como\u00a0<b>sa\u00fade<\/b>,\u00a0<b>agricultura<\/b>\u00a0and\u00a0<b>educa\u00e7\u00e3o<\/b>. &#8220;Ser\u00e1 um projeto pioneiro no Brasil. Com a rede de supercomputadores, vamos alavancar nossa capacidade de inova\u00e7\u00e3o e colocaremos o Paran\u00e1 em um novo patamar no cen\u00e1rio nacional e internacional&#8221;, destacou o governador Ratinho Junior em mat\u00e9ria publicada na Ag\u00eancia Estadual de Not\u00edcias.<\/p>\n<p><span style=\"color: #0000ff;\"><strong><a style=\"color: #0000ff;\" href=\"https:\/\/www.datacenterdynamics.com\/br\/not%C3%ADcias\/parana-firma-parceria-com-india-para-trazer-supercomputadores-quanticos-para-sete-universidades-estaduais\/\">https:\/\/www.datacenterdynamics.com\/br\/not%C3%ADcias\/parana-firma-parceria-com-india-para-trazer-supercomputadores-quanticos-para-sete-universidades-estaduais\/<\/a><\/strong><\/span><\/p>\n<hr \/>\n<blockquote class=\"wp-embedded-content\" data-secret=\"KKbKSI5CWL\"><p><a href=\"https:\/\/www.maringamais.com.br\/2022\/11\/13\/resultado-de-estudo-sobre-queda-de-arvores-em-maringa-e-apresentado\/\">Resultado de estudo sobre queda de <a>\u00e1rvores em Maring\u00e1<\/a> \u00e9 apresentado<\/a><\/p><\/blockquote>\n<p><iframe class=\"wp-embedded-content\" sandbox=\"allow-scripts\" security=\"restricted\" style=\"position: absolute; clip: rect(1px, 1px, 1px, 1px);\" title=\"&ldquo;Resultado de estudo sobre queda de &lt;a&gt;&aacute;rvores em Maring&aacute;&lt;\/a&gt; &eacute; apresentado&rdquo; &mdash; Maring&aacute; Mais - Informa&ccedil;&atilde;o e Credibilidade\" src=\"https:\/\/www.maringamais.com.br\/2022\/11\/13\/resultado-de-estudo-sobre-queda-de-arvores-em-maringa-e-apresentado\/embed\/#?secret=lVILQBezSK#?secret=KKbKSI5CWL\" data-secret=\"KKbKSI5CWL\" width=\"600\" height=\"338\" frameborder=\"0\" marginwidth=\"0\" marginheight=\"0\" scrolling=\"no\"><\/iframe><\/p>\n<p>13\/11\/2022 &#8211; Resultado de estudo sobre queda de \u00e1rvores em Maring\u00e1 \u00e9 apresentado &#8211; (Durante a \u00faltima mesa redonda do Encontro Regional Sul de Arboriza\u00e7\u00e3o Urbana (Ersau) e F\u00f3rum Paranaense de Arboriza\u00e7\u00e3o Urbana de 2022, a Universidade Estadual de Maring\u00e1 (UEM) e a Prefeitura apresentaram resultados preliminares do estudo referente \u00e0 probabilidade de queda de \u00e1rvores em vias p\u00fablicas durante eventos clim\u00e1ticos. A apresenta\u00e7\u00e3o aconteceu um m\u00eas ap\u00f3s a assinatura do Termo de Coopera\u00e7\u00e3o T\u00e9cnica entre o munic\u00edpio e a UEM.)<\/p>\n<hr \/>\n<p><a href=\"http:\/\/pbe.uem.br\/wp-content\/uploads\/2023\/03\/Entrevista-sobre-os-resultados-a-respeito-da-arborizacao-de-Maringa-Diogo-F.-Rossoni-na-RPC.png\"><img decoding=\"async\" loading=\"lazy\" class=\"alignnone size-medium wp-image-5153\" src=\"http:\/\/pbe.uem.br\/wp-content\/uploads\/2023\/03\/Entrevista-sobre-os-resultados-a-respeito-da-arborizacao-de-Maringa-Diogo-F.-Rossoni-na-RPC-300x133.png\" alt=\"\" width=\"300\" height=\"133\" srcset=\"http:\/\/pbe.uem.br\/wp-content\/uploads\/2023\/03\/Entrevista-sobre-os-resultados-a-respeito-da-arborizacao-de-Maringa-Diogo-F.-Rossoni-na-RPC-300x133.png 300w, http:\/\/pbe.uem.br\/wp-content\/uploads\/2023\/03\/Entrevista-sobre-os-resultados-a-respeito-da-arborizacao-de-Maringa-Diogo-F.-Rossoni-na-RPC-1024x454.png 1024w, http:\/\/pbe.uem.br\/wp-content\/uploads\/2023\/03\/Entrevista-sobre-os-resultados-a-respeito-da-arborizacao-de-Maringa-Diogo-F.-Rossoni-na-RPC-768x341.png 768w, http:\/\/pbe.uem.br\/wp-content\/uploads\/2023\/03\/Entrevista-sobre-os-resultados-a-respeito-da-arborizacao-de-Maringa-Diogo-F.-Rossoni-na-RPC-1536x681.png 1536w, http:\/\/pbe.uem.br\/wp-content\/uploads\/2023\/03\/Entrevista-sobre-os-resultados-a-respeito-da-arborizacao-de-Maringa-Diogo-F.-Rossoni-na-RPC.png 1725w\" sizes=\"(max-width: 300px) 100vw, 300px\" \/><\/a><br \/>\n11\/11\/2022 &#8211; Entrevista com o Prof. Dr. Diogo Francisco Rossoni, a respeito da busca do modelo estat\u00edstico para melhorar arboriza\u00e7\u00e3o &#8211; Jornal Meio Dia &#8211; RPC (Maring\u00e1)<\/p>\n<p><a href=\"https:\/\/globoplay.globo.com\/v\/11116900\/\">https:\/\/globoplay.globo.com\/v\/11116900\/<\/a><\/p>\n<hr \/>\n<p>11\/112\/2022 &#8211; Regi\u00e3o Norte de Maring\u00e1 registra o maior n\u00famero de queda de \u00e1rvores &#8211; Jornal Tribuna da Massa<\/p>\n<p><iframe loading=\"lazy\" title=\"Regi\u00e3o Norte de Maring\u00e1 registra o maior n\u00famero de queda de \u00e1rvores - Tribuna da Massa (11\/11\/2022)\" width=\"1020\" height=\"574\" src=\"https:\/\/www.youtube.com\/embed\/CUxFt_cM9V4?feature=oembed\" frameborder=\"0\" allow=\"accelerometer; autoplay; clipboard-write; encrypted-media; gyroscope; picture-in-picture; web-share\" referrerpolicy=\"strict-origin-when-cross-origin\" allowfullscreen><\/iframe><\/p>\n<hr \/>\n<p><a href=\"http:\/\/pbe.uem.br\/wp-content\/uploads\/2023\/03\/Estudo-vai-analisar-probabilidade-de-queda-de-arvores-em-Maringa-Site-da-PMM-Diogo-F.-Rossoni.png\"><img decoding=\"async\" loading=\"lazy\" class=\"alignnone size-medium wp-image-5146\" src=\"http:\/\/pbe.uem.br\/wp-content\/uploads\/2023\/03\/Estudo-vai-analisar-probabilidade-de-queda-de-arvores-em-Maringa-Site-da-PMM-Diogo-F.-Rossoni-300x225.png\" alt=\"\" width=\"300\" height=\"225\" srcset=\"http:\/\/pbe.uem.br\/wp-content\/uploads\/2023\/03\/Estudo-vai-analisar-probabilidade-de-queda-de-arvores-em-Maringa-Site-da-PMM-Diogo-F.-Rossoni-300x225.png 300w, http:\/\/pbe.uem.br\/wp-content\/uploads\/2023\/03\/Estudo-vai-analisar-probabilidade-de-queda-de-arvores-em-Maringa-Site-da-PMM-Diogo-F.-Rossoni-768x576.png 768w, http:\/\/pbe.uem.br\/wp-content\/uploads\/2023\/03\/Estudo-vai-analisar-probabilidade-de-queda-de-arvores-em-Maringa-Site-da-PMM-Diogo-F.-Rossoni.png 960w\" sizes=\"(max-width: 300px) 100vw, 300px\" \/><\/a><br \/>\n<a href=\"http:\/\/www.maringa.pr.gov.br\/site\/noticias\/2022\/11\/10\/prefeitura-e-uem-apresentam-resultados-preliminares-de-estudo-sobre-planejamento-estrategico-da-arborizacao-durante-segundo-dia-de-encontro-regional\/40666\">http:\/\/www.maringa.pr.gov.br\/site\/noticias\/2022\/11\/10\/prefeitura-e-uem-apresentam-resultados-preliminares-de-estudo-sobre-planejamento-estrategico-da-arborizacao-durante-segundo-dia-de-encontro-regional\/40666<\/a><br \/>\n10\/11\/2022 &#8211; Prefeitura e UEM apresentam resultados preliminares de estudo sobre planejamento estrat\u00e9gico da arboriza\u00e7\u00e3o durante segundo dia de encontro regional<\/p>\n<hr \/>\n<p><a href=\"https:\/\/www.maringamais.com.br\/2022\/10\/11\/uem-e-prefeitura-vao-elaborar-estudo-para-analisar-causas-de-quedas-de-arvores\/\">https:\/\/www.maringamais.com.br\/2022\/10\/11\/uem-e-prefeitura-vao-elaborar-estudo-para-analisar-causas-de-quedas-de-arvores\/<\/a><br \/>\n11\/11\/2023 &#8211; UEM e Prefeitura v\u00e3o elaborar estudo para analisar causas de quedas de \u00e1rvores &#8211; (O estudo n\u00e3o ser\u00e1 para identificar a sa\u00fade de cada \u00e1rvore, mas para fazer o mapeamento estat\u00edstico dos locais da Cidade onde h\u00e1 maior chances de queda de \u00e1rvores em eventos clim\u00e1ticos. A explica\u00e7\u00e3o \u00e9 do professor Diogo Rossoni, coordenador de p\u00f3s-gradua\u00e7\u00e3o em bioestat\u00edstica da Universidade Estadual de Maring\u00e1 (UEM).)<\/p>\n<hr \/>\n<p><a href=\"http:\/\/pbe.uem.br\/wp-content\/uploads\/2023\/03\/Estudo-vai-analisar-probabilidade-de-queda-de-arvores-em-Maringa-Diogo-F.-Rossoni.png\"><img decoding=\"async\" loading=\"lazy\" class=\"alignnone size-medium wp-image-5140\" src=\"http:\/\/pbe.uem.br\/wp-content\/uploads\/2023\/03\/Estudo-vai-analisar-probabilidade-de-queda-de-arvores-em-Maringa-Diogo-F.-Rossoni-300x131.png\" alt=\"\" width=\"300\" height=\"131\" srcset=\"http:\/\/pbe.uem.br\/wp-content\/uploads\/2023\/03\/Estudo-vai-analisar-probabilidade-de-queda-de-arvores-em-Maringa-Diogo-F.-Rossoni-300x131.png 300w, http:\/\/pbe.uem.br\/wp-content\/uploads\/2023\/03\/Estudo-vai-analisar-probabilidade-de-queda-de-arvores-em-Maringa-Diogo-F.-Rossoni-1024x445.png 1024w, http:\/\/pbe.uem.br\/wp-content\/uploads\/2023\/03\/Estudo-vai-analisar-probabilidade-de-queda-de-arvores-em-Maringa-Diogo-F.-Rossoni-768x334.png 768w, http:\/\/pbe.uem.br\/wp-content\/uploads\/2023\/03\/Estudo-vai-analisar-probabilidade-de-queda-de-arvores-em-Maringa-Diogo-F.-Rossoni-1536x668.png 1536w, http:\/\/pbe.uem.br\/wp-content\/uploads\/2023\/03\/Estudo-vai-analisar-probabilidade-de-queda-de-arvores-em-Maringa-Diogo-F.-Rossoni.png 1600w\" sizes=\"(max-width: 300px) 100vw, 300px\" \/><\/a><\/p>\n<p><a href=\"https:\/\/www.cbnmaringa.com.br\/noticia\/estudo-vai-analisar-probabilidade-de-queda-de-arvores-em-maringa\">https:\/\/www.cbnmaringa.com.br\/noticia\/estudo-vai-analisar-probabilidade-de-queda-de-arvores-em-maringa<\/a><br \/>\n10\/10\/2022 &#8211; Estudo vai analisar probabilidade de queda de \u00e1rvores em Maring\u00e1 &#8211; (Estudo que vai analisar a probabilidade de queda de \u00e1rvores em Maring\u00e1, trata-se de uma parceria da prefeitura com a UEM. O objetivo do estudo \u00e9 mapear os locais onde h\u00e1 mais risco de queda de \u00e1rvores em eventos clim\u00e1ticos como temporais.)<\/p>\n<hr \/>\n<p><img decoding=\"async\" loading=\"lazy\" class=\"\" src=\"https:\/\/cbnmaringa.com.br\/uploads_lg\/7b0b1f95aabfa2665f4e09623db840d1.jpg\" alt=\"Entenda o que \u00e9 o diagrama de controle para monitoramento da dengue\" width=\"318\" height=\"139\" \/><\/p>\n<p><a href=\"https:\/\/cbnmaringa.com.br\/noticia\/entenda-o-que-e-o-diagrama-de-controle-para-monitoramento-da-dengue\">https:\/\/cbnmaringa.com.br\/noticia\/entenda-o-que-e-o-diagrama-de-controle-para-monitoramento-da-dengue<\/a><br \/>\n15\/07\/2023 &#8211; Entenda o que \u00e9 o diagrama de controle de para monitoramento da dengue. (Ferramenta estat\u00edstica utilizada pela Secretaria Municipal de Sa\u00fade foi elaborada com o apoio de pesquisadores da Universidade Estadual de Maring\u00e1)<\/p>\n<hr \/>\n<p><img decoding=\"async\" loading=\"lazy\" class=\"\" src=\"https:\/\/i0.wp.com\/conexaociencia.com.br\/wp-content\/uploads\/2023\/06\/Foto-1_ProfDiogoRossoni.jpg?resize=768%2C883&amp;ssl=1\" width=\"341\" height=\"392\" \/><\/p>\n<p><a href=\"https:\/\/conexaociencia.com.br\/a-ciencia-das-incertezas-estatistica-espacial\/\">https:\/\/conexaociencia.com.br\/a-ciencia-das-incertezas-estatistica-espacial\/<\/a><br \/>\n15\/06\/2023 &#8211; A ci\u00eancia das (in)certezas: estat\u00edstica espacial &#8211; Estat\u00edsticos espaciais mapeiam, compreendem e visualizam o mundo de hoje e do futuro (Na entrevista, o prof. Diogo\u00a0 Francisco Rossoni apresenta duas vertentes da Estat\u00edstica e define a Estat\u00edstica Espacial)<\/p>\n<hr \/>\n<p>06\/08\/2018 &#8211; Vantagens de ser um membro do International Statistical Institute &#8211; ISI (V\u00eddeo solicitado pelo ISI).<\/p>\n<p>https:\/\/www.facebook.com\/435104499838038\/videos\/2117054748309663\/<\/p>\n<p>No <a href=\"https:\/\/www.youtube.com\/watch?v=KwF_PCTAOyg\">Youtube<\/a>.<\/p>\n<p>25\/10\/2017 &#8211; Modelagem de dados de dengue &#8211; TV UEM<\/p>\n<p>Principais alunas envolvidas: Aline Medeiros e Marcia Lorena Alves &#8211;\u00a0<a href=\"https:\/\/www.youtube.com\/watch?v=06-kVZKtyFE\">Reportagem completa no Youtube<\/a><\/p>\n<p>https:\/\/www.facebook.com\/UEMTV\/videos\/851885748309205\/?fref=gs&#038;dti=624580554293202&#038;hc_location=group<\/p>\n<hr \/>\n<p>27\/12\/2016 &#8211; Previs\u00e3o de Casos de Dengue no Di\u00e1rio do Norte do Paran\u00e1 &#8211;\u00a0<a href=\"http:\/\/pbe.uem.br\/wp-content\/uploads\/2017\/10\/Jornal-Dengue-dez-2016.jpg\"><img decoding=\"async\" loading=\"lazy\" class=\"alignnone wp-image-3626 size-thumbnail\" src=\"http:\/\/pbe.uem.br\/wp-content\/uploads\/2017\/10\/Jornal-Dengue-dez-2016-150x150.jpg\" alt=\"\" width=\"150\" height=\"150\" \/><\/a><\/p>\n<hr \/>\n<p>31\/10\/2016 &#8211; Disciplina do PBE na TV UEM<\/p>\n<p><iframe loading=\"lazy\" title=\"Evento - An\u00e1lise de Equa\u00e7\u00f5es Estruturais\" width=\"1020\" height=\"765\" src=\"https:\/\/www.youtube.com\/embed\/HAp9aQ5rHLo?feature=oembed\" frameborder=\"0\" allow=\"accelerometer; autoplay; clipboard-write; encrypted-media; gyroscope; picture-in-picture; web-share\" referrerpolicy=\"strict-origin-when-cross-origin\" allowfullscreen><\/iframe><\/p>\n<hr \/>\n<p>Prof\u00aa Isolde Previdelli fala sobre Mestrado em Bioestat\u00edstica<\/p>\n<p><iframe loading=\"lazy\" title=\"Prof\u00aa  Isolde Previdelli fala sobre o mestrado em Bioestat\u00edstica da UEM\" width=\"1020\" height=\"765\" src=\"https:\/\/www.youtube.com\/embed\/Jjm_lxNQdVI?start=10&#038;feature=oembed\" frameborder=\"0\" allow=\"accelerometer; autoplay; clipboard-write; encrypted-media; gyroscope; picture-in-picture; web-share\" referrerpolicy=\"strict-origin-when-cross-origin\" allowfullscreen><\/iframe><\/p>\n\t\t<\/div>\n\t\t\t\t\t<\/div>\n\n\t\n<\/div>\n\t\t<\/div>\n\n\t\t\n<style>\n#section_1681236039 {\n  padding-top: 30px;\n  padding-bottom: 30px;\n}\n#section_1681236039 .section-bg.bg-loaded {\n  background-image: url(http:\/\/pbe.uem.br\/wp-content\/uploads\/2023\/10\/fundo-site-min.png);\n}\n#section_1681236039 .section-bg {\n  background-position: 0% 0%;\n}\n<\/style>\n\t<\/section>","protected":false},"excerpt":{"rendered":"","protected":false},"author":2,"featured_media":0,"parent":0,"menu_order":0,"comment_status":"closed","ping_status":"closed","template":"","meta":{"footnotes":""},"_links":{"self":[{"href":"http:\/\/pbe.uem.br\/en\/wp-json\/wp\/v2\/pages\/3628"}],"collection":[{"href":"http:\/\/pbe.uem.br\/en\/wp-json\/wp\/v2\/pages"}],"about":[{"href":"http:\/\/pbe.uem.br\/en\/wp-json\/wp\/v2\/types\/page"}],"author":[{"embeddable":true,"href":"http:\/\/pbe.uem.br\/en\/wp-json\/wp\/v2\/users\/2"}],"replies":[{"embeddable":true,"href":"http:\/\/pbe.uem.br\/en\/wp-json\/wp\/v2\/comments?post=3628"}],"version-history":[{"count":46,"href":"http:\/\/pbe.uem.br\/en\/wp-json\/wp\/v2\/pages\/3628\/revisions"}],"predecessor-version":[{"id":5931,"href":"http:\/\/pbe.uem.br\/en\/wp-json\/wp\/v2\/pages\/3628\/revisions\/5931"}],"wp:attachment":[{"href":"http:\/\/pbe.uem.br\/en\/wp-json\/wp\/v2\/media?parent=3628"}],"curies":[{"name":"wp","href":"https:\/\/api.w.org\/{rel}","templated":true}]}}