{"id":4061,"date":"2018-08-21T08:52:00","date_gmt":"2018-08-21T11:52:00","guid":{"rendered":"http:\/\/pbe.uem.br\/?page_id=4061"},"modified":"2020-02-13T16:57:24","modified_gmt":"2020-02-13T19:57:24","slug":"turma-2015","status":"publish","type":"page","link":"http:\/\/pbe.uem.br\/en\/discentes\/turma-2015\/","title":{"rendered":"[:pb]Turma 2015[:es]Clases 2015[:]"},"content":{"rendered":"[:pb]\n<div class=\"wbz-content-layout\">\n<p>&nbsp;<\/p>\n<table style=\"background-color: #ffffff;\" cellpadding=\"10\">\n<thead>\n<tr style=\"height: 18px;\" align=\"center\">\n<td style=\"text-align: left;\"><span style=\"font-size: medium; color: #000000;\"><strong>Regulars<\/strong><\/span><\/td>\n<td><span style=\"font-size: medium; color: #000000;\"><strong>Research Line\/Advisors<br \/>\n<\/strong><\/span><\/td>\n<td><span style=\"font-size: medium; color: #000000;\"><strong>Lattes<\/strong><\/span><\/td>\n<td><span style=\"font-size: medium; color: #000000;\"><strong>E-mail<\/strong><\/span><\/td>\n<\/tr>\n<tr style=\"height: 18px;\" align=\"center\">\n<td style=\"text-align: left;\"><strong><strong>Diego Barros Caparroz<\/strong><\/strong><\/td>\n<td style=\"text-align: left;\"><strong><strong>Applied statistics\/<span style=\"color: #ff0000;\"><a style=\"color: #ff0000;\" href=\"http:\/\/pbe.uem.br\/en\/elza-kimura\/\">Elza Kimura<\/a><\/span><\/strong><br \/>\n<\/strong><\/td>\n<td><a href=\"http:\/\/buscatextual.cnpq.br\/buscatextual\/visualizacv.do?id=K4408295P4\"><strong><strong><img decoding=\"async\" class=\"aligncenter\" style=\"border: 0px none; margin-top: 0px; margin-bottom: 0px;\" src=\"http:\/\/pbe.uem.br\/wp-content\/uploads\/2013\/05\/lattes_ICON.png\" alt=\"lattes_ICON\" width=\"\u201c16\u201d\" height=\"\u201c16\u201d\" \/><\/strong> <\/strong><\/a><\/td>\n<td style=\"text-align: left;\"><span style=\"color: #888888;\"><strong>holygan_@hotmail.com<\/strong><\/span><\/td>\n<\/tr>\n<tr style=\"height: 18px;\" align=\"center\">\n<td style=\"text-align: left;\"><strong>\u00a0Jos\u00e9 Andr\u00e9 Mota de Queiroz\u00a0<\/strong><\/td>\n<td style=\"text-align: left;\"><strong>Quantitative Methods Applied to Health\/<span style=\"color: #ff0000;\"><a style=\"color: #ff0000;\" title=\"Isolde Previdelli\" href=\"http:\/\/pbe.uem.br\/en\/isolde-previdelli\/\">Isolde Previdelli<\/a><\/span><\/strong><\/td>\n<td>\u00a0<a href=\"http:\/\/buscatextual.cnpq.br\/buscatextual\/visualizacv.do?id=K4123446P1\"><strong><strong><img decoding=\"async\" class=\"aligncenter\" src=\"http:\/\/pbe.uem.br\/wp-content\/uploads\/2013\/05\/lattes_ICON.png\" alt=\"lattes_ICON\" width=\"\u201c16\u201d\" height=\"\u201c16\u201d\" \/><\/strong> <\/strong><\/a><\/td>\n<td style=\"text-align: left;\"><span style=\"color: #888888;\"><strong>joseandrequeiroz@yahoo.com<\/strong><\/span><\/td>\n<\/tr>\n<tr style=\"height: 18px;\" align=\"center\">\n<td style=\"text-align: left;\"><strong>Marcia Lorena Alves dos Santos<\/strong><\/td>\n<td style=\"text-align: left;\"><strong><strong>Applied statistics\/<span style=\"color: #ff0000;\"><a style=\"color: #ff0000;\" title=\"Eniuce Menezes\" href=\"http:\/\/pbe.uem.br\/en\/eniuce-menezes\/\">Eniuce Menezes de Souza<\/a><\/span><\/strong><\/strong><\/td>\n<td><a href=\"http:\/\/buscatextual.cnpq.br\/buscatextual\/visualizacv.do?id=K4407086Y7\"><strong><img decoding=\"async\" class=\"aligncenter\" style=\"border: 0px none; margin-top: 0px; margin-bottom: 0px;\" src=\"http:\/\/pbe.uem.br\/wp-content\/uploads\/2013\/05\/lattes_ICON.png\" alt=\"lattes_ICON\" width=\"\u201c16\u201d\" height=\"\u201c16\u201d\" \/><\/strong><\/a><\/td>\n<td style=\"text-align: left;\"><span style=\"color: #888888;\"><strong>marcialorena16@hotmail.com<\/strong><\/span><\/td>\n<\/tr>\n<tr style=\"height: 18px;\" align=\"center\">\n<td style=\"text-align: left;\"><strong>Marcos Jardel Henriques \u00a0<\/strong><\/td>\n<td style=\"text-align: left;\"><strong><strong><strong><strong><strong><strong><strong><strong><strong>Applied statistics\/<span style=\"color: #ff0000;\"><a style=\"color: #ff0000;\" title=\"Vanderly Janeiro\" href=\"http:\/\/pbe.uem.br\/en\/vanderly-janeiro\/\">Vanderly Janeiro<\/a><\/span><\/strong><\/strong><\/strong><\/strong><\/strong><\/strong><\/strong><\/strong><\/strong><\/td>\n<td><a href=\"http:\/\/buscatextual.cnpq.br\/buscatextual\/visualizacv.do?id=K4424806Y9\"><strong><img decoding=\"async\" class=\"aligncenter\" style=\"border: 0px none; margin-top: 0px; margin-bottom: 0px;\" src=\"http:\/\/pbe.uem.br\/wp-content\/uploads\/2013\/05\/lattes_ICON.png\" alt=\"lattes_ICON\" width=\"\u201c16\u201d\" height=\"\u201c16\u201d\" \/><\/strong><\/a><\/td>\n<td style=\"text-align: left;\"><span style=\"color: #888888;\"><strong>jardel_matematica@hotmail.com<\/strong><\/span><\/td>\n<\/tr>\n<tr style=\"height: 18px;\" align=\"center\">\n<td style=\"text-align: left;\"><strong>Oilson Alberto Gonzatto Junior<\/strong><\/td>\n<td style=\"text-align: left;\"><strong>Applied statistics\/<a title=\"Terezinha Aparecida Guedes\" href=\"http:\/\/pbe.uem.br\/en\/terezinha-aparecida-guedes\/\">Terezinha Aparecida Guedes<\/a><\/strong><\/td>\n<td><a href=\"http:\/\/buscatextual.cnpq.br\/buscatextual\/visualizacv.do?id=K4419424J4\"><strong><img decoding=\"async\" class=\"aligncenter\" style=\"border: 0px none; margin-top: 0px; margin-bottom: 0px;\" src=\"http:\/\/pbe.uem.br\/wp-content\/uploads\/2013\/05\/lattes_ICON.png\" alt=\"lattes_ICON\" width=\"\u201c16\u201d\" height=\"\u201c16\u201d\" \/><\/strong><\/a><\/td>\n<td style=\"text-align: left;\"><span style=\"color: #888888;\"><strong>oilson.agjr@gmail.com<\/strong><\/span><\/td>\n<\/tr>\n<tr style=\"height: 18px;\" align=\"center\">\n<td style=\"text-align: left;\"><strong>Paulo Vitor da Costa Pereira<\/strong><\/td>\n<td style=\"text-align: left;\"><strong>Quantitative Methods Applied to Health\/<span style=\"color: #ff0000;\"><a style=\"color: #ff0000;\" title=\"Isolde Previdelli\" href=\"http:\/\/pbe.uem.br\/en\/isolde-previdelli\/\">Isolde Previdelli<\/a><\/span><\/strong><\/td>\n<td><a href=\"http:\/\/buscatextual.cnpq.br\/buscatextual\/visualizacv.do?id=K8716767Y6\"><img decoding=\"async\" loading=\"lazy\" class=\"aligncenter\" src=\"http:\/\/pbe.uem.br\/wp-content\/uploads\/2013\/05\/lattes_ICON.png\" alt=\"lattes_ICON\" width=\"16\" height=\"16\" \/><\/a><\/td>\n<td style=\"text-align: left;\"><span style=\"color: #888888;\"><strong>paulo3883@gmail.com<\/strong><\/span><\/td>\n<\/tr>\n<tr style=\"height: 18px;\" align=\"center\">\n<td style=\"text-align: left;\"><strong>Ricardo Puziol de Oliveira<\/strong><\/td>\n<td style=\"text-align: left;\"><strong>Quantitative Methods Applied to Health\/<a title=\"Josmar Mazucheli\" href=\"http:\/\/pbe.uem.br\/en\/josmar-mazucheli\/\">Josmar Mazucheli<\/a><\/strong><\/td>\n<td><a href=\"http:\/\/buscatextual.cnpq.br\/buscatextual\/visualizacv.do?id=K4499788Z6\"><strong><img decoding=\"async\" class=\"aligncenter\" style=\"border: 0px none; margin-top: 0px; margin-bottom: 0px;\" src=\"http:\/\/pbe.uem.br\/wp-content\/uploads\/2013\/05\/lattes_ICON.png\" alt=\"lattes_ICON\" width=\"\u201c16\u201d\" height=\"\u201c16\u201d\" \/><\/strong><\/a><\/td>\n<td style=\"text-align: left;\"><span style=\"color: #888888;\"><strong>rpuziol.oliveira@gmail.com<\/strong><\/span><\/td>\n<\/tr>\n<tr style=\"height: 18px;\" align=\"center\">\n<td style=\"text-align: left;\"><strong>Tiago Peres da Silva Suguiura<\/strong><\/td>\n<td style=\"text-align: left;\"><strong>Applied statistics\/<span style=\"color: #ff0000;\"><a style=\"color: #ff0000;\" title=\"Isolde Previdelli\" href=\"http:\/\/pbe.uem.br\/en\/isolde-previdelli\/\">Isolde Previdelli<\/a><\/span><\/strong><\/td>\n<td><a href=\"http:\/\/buscatextual.cnpq.br\/buscatextual\/visualizacv.do?id=K4293112P6\"><img decoding=\"async\" loading=\"lazy\" class=\"aligncenter\" src=\"http:\/\/pbe.uem.br\/wp-content\/uploads\/2013\/05\/lattes_ICON.png\" alt=\"lattes_ICON\" width=\"16\" height=\"16\" \/><\/a><\/td>\n<td style=\"text-align: left;\"><span style=\"color: #888888;\"><strong>tiago.suguiura@gmail.com<\/strong><\/span><\/td>\n<\/tr>\n<\/thead>\n<\/table>\n<p>&nbsp;<\/p>\n<\/div>\n<p>&nbsp;[:es]\n<div class=\"wbz-content-layout\">\n<p>&nbsp;<\/p>\n<table style=\"background-color: #ffffff;\" cellpadding=\"10\">\n<thead>\n<tr style=\"height: 18px;\" align=\"center\">\n<td style=\"text-align: left;\"><span style=\"font-size: medium; color: #000000;\"><strong>Regulars<\/strong><\/span><\/td>\n<td><span style=\"font-size: medium; color: #000000;\"><strong>L\u00edneas de Investigaci\u00f3n\/Orientadores<br \/>\n<\/strong><\/span><\/td>\n<td><span style=\"font-size: medium; color: #000000;\"><strong>Lattes<\/strong><\/span><\/td>\n<td><span style=\"font-size: medium; color: #000000;\"><strong>E-mail<\/strong><\/span><\/td>\n<\/tr>\n<tr style=\"height: 18px;\" align=\"center\">\n<td style=\"text-align: left;\"><strong><strong>Diego Barros Caparroz<\/strong><\/strong><\/td>\n<td style=\"text-align: left;\"><strong><strong>Applied statistics\/<span style=\"color: #ff0000;\"><a style=\"color: #ff0000;\" href=\"http:\/\/pbe.uem.br\/en\/elza-kimura\/\">Elza Kimura<\/a><\/span><\/strong><br \/>\n<\/strong><\/td>\n<td><a href=\"http:\/\/buscatextual.cnpq.br\/buscatextual\/visualizacv.do?id=K4408295P4\"><strong><strong><img decoding=\"async\" class=\"aligncenter\" style=\"border: 0px none; margin-top: 0px; margin-bottom: 0px;\" src=\"http:\/\/pbe.uem.br\/wp-content\/uploads\/2013\/05\/lattes_ICON.png\" alt=\"lattes_ICON\" width=\"\u201c16\u201d\" height=\"\u201c16\u201d\" \/><\/strong> <\/strong><\/a><\/td>\n<td style=\"text-align: left;\"><span style=\"color: #888888;\"><strong>holygan_@hotmail.com<\/strong><\/span><\/td>\n<\/tr>\n<tr style=\"height: 18px;\" align=\"center\">\n<td style=\"text-align: left;\"><strong>\u00a0Jos\u00e9 Andr\u00e9 Mota de Queiroz\u00a0<\/strong><\/td>\n<td style=\"text-align: left;\"><strong>Quantitative Methods Applied to Health\/<span style=\"color: #ff0000;\"><a style=\"color: #ff0000;\" title=\"Isolde Previdelli\" href=\"http:\/\/pbe.uem.br\/en\/isolde-previdelli\/\">Isolde Previdelli<\/a><\/span><\/strong><\/td>\n<td>\u00a0<a href=\"http:\/\/buscatextual.cnpq.br\/buscatextual\/visualizacv.do?id=K4123446P1\"><strong><strong><img decoding=\"async\" class=\"aligncenter\" src=\"http:\/\/pbe.uem.br\/wp-content\/uploads\/2013\/05\/lattes_ICON.png\" alt=\"lattes_ICON\" width=\"\u201c16\u201d\" height=\"\u201c16\u201d\" \/><\/strong> <\/strong><\/a><\/td>\n<td style=\"text-align: left;\"><span style=\"color: #888888;\"><strong>joseandrequeiroz@yahoo.com<\/strong><\/span><\/td>\n<\/tr>\n<tr style=\"height: 18px;\" align=\"center\">\n<td style=\"text-align: left;\"><strong>Marcia Lorena Alves dos Santos<\/strong><\/td>\n<td style=\"text-align: left;\"><strong><strong>Applied statistics\/<span style=\"color: #ff0000;\"><a style=\"color: #ff0000;\" title=\"Eniuce Menezes\" href=\"http:\/\/pbe.uem.br\/en\/eniuce-menezes\/\">Eniuce Menezes de Souza<\/a><\/span><\/strong><\/strong><\/td>\n<td><a href=\"http:\/\/buscatextual.cnpq.br\/buscatextual\/visualizacv.do?id=K4407086Y7\"><strong><img decoding=\"async\" class=\"aligncenter\" style=\"border: 0px none; margin-top: 0px; margin-bottom: 0px;\" src=\"http:\/\/pbe.uem.br\/wp-content\/uploads\/2013\/05\/lattes_ICON.png\" alt=\"lattes_ICON\" width=\"\u201c16\u201d\" height=\"\u201c16\u201d\" \/><\/strong><\/a><\/td>\n<td style=\"text-align: left;\"><span style=\"color: #888888;\"><strong>marcialorena16@hotmail.com<\/strong><\/span><\/td>\n<\/tr>\n<tr style=\"height: 18px;\" align=\"center\">\n<td style=\"text-align: left;\"><strong>Marcos Jardel Henriques \u00a0<\/strong><\/td>\n<td style=\"text-align: left;\"><strong><strong><strong><strong><strong><strong><strong><strong><strong>Applied statistics\/<span style=\"color: #ff0000;\"><a style=\"color: #ff0000;\" title=\"Vanderly Janeiro\" href=\"http:\/\/pbe.uem.br\/en\/vanderly-janeiro\/\">Vanderly Janeiro<\/a><\/span><\/strong><\/strong><\/strong><\/strong><\/strong><\/strong><\/strong><\/strong><\/strong><\/td>\n<td><a href=\"http:\/\/buscatextual.cnpq.br\/buscatextual\/visualizacv.do?id=K4424806Y9\"><strong><img decoding=\"async\" class=\"aligncenter\" style=\"border: 0px none; margin-top: 0px; margin-bottom: 0px;\" src=\"http:\/\/pbe.uem.br\/wp-content\/uploads\/2013\/05\/lattes_ICON.png\" alt=\"lattes_ICON\" width=\"\u201c16\u201d\" height=\"\u201c16\u201d\" \/><\/strong><\/a><\/td>\n<td style=\"text-align: left;\"><span style=\"color: #888888;\"><strong>jardel_matematica@hotmail.com<\/strong><\/span><\/td>\n<\/tr>\n<tr style=\"height: 18px;\" align=\"center\">\n<td style=\"text-align: left;\"><strong>Oilson Alberto Gonzatto Junior<\/strong><\/td>\n<td style=\"text-align: left;\"><strong>Applied statistics\/<a title=\"Terezinha Aparecida Guedes\" href=\"http:\/\/pbe.uem.br\/en\/terezinha-aparecida-guedes\/\">Terezinha Aparecida Guedes<\/a><\/strong><\/td>\n<td><a href=\"http:\/\/buscatextual.cnpq.br\/buscatextual\/visualizacv.do?id=K4419424J4\"><strong><img decoding=\"async\" class=\"aligncenter\" style=\"border: 0px none; margin-top: 0px; margin-bottom: 0px;\" src=\"http:\/\/pbe.uem.br\/wp-content\/uploads\/2013\/05\/lattes_ICON.png\" alt=\"lattes_ICON\" width=\"\u201c16\u201d\" height=\"\u201c16\u201d\" \/><\/strong><\/a><\/td>\n<td style=\"text-align: left;\"><span style=\"color: #888888;\"><strong>oilson.agjr@gmail.com<\/strong><\/span><\/td>\n<\/tr>\n<tr style=\"height: 18px;\" align=\"center\">\n<td style=\"text-align: left;\"><strong>Paulo Vitor da Costa Pereira<\/strong><\/td>\n<td style=\"text-align: left;\"><strong>Quantitative Methods Applied to Health\/<span style=\"color: #ff0000;\"><a style=\"color: #ff0000;\" title=\"Isolde Previdelli\" href=\"http:\/\/pbe.uem.br\/en\/isolde-previdelli\/\">Isolde Previdelli<\/a><\/span><\/strong><\/td>\n<td><a href=\"http:\/\/buscatextual.cnpq.br\/buscatextual\/visualizacv.do?id=K8716767Y6\"><img decoding=\"async\" loading=\"lazy\" class=\"aligncenter\" src=\"http:\/\/pbe.uem.br\/wp-content\/uploads\/2013\/05\/lattes_ICON.png\" alt=\"lattes_ICON\" width=\"16\" height=\"16\" \/><\/a><\/td>\n<td style=\"text-align: left;\"><span style=\"color: #888888;\"><strong>paulo3883@gmail.com<\/strong><\/span><\/td>\n<\/tr>\n<tr style=\"height: 18px;\" align=\"center\">\n<td style=\"text-align: left;\"><strong>Ricardo Puziol de Oliveira<\/strong><\/td>\n<td style=\"text-align: left;\"><strong>Quantitative Methods Applied to Health\/<a title=\"Josmar Mazucheli\" href=\"http:\/\/pbe.uem.br\/en\/josmar-mazucheli\/\">Josmar Mazucheli<\/a><\/strong><\/td>\n<td><a href=\"http:\/\/buscatextual.cnpq.br\/buscatextual\/visualizacv.do?id=K4499788Z6\"><strong><img decoding=\"async\" class=\"aligncenter\" style=\"border: 0px none; margin-top: 0px; margin-bottom: 0px;\" src=\"http:\/\/pbe.uem.br\/wp-content\/uploads\/2013\/05\/lattes_ICON.png\" alt=\"lattes_ICON\" width=\"\u201c16\u201d\" height=\"\u201c16\u201d\" \/><\/strong><\/a><\/td>\n<td style=\"text-align: left;\"><span style=\"color: #888888;\"><strong>rpuziol.oliveira@gmail.com<\/strong><\/span><\/td>\n<\/tr>\n<tr style=\"height: 18px;\" align=\"center\">\n<td style=\"text-align: left;\"><strong>Tiago Peres da Silva Suguiura<\/strong><\/td>\n<td style=\"text-align: left;\"><strong>Applied statistics\/<span style=\"color: #ff0000;\"><a style=\"color: #ff0000;\" title=\"Isolde Previdelli\" href=\"http:\/\/pbe.uem.br\/en\/isolde-previdelli\/\">Isolde Previdelli<\/a><\/span><\/strong><\/td>\n<td><a href=\"http:\/\/buscatextual.cnpq.br\/buscatextual\/visualizacv.do?id=K4293112P6\"><img decoding=\"async\" loading=\"lazy\" class=\"aligncenter\" src=\"http:\/\/pbe.uem.br\/wp-content\/uploads\/2013\/05\/lattes_ICON.png\" alt=\"lattes_ICON\" width=\"16\" height=\"16\" \/><\/a><\/td>\n<td style=\"text-align: left;\"><span style=\"color: #888888;\"><strong>tiago.suguiura@gmail.com<\/strong><\/span><\/td>\n<\/tr>\n<\/thead>\n<\/table>\n<p>&nbsp;<\/p>\n<\/div>\n<p>&nbsp;[:]","protected":false},"excerpt":{"rendered":"[:pb] &nbsp; Regulares Linha de Pesquisa\/Orientadores Lattes E-mail Diego Barros Caparroz Estat\u00edstica Aplicada\/Elza Kimura holygan_@hotmail.com \u00a0Jos\u00e9 Andr\u00e9 Mota de Queiroz\u00a0 M\u00e9todos Quantitativos Aplicados \u00e0 Sa\u00fade\/Isolde Previdelli \u00a0 joseandrequeiroz@yahoo.com Marcia Lorena Alves dos Santos Estat\u00edstica Aplicada\/Eniuce Menezes de Souza marcialorena16@hotmail.com Marcos Jardel Henriques \u00a0 Estat\u00edstica Aplicada\/Vanderly Janeiro jardel_matematica@hotmail.com Oilson Alberto Gonzatto Junior Estat\u00edstica Aplicada\/Terezinha Aparecida Guedes [&#8230;]","protected":false},"author":2,"featured_media":0,"parent":1237,"menu_order":3,"comment_status":"closed","ping_status":"closed","template":"","meta":{"footnotes":""},"_links":{"self":[{"href":"http:\/\/pbe.uem.br\/en\/wp-json\/wp\/v2\/pages\/4061"}],"collection":[{"href":"http:\/\/pbe.uem.br\/en\/wp-json\/wp\/v2\/pages"}],"about":[{"href":"http:\/\/pbe.uem.br\/en\/wp-json\/wp\/v2\/types\/page"}],"author":[{"embeddable":true,"href":"http:\/\/pbe.uem.br\/en\/wp-json\/wp\/v2\/users\/2"}],"replies":[{"embeddable":true,"href":"http:\/\/pbe.uem.br\/en\/wp-json\/wp\/v2\/comments?post=4061"}],"version-history":[{"count":1,"href":"http:\/\/pbe.uem.br\/en\/wp-json\/wp\/v2\/pages\/4061\/revisions"}],"predecessor-version":[{"id":4062,"href":"http:\/\/pbe.uem.br\/en\/wp-json\/wp\/v2\/pages\/4061\/revisions\/4062"}],"up":[{"embeddable":true,"href":"http:\/\/pbe.uem.br\/en\/wp-json\/wp\/v2\/pages\/1237"}],"wp:attachment":[{"href":"http:\/\/pbe.uem.br\/en\/wp-json\/wp\/v2\/media?parent=4061"}],"curies":[{"name":"wp","href":"https:\/\/api.w.org\/{rel}","templated":true}]}}