{"id":470,"date":"2023-10-16T00:00:37","date_gmt":"2023-10-16T03:00:37","guid":{"rendered":"http:\/\/pbe.uem.br\/?page_id=470"},"modified":"2026-03-30T18:45:46","modified_gmt":"2026-03-30T21:45:46","slug":"disciplinas","status":"publish","type":"page","link":"http:\/\/pbe.uem.br\/en\/disciplinas\/","title":{"rendered":"Subjects"},"content":{"rendered":"<section class=\"section\" id=\"section_493851726\">\n\t\t<div class=\"bg section-bg fill bg-fill\" >\n\n\t\t\t\n\t\t\t\n\t\t\t\n\n\t\t<\/div>\n\n\t\t\n\n\t\t<div class=\"section-content relative\">\n\t\t\t\n<div class=\"row\"  id=\"row-93054683\">\n\n\t<div id=\"col-1373760982\" class=\"col small-12 large-12\"  >\n\t\t\t\t<div class=\"col-inner\"  >\n\t\t\t\n\t\t\t\n<div class=\"container section-title-container\" ><h2 class=\"section-title section-title-normal\"><b><\/b><span class=\"section-title-main\" style=\"color:rgb(179, 0, 0);\">Subjects<\/span><b><\/b><\/h2><\/div>\n<p class=\"MsoNoSpacing\"><span style=\"color: #cc0000; font-size: medium;\"><strong>Disciplinas Obrigat\u00f3rias &#8211; Mestrado<br \/><\/strong><\/span><strong><span style=\"font-size: small;\"><a href=\"http:\/\/pbe.uem.br\/wp-content\/uploads\/2026\/03\/DES4018-Introducao-a-Inferencia-Estatistica-Aprovada-em-28-01-2025-Ata-096-1.pdf\" target=\"_blank\" rel=\"noopener noreferrer\"><img decoding=\"async\" loading=\"lazy\" style=\"border: 0px; margin: 0px;\" src=\"http:\/\/pbe.uem.br\/wp-content\/uploads\/2013\/05\/download4-150x150.png\" alt=\"\" width=\"19\" height=\"17\" \/><\/a> DES4018 &#8211; Introdu\u00e7\u00e3o \u00e0 Infer\u00eancia Estat\u00edstica (4 cr\u00e9ditos) &#8211; Mestrado <br \/><span style=\"font-size: small;\"><a href=\"http:\/\/pbe.uem.br\/wp-content\/uploads\/2013\/05\/Estat\u00edstica-Computacional-Aplicada-\u00e0-Bioestat\u00edstica.pdf\" target=\"_blank\" rel=\"noopener noreferrer\"><img decoding=\"async\" loading=\"lazy\" style=\"border: 0px; margin: 0px;\" src=\"http:\/\/pbe.uem.br\/wp-content\/uploads\/2013\/05\/download4-150x150.png\" alt=\"\" width=\"19\" height=\"17\" \/><\/a> DES4020 &#8211;<\/span><\/span><span style=\"font-size: small;\"><span style=\"font-size: small;\"> Estat\u00edstica Computacional Aplicada \u00e0 Bioestat\u00edstica (4 cr\u00e9ditos) &#8211; Mestrado<br \/><a href=\"http:\/\/pbe.uem.br\/wp-content\/uploads\/2013\/05\/4021-Metodologia-de-Pesquisa-Cient%C3%ADfica.pdf\"><img decoding=\"async\" loading=\"lazy\" style=\"border: 0px; margin: 0px;\" src=\"http:\/\/pbe.uem.br\/wp-content\/uploads\/2013\/05\/download4-150x150.png\" alt=\"\" width=\"19\" height=\"17\" \/><\/a> DES4021 &#8211; Metodologia de Pesquisa Cient\u00edfica (2 cr\u00e9ditos)<br \/><a href=\"http:\/\/pbe.uem.br\/wp-content\/uploads\/2013\/05\/4026-Modelos-Lineares-Generalizados.pdf\"><img decoding=\"async\" loading=\"lazy\" style=\"border: 0px; margin: 0px;\" src=\"http:\/\/pbe.uem.br\/wp-content\/uploads\/2013\/05\/download4-150x150.png\" alt=\"\" width=\"19\" height=\"17\" \/><\/a> DES4026 &#8211; Modelos Lineares Generalizados (4 cr\u00e9ditos)<\/span><\/span><span style=\"font-size: small;\"><span style=\"font-size: small;\"><br \/><span style=\"font-size: small;\"><a href=\"http:\/\/pbe.uem.br\/wp-content\/uploads\/2021\/09\/DES4059-Metodos-Estatisticos-Epidemiologicos-Prof.-Siqueira-Aprovada-alteracoes-na-reuniao-do-dia-09-03-2021-Ata-071.doc\"><img decoding=\"async\" loading=\"lazy\" style=\"border: 0px; margin: 0px;\" src=\"http:\/\/pbe.uem.br\/wp-content\/uploads\/2013\/05\/download4-150x150.png\" alt=\"\" width=\"19\" height=\"17\" \/><\/a> DES4059 &#8211; M\u00e9todos Estat\u00edsticos Epidemiol\u00f3gicos (2 cr\u00e9ditos) &#8211; Mestrado<span style=\"font-size: small;\"><br \/><a href=\"http:\/\/pbe.uem.br\/wp-content\/uploads\/2020\/01\/DES4060-Bioestat%C3%ADstica-2018-Aprovado-em-15-02-2018.pdf\"><img decoding=\"async\" loading=\"lazy\" style=\"border: 0px; margin: 0px;\" src=\"http:\/\/pbe.uem.br\/wp-content\/uploads\/2013\/05\/download4-150x150.png\" alt=\"\" width=\"19\" height=\"17\" \/><\/a> DES4060 &#8211; Bioestat\u00edstica (4 cr\u00e9ditos) &#8211; Mestrado<br \/><\/span><\/span><\/span><\/span><\/strong><strong><span style=\"font-size: small;\">\u00a0<\/span><\/strong><\/p>\n<p><strong><span style=\"font-size: small;\"><span style=\"color: #cc0000; font-size: medium;\">Disciplinas Obrigat\u00f3rias &#8211; Doutorado<br \/><\/span><\/span><\/strong><strong><span style=\"font-size: small;\"><a href=\"http:\/\/pbe.uem.br\/wp-content\/uploads\/2013\/05\/4026-Modelos-Lineares-Generalizados.pdf\"><img decoding=\"async\" loading=\"lazy\" style=\"border: 0px; margin: 0px;\" src=\"http:\/\/pbe.uem.br\/wp-content\/uploads\/2013\/05\/download4-150x150.png\" alt=\"\" width=\"19\" height=\"17\" \/><\/a> DES4026 &#8211; Modelos Lineares Generalizados (4 cr\u00e9ditos)<br \/><\/span><\/strong><strong><span style=\"font-size: small;\"><a href=\"http:\/\/pbe.uem.br\/wp-content\/uploads\/2020\/01\/DES4069-Modelos-de-Regress%C3%A3o-Lineares-e-N%C3%A3o-Lineares-Aprovado-em-reuni%C3%A3o-do-dia-10-09-2019-Ata-062.pdf\"><img decoding=\"async\" loading=\"lazy\" style=\"border: 0px; margin: 0px;\" src=\"http:\/\/pbe.uem.br\/wp-content\/uploads\/2013\/05\/download4-150x150.png\" alt=\"\" width=\"19\" height=\"17\" \/><\/a> DES4069 &#8211; Modelos de Regress\u00e3o Lineares e N\u00e3o Lineares (4 cr\u00e9ditos) &#8211; Doutorado<br \/><img decoding=\"async\" loading=\"lazy\" style=\"border: 0px; margin: 0px;\" src=\"http:\/\/pbe.uem.br\/wp-content\/uploads\/2013\/05\/download4-150x150.png\" alt=\"\" width=\"19\" height=\"17\" \/> DES5003 &#8211; Bioestat\u00edstica II (4 cr\u00e9ditos) &#8211; Doutorado<br \/><a href=\"http:\/\/pbe.uem.br\/wp-content\/uploads\/2025\/12\/DES5004-Seminarios-I.pdf\"><img decoding=\"async\" loading=\"lazy\" style=\"border: 0px; margin: 0px;\" src=\"http:\/\/pbe.uem.br\/wp-content\/uploads\/2013\/05\/download4-150x150.png\" alt=\"\" width=\"19\" height=\"17\" \/><\/a> DES5004 &#8211; Semin\u00e1rios I (1 cr\u00e9dito) &#8211; Doutorado<br \/><a href=\"http:\/\/pbe.uem.br\/wp-content\/uploads\/2025\/12\/DES5005-Seminarios-II.pdf\"><img decoding=\"async\" loading=\"lazy\" style=\"border: 0px; margin: 0px;\" src=\"http:\/\/pbe.uem.br\/wp-content\/uploads\/2013\/05\/download4-150x150.png\" alt=\"\" width=\"19\" height=\"17\" \/><\/a> DES5005 &#8211; Semin\u00e1rios II (1 cr\u00e9dito) &#8211; Doutorado<br \/><a href=\"http:\/\/pbe.uem.br\/wp-content\/uploads\/2025\/12\/DES5006-Probabilidade-e-Inferencia.pdf\"><img decoding=\"async\" loading=\"lazy\" style=\"border: 0px; margin: 0px;\" src=\"http:\/\/pbe.uem.br\/wp-content\/uploads\/2013\/05\/download4-150x150.png\" alt=\"\" width=\"19\" height=\"17\" \/><\/a> DES5006 &#8211; Probabilidade e Infer\u00eancia (6 cr\u00e9ditos) &#8211; Doutorado<\/span><\/strong><\/p>\n<p>\u00a0<\/p>\n<p class=\"MsoNoSpacing\"><span style=\"color: #cc0000; font-size: medium;\"><strong>Disciplinas optativas (Mestrado e Doutorado)<\/strong><\/span><strong><span style=\"font-size: small;\"><br \/><a href=\"http:\/\/pbe.uem.br\/wp-content\/uploads\/2013\/05\/DES4017-Introdu%C3%A7%C3%A3o-%C3%A0-%C3%81lgebra-Linear-e-C%C3%A1lculo-Aprovado-em-10-10-2017.pdf\" target=\"_blank\" rel=\"noopener noreferrer\"><img decoding=\"async\" loading=\"lazy\" style=\"border: 0px; margin: 0px;\" src=\"http:\/\/pbe.uem.br\/wp-content\/uploads\/2013\/05\/download4-150x150.png\" alt=\"\" width=\"19\" height=\"17\" \/><\/a> DES4017 &#8211; Introdu\u00e7\u00e3o \u00e0 \u00c1lgebra Linear e C\u00e1lculo\u00a0 (3 cr\u00e9ditos) &#8211; Mestrado<br \/><a href=\"http:\/\/pbe.uem.br\/wp-content\/uploads\/2013\/05\/4022-Estagio-Doc%C3%AAncia.pdf\"><img decoding=\"async\" loading=\"lazy\" style=\"border: 0px; margin: 0px;\" src=\"http:\/\/pbe.uem.br\/wp-content\/uploads\/2013\/05\/download4-150x150.png\" alt=\"\" width=\"19\" height=\"17\" \/><\/a> DES4022 &#8211; Est\u00e1gio Doc\u00eancia \u2013 (2 cr\u00e9ditos) &#8211; Mestrado<\/span><\/strong><br \/><strong><span style=\"font-size: small;\"><a href=\"http:\/\/pbe.uem.br\/wp-content\/uploads\/2013\/05\/4027-Analise-de-Dados-Longitudinais-2014-1.pdf\"><img decoding=\"async\" loading=\"lazy\" style=\"border: 0px; margin: 0px;\" src=\"http:\/\/pbe.uem.br\/wp-content\/uploads\/2013\/05\/download4-150x150.png\" alt=\"\" width=\"19\" height=\"17\" \/><\/a> DES4027 &#8211; An\u00e1lise de Dados Longitudinais (4 cr\u00e9ditos) &#8211; Mestrado e Doutorado<\/span><\/strong><br \/><strong><span style=\"font-size: small;\"><a href=\"http:\/\/pbe.uem.br\/wp-content\/uploads\/2013\/05\/4028-Analise-de-Dados-Categ%C3%B3ricos-1.pdf\"><img decoding=\"async\" loading=\"lazy\" style=\"border: 0px; margin: 0px;\" src=\"http:\/\/pbe.uem.br\/wp-content\/uploads\/2013\/05\/download4-150x150.png\" alt=\"\" width=\"19\" height=\"17\" \/><\/a> DES4028 &#8211; An\u00e1lise de Dados Categ\u00f3ricos (4 cr\u00e9ditos) &#8211; Mestrado e Doutorado<\/span><\/strong><br \/><strong><span style=\"font-size: small;\"><a href=\"http:\/\/pbe.uem.br\/wp-content\/uploads\/2013\/05\/4029-Estat%C3%ADstica-N%C3%A3o-Param%C3%A9trica-1.pdf\"><img decoding=\"async\" loading=\"lazy\" style=\"border: 0px; margin: 0px;\" src=\"http:\/\/pbe.uem.br\/wp-content\/uploads\/2013\/05\/download4-150x150.png\" alt=\"\" width=\"19\" height=\"17\" \/><\/a> DES4029 &#8211; Estat\u00edstica N\u00e3o-Param\u00e9trica (3 cr\u00e9ditos) &#8211; Mestrado e Doutorado<\/span><\/strong><br \/><strong><span style=\"font-size: small;\"><a href=\"http:\/\/pbe.uem.br\/wp-content\/uploads\/2013\/05\/4030-Planejamento-e-Analise-de-Experimentos-Biologicos.pdf\" target=\"_blank\" rel=\"noopener noreferrer\"><img decoding=\"async\" loading=\"lazy\" style=\"border: 0px; margin: 0px;\" src=\"http:\/\/pbe.uem.br\/wp-content\/uploads\/2013\/05\/download4-150x150.png\" alt=\"\" width=\"19\" height=\"17\" \/><\/a> DES4030 &#8211; Planejamento e An\u00e1lise de Experimentos Biol\u00f3gicos (4 cr\u00e9ditos) &#8211; Mestrado e Doutorado<\/span><\/strong><br \/><strong><span style=\"font-size: small;\"><a href=\"http:\/\/pbe.uem.br\/wp-content\/uploads\/2013\/05\/4031-An%C3%A1lise-de-Sobreviv%C3%AAncia.pdf\"><img decoding=\"async\" loading=\"lazy\" style=\"border: 0px; margin: 0px;\" src=\"http:\/\/pbe.uem.br\/wp-content\/uploads\/2013\/05\/download4-150x150.png\" alt=\"\" width=\"19\" height=\"17\" \/><\/a> DES4031 &#8211; An\u00e1lise de Sobreviv\u00eancia (4 cr\u00e9ditos) &#8211; Mestrado e Doutorado<\/span><\/strong><br \/><strong><span style=\"font-size: small;\"><a href=\"http:\/\/pbe.uem.br\/wp-content\/uploads\/2013\/05\/4032-Modelagem-de-Dados-Espacialmente-Distribu%C3%ADdos-1.pdf\"><img decoding=\"async\" loading=\"lazy\" style=\"border: 0px; margin: 0px;\" src=\"http:\/\/pbe.uem.br\/wp-content\/uploads\/2013\/05\/download4-150x150.png\" alt=\"\" width=\"19\" height=\"17\" \/><\/a> DES4032 &#8211; Modelagem de Dados Espacialmente Distribu\u00eddos (4 cr\u00e9ditos) &#8211; Mestrado e Doutorado<\/span><\/strong><br \/><strong><span style=\"font-size: small;\"><a href=\"http:\/\/pbe.uem.br\/wp-content\/uploads\/2025\/12\/DES_____-Analise-Multivariada-em-Biologia-Antiga-DES4033.pdf\" target=\"_blank\" rel=\"noopener noreferrer\"><img decoding=\"async\" loading=\"lazy\" style=\"border: 0px; margin: 0px;\" src=\"http:\/\/pbe.uem.br\/wp-content\/uploads\/2013\/05\/download4-150x150.png\" alt=\"\" width=\"19\" height=\"17\" \/><\/a> DES4033 &#8211; An\u00e1lise Multivariada em Biologia (4 cr\u00e9ditos) &#8211; Mestrado e Doutorado<br \/><a href=\"http:\/\/pbe.uem.br\/wp-content\/uploads\/2013\/05\/4035-Modelos-Lineares-e-N%C3%A3o-Lineares-Aplicados-%C3%A0-Farmacocin%C3%A9tica-1.pdf\"><img decoding=\"async\" loading=\"lazy\" style=\"border: 0px; margin: 0px;\" src=\"http:\/\/pbe.uem.br\/wp-content\/uploads\/2013\/05\/download4-150x150.png\" alt=\"\" width=\"19\" height=\"17\" \/><\/a> DES4035 &#8211; Modelos Lineares e N\u00e3o-Lineares Aplicados \u00e0 Farmacocin\u00e9tica (alterada para Modelos Farmacocin\u00e9ticos) (1 cr\u00e9dito) &#8211; Mestrado e Doutorado<br \/><a href=\"http:\/\/pbe.uem.br\/wp-content\/uploads\/2013\/05\/4041-S\u00e9ries-Temporais.pdf\" target=\"_blank\" rel=\"noopener noreferrer\"><img decoding=\"async\" loading=\"lazy\" style=\"border: 0px; margin: 0px;\" src=\"http:\/\/pbe.uem.br\/wp-content\/uploads\/2013\/05\/download4-150x150.png\" alt=\"\" width=\"19\" height=\"17\" \/><\/a> DES4041 &#8211; S\u00e9ries Temporais (4 cr\u00e9ditos) &#8211; Mestrado e Doutorado<br \/><a href=\"http:\/\/pbe.uem.br\/wp-content\/uploads\/2013\/04\/4042-Topicos-especiais-Regress\u00e3o-Logistica.pdf\" target=\"_blank\" rel=\"noopener noreferrer\"><img decoding=\"async\" loading=\"lazy\" style=\"border: 0px; margin: 0px;\" src=\"http:\/\/pbe.uem.br\/wp-content\/uploads\/2013\/05\/download4-150x150.png\" alt=\"\" width=\"19\" height=\"17\" \/><\/a> DES4042 &#8211; T\u00f3picos Especiais &#8211; Regress\u00e3o Log\u00edstica (1 cr\u00e9dito) &#8211; Mestrado e Doutorado<\/span><\/strong><br \/><strong><span style=\"font-size: small;\"><a href=\"http:\/\/pbe.uem.br\/wp-content\/uploads\/2022\/05\/4043-Inferencia-Bayesiana-Aplicada-2015-1.doc\"><img decoding=\"async\" loading=\"lazy\" style=\"border: 0px; margin: 0px;\" src=\"http:\/\/pbe.uem.br\/wp-content\/uploads\/2013\/05\/download4-150x150.png\" alt=\"\" width=\"19\" height=\"17\" \/><\/a> DES4043 &#8211; Infer\u00eancia Bayesiana Aplicada (4 cr\u00e9ditos) &#8211; Mestrado e Doutorado<\/span><\/strong><br \/><strong><span style=\"font-size: small;\"><a href=\"http:\/\/pbe.uem.br\/wp-content\/uploads\/2013\/05\/4044-Modelos-Farmacocin%C3%A9ticos-1.pdf\"><img decoding=\"async\" loading=\"lazy\" style=\"border: 0px; margin: 0px;\" src=\"http:\/\/pbe.uem.br\/wp-content\/uploads\/2013\/05\/download4-150x150.png\" alt=\"\" width=\"19\" height=\"17\" \/><\/a> DES4044 &#8211; Modelos Farmacocin\u00e9ticos (1 cr\u00e9dito) &#8211; Mestrado e Doutorado<br \/><a href=\"http:\/\/pbe.uem.br\/wp-content\/uploads\/2013\/05\/4045-Princ%C3%ADpios-de-Amostragem-Aplicada-a-%C3%81rea-da-Sa%C3%BAde-1.pdf\"><img decoding=\"async\" loading=\"lazy\" style=\"border: 0px; margin: 0px;\" src=\"http:\/\/pbe.uem.br\/wp-content\/uploads\/2013\/05\/download4-150x150.png\" alt=\"\" width=\"19\" height=\"17\" \/><\/a> DES4045 &#8211; Princ\u00edpios de Amostragem Aplicada a \u00c1rea da Sa\u00fade (2 cr\u00e9ditos) &#8211; Mestrado e Doutorado<br \/><a href=\"http:\/\/pbe.uem.br\/wp-content\/uploads\/2013\/05\/4046-T%C3%B3picos-Especiais-An%C3%A1lise-de-Equa%C3%A7%C3%B5es-Estruturais.pdf\" target=\"_blank\" rel=\"noopener noreferrer\"><img decoding=\"async\" loading=\"lazy\" style=\"border: 0px; margin: 0px;\" src=\"http:\/\/pbe.uem.br\/wp-content\/uploads\/2013\/05\/download4-150x150.png\" alt=\"\" width=\"19\" height=\"17\" \/><\/a> DES4046 &#8211; T\u00f3picos Especiais &#8211; An\u00e1lise de Equa\u00e7\u00f5es Estruturais (2 cr\u00e9ditos) &#8211; Mestrado e Doutorado<\/span><\/strong><br \/><strong><span style=\"font-size: small;\"><a href=\"http:\/\/pbe.uem.br\/wp-content\/uploads\/2013\/05\/4047-Modelos-Lineares-Generalizados-Avan%C3%A7ados.pdf\" target=\"_blank\" rel=\"noopener noreferrer\"><img decoding=\"async\" loading=\"lazy\" style=\"border: 0px; margin: 0px;\" src=\"http:\/\/pbe.uem.br\/wp-content\/uploads\/2013\/05\/download4-150x150.png\" alt=\"\" width=\"19\" height=\"17\" \/><\/a> DES4047 &#8211; Modelos Lineares Generalizados Avan\u00e7ados (2 cr\u00e9ditos) &#8211; Mestrado e Doutorado<\/span><\/strong><br \/><strong><span style=\"font-size: small;\"><a href=\"http:\/\/pbe.uem.br\/wp-content\/uploads\/2013\/05\/DES4051-English-Scientific-Communication.pdf\"><img decoding=\"async\" loading=\"lazy\" style=\"border: 0px; margin: 0px;\" src=\"http:\/\/pbe.uem.br\/wp-content\/uploads\/2013\/05\/download4-150x150.png\" alt=\"\" width=\"19\" height=\"17\" \/><\/a> DES4051 &#8211; <em>English Scientific Communication<\/em> (1 cr\u00e9dito) &#8211; Mestrado e Doutorado<\/span><\/strong><br \/><strong><span style=\"font-size: small;\"><a href=\"http:\/\/pbe.uem.br\/wp-content\/uploads\/2013\/05\/DES4052-Obten%C3%A7%C3%A3o-e-Gerenciamento-de-Dados-Epidemiol%C3%B3gicos-e-Socioambientais-de-Reposit%C3%B3rios-na-Web-aprovado-em-14-04-2016-1.pdf\" target=\"_blank\" rel=\"noopener noreferrer\"><img decoding=\"async\" loading=\"lazy\" style=\"border: 0px; margin: 0px;\" src=\"http:\/\/pbe.uem.br\/wp-content\/uploads\/2013\/05\/download4-150x150.png\" alt=\"\" width=\"19\" height=\"17\" \/><\/a> DES4052 &#8211; Obten\u00e7\u00e3o e gerenciamento de dados epidemiol\u00f3gicos e socioambientais de reposit\u00f3rios\u00a0 na Web (1 cr\u00e9dito) &#8211; Mestrado e Doutorado<br \/><a href=\"http:\/\/pbe.uem.br\/wp-content\/uploads\/2013\/05\/DES4058-Estat%C3%ADstica-e-Probabilidade-Aprovado-em-10-10-2017.pdf\"><img decoding=\"async\" loading=\"lazy\" style=\"border: 0px; margin: 0px;\" src=\"http:\/\/pbe.uem.br\/wp-content\/uploads\/2013\/05\/download4-150x150.png\" alt=\"\" width=\"19\" height=\"17\" \/><\/a> DES4058 &#8211; Estat\u00edstica e Probabilidade (3 cr\u00e9ditos) &#8211; Mestrado<br \/><a href=\"http:\/\/pbe.uem.br\/wp-content\/uploads\/2019\/01\/DES4063-Inferencia-Avan%C3%A7ada-Aprovada-em-12-07-2018.pdf\" target=\"_blank\" rel=\"noopener noreferrer\"><img decoding=\"async\" loading=\"lazy\" style=\"border: 0px; margin: 0px;\" src=\"http:\/\/pbe.uem.br\/wp-content\/uploads\/2013\/05\/download4-150x150.png\" alt=\"\" width=\"19\" height=\"17\" \/><\/a> DES4063 &#8211; Infer\u00eancia Avan\u00e7ada (2 cr\u00e9ditos) &#8211; Mestrado e Doutorado<br \/><a href=\"http:\/\/pbe.uem.br\/wp-content\/uploads\/2020\/01\/DES4068-T%C3%B3picos-Especiais-Machine-Learning-Aprovado-em-reuni%C3%A3o-do-dia-10-09-2019-Ata-062-1.pdf\"><img decoding=\"async\" loading=\"lazy\" style=\"border: 0px; margin: 0px;\" src=\"http:\/\/pbe.uem.br\/wp-content\/uploads\/2013\/05\/download4-150x150.png\" alt=\"\" width=\"19\" height=\"17\" \/><\/a> DES4068 &#8211; T\u00f3picos Especiais &#8211; <em>Machine Learning<\/em> (2 cr\u00e9ditos) &#8211; Mestrado e Doutorado<\/span><\/strong><br \/><strong><span style=\"font-size: small;\"><a href=\"http:\/\/pbe.uem.br\/wp-content\/uploads\/2021\/09\/DES4074-Psicometria-em-R-e-Mplus-PBE-UEM-Aprovado-em-reuniao-do-dia-10-03-2021-Ata-072-1.docx\" target=\"_blank\" rel=\"noopener noreferrer\"><img decoding=\"async\" loading=\"lazy\" style=\"border: 0px; margin: 0px;\" src=\"http:\/\/pbe.uem.br\/wp-content\/uploads\/2013\/05\/download4-150x150.png\" alt=\"\" width=\"19\" height=\"17\" \/><\/a> DES4074 &#8211; Psicometria em R e Mplus (2 cr\u00e9ditos) &#8211; Mestrado e Doutorado<\/span><\/strong><span style=\"font-size: small;\"><strong><br \/><a href=\"http:\/\/pbe.uem.br\/wp-content\/uploads\/2022\/10\/DES4076-Introduction-to-machine-learning-with-applications-Aprovada-em-03-05-2022-Ata-079.pdf\" target=\"_blank\" rel=\"noopener noreferrer\"><img decoding=\"async\" loading=\"lazy\" style=\"border: 0px; margin: 0px;\" src=\"http:\/\/pbe.uem.br\/wp-content\/uploads\/2013\/05\/download4-150x150.png\" alt=\"\" width=\"19\" height=\"17\" \/><\/a> DES4076 &#8211; <em>Introduction to machine learning with applications<\/em> (3 cr\u00e9ditos) &#8211; Mestrado e Doutorado<br \/><a href=\"http:\/\/pbe.uem.br\/wp-content\/uploads\/2025\/10\/DES4078-Analise-de-sobrevivencia-Bayesiana-com-Stan.pdf\" target=\"_blank\" rel=\"noopener noreferrer\"><img decoding=\"async\" loading=\"lazy\" style=\"border: 0px; margin: 0px;\" src=\"http:\/\/pbe.uem.br\/wp-content\/uploads\/2013\/05\/download4-150x150.png\" alt=\"\" width=\"19\" height=\"17\" \/><\/a> DES4078 &#8211; An\u00e1lise de sobreviv\u00eancia Bayesiana com Stan (1 cr\u00e9dito) &#8211; Mestrado e Doutorado<br \/><a href=\"http:\/\/pbe.uem.br\/wp-content\/uploads\/2025\/10\/DES4079-Mineracao-de-Dados-Massivos.pdf\" target=\"_blank\" rel=\"noopener noreferrer\"> <img decoding=\"async\" loading=\"lazy\" style=\"border: 0px; margin: 0px;\" src=\"http:\/\/pbe.uem.br\/wp-content\/uploads\/2013\/05\/download4-150x150.png\" alt=\"\" width=\"19\" height=\"17\" \/><\/a> DES4079 &#8211; Minera\u00e7\u00e3o de Dados Massivos (2 cr\u00e9ditos) &#8211; Mestrado e Doutorado<br \/><a href=\"http:\/\/pbe.uem.br\/wp-content\/uploads\/2025\/10\/DES4080-Modelos-Aditivos-Generalizados-en-Bioestadistica.pdf\"><img decoding=\"async\" loading=\"lazy\" style=\"border: 0px; margin: 0px;\" src=\"http:\/\/pbe.uem.br\/wp-content\/uploads\/2013\/05\/download4-150x150.png\" alt=\"\" width=\"19\" height=\"17\" \/><\/a> DES4080 &#8211; Modelos Aditivos Generalizados en Bioestad\u00edstica (2 cr\u00e9ditos) &#8211; Mestrado e Doutorado <\/strong><\/span><\/p>\n\t\t<\/div>\n\t\t\t\t\t<\/div>\n\n\t\n<\/div>\n\t\t<\/div>\n\n\t\t\n<style>\n#section_493851726 {\n  padding-top: 30px;\n  padding-bottom: 30px;\n}\n#section_493851726 .section-bg.bg-loaded {\n  background-image: url(http:\/\/pbe.uem.br\/wp-content\/uploads\/2023\/10\/fundo-site-min.png);\n}\n#section_493851726 .section-bg {\n  background-position: 0% 0%;\n}\n<\/style>\n\t<\/section>","protected":false},"excerpt":{"rendered":"","protected":false},"author":1313,"featured_media":0,"parent":0,"menu_order":9,"comment_status":"closed","ping_status":"closed","template":"","meta":{"footnotes":""},"_links":{"self":[{"href":"http:\/\/pbe.uem.br\/en\/wp-json\/wp\/v2\/pages\/470"}],"collection":[{"href":"http:\/\/pbe.uem.br\/en\/wp-json\/wp\/v2\/pages"}],"about":[{"href":"http:\/\/pbe.uem.br\/en\/wp-json\/wp\/v2\/types\/page"}],"author":[{"embeddable":true,"href":"http:\/\/pbe.uem.br\/en\/wp-json\/wp\/v2\/users\/1313"}],"replies":[{"embeddable":true,"href":"http:\/\/pbe.uem.br\/en\/wp-json\/wp\/v2\/comments?post=470"}],"version-history":[{"count":243,"href":"http:\/\/pbe.uem.br\/en\/wp-json\/wp\/v2\/pages\/470\/revisions"}],"predecessor-version":[{"id":6114,"href":"http:\/\/pbe.uem.br\/en\/wp-json\/wp\/v2\/pages\/470\/revisions\/6114"}],"wp:attachment":[{"href":"http:\/\/pbe.uem.br\/en\/wp-json\/wp\/v2\/media?parent=470"}],"curies":[{"name":"wp","href":"https:\/\/api.w.org\/{rel}","templated":true}]}}