{"id":471,"date":"2023-10-16T00:00:38","date_gmt":"2023-10-16T03:00:38","guid":{"rendered":"http:\/\/pbe.uem.br\/?page_id=471"},"modified":"2026-02-09T16:34:09","modified_gmt":"2026-02-09T19:34:09","slug":"inscricoes","status":"publish","type":"page","link":"http:\/\/pbe.uem.br\/en\/inscricoes\/","title":{"rendered":"Inscri\u00e7\u00f5es Mestrado e Doutorado"},"content":{"rendered":"<section class=\"section\" id=\"section_1318072493\">\n\t\t<div class=\"bg section-bg fill bg-fill\" >\n\n\t\t\t\n\t\t\t\n\t\t\t\n\n\t\t<\/div>\n\n\t\t\n\n\t\t<div class=\"section-content relative\">\n\t\t\t\n<div class=\"row\"  id=\"row-582522252\">\n\n\t<div id=\"col-1380537178\" class=\"col small-12 large-12\"  >\n\t\t\t\t<div class=\"col-inner\"  >\n\t\t\t\n\t\t\t\n<div class=\"container section-title-container\" ><h2 class=\"section-title section-title-normal\"><b><\/b><span class=\"section-title-main\" style=\"color:rgb(179, 0, 0);\">Registrations<\/span><b><\/b><\/h2><\/div>\n<div class=\"wbz-content-layout\">\n<div class=\"wbz-content-layout-row\">\n<div class=\"wbz-layout-cell layout-item-0\" style=\"width: 100%;\">\n<p><a href=\"http:\/\/pbe.uem.br\/wp-content\/uploads\/2025\/12\/Inscricoes-dos-cursos-de-Mestrado-e-Doutorado-do-PBE-PRORROGADAS-2026.png\"><img decoding=\"async\" loading=\"lazy\" class=\"alignnone size-medium wp-image-6032\" src=\"http:\/\/pbe.uem.br\/wp-content\/uploads\/2025\/12\/Inscricoes-dos-cursos-de-Mestrado-e-Doutorado-do-PBE-PRORROGADAS-2026-212x300.png\" alt=\"\" width=\"212\" height=\"300\" srcset=\"http:\/\/pbe.uem.br\/wp-content\/uploads\/2025\/12\/Inscricoes-dos-cursos-de-Mestrado-e-Doutorado-do-PBE-PRORROGADAS-2026-212x300.png 212w, http:\/\/pbe.uem.br\/wp-content\/uploads\/2025\/12\/Inscricoes-dos-cursos-de-Mestrado-e-Doutorado-do-PBE-PRORROGADAS-2026-724x1024.png 724w, http:\/\/pbe.uem.br\/wp-content\/uploads\/2025\/12\/Inscricoes-dos-cursos-de-Mestrado-e-Doutorado-do-PBE-PRORROGADAS-2026-768x1086.png 768w, http:\/\/pbe.uem.br\/wp-content\/uploads\/2025\/12\/Inscricoes-dos-cursos-de-Mestrado-e-Doutorado-do-PBE-PRORROGADAS-2026-1086x1536.png 1086w, http:\/\/pbe.uem.br\/wp-content\/uploads\/2025\/12\/Inscricoes-dos-cursos-de-Mestrado-e-Doutorado-do-PBE-PRORROGADAS-2026-8x12.png 8w, http:\/\/pbe.uem.br\/wp-content\/uploads\/2025\/12\/Inscricoes-dos-cursos-de-Mestrado-e-Doutorado-do-PBE-PRORROGADAS-2026.png 1414w\" sizes=\"(max-width: 212px) 100vw, 212px\" \/><\/a><\/p>\n<p><span style=\"color: #000000;\"><strong>Podem candidatar-se ao Mestrado em Bioestat\u00edstica:<\/strong><\/span><\/p>\n<p>-Professionals in the areas of Statistics, Mathematics, Health, Medical and Biological Sciences, as well as Biomedicine, Environmental and Agricultural Engineering and professionals in related areas.<\/p>\n<p><span style=\"color: #000000;\"><strong>Number of vacancies:<\/strong><\/span><\/p>\n<p>-O curso oferecer\u00e1 at\u00e9 15 (quinze) vagas por ano para alunos regulares de ampla concorr\u00eancia, mais 2 (duas) vagas para cotistas (Negros e Ind\u00edgenas) e mais 1 (uma) para estrangeiros.<\/p>\n<p><span style=\"color: #000000;\">- The <strong>required documents<\/strong> must be sent in digital format to email: <strong>sec-pbe@uem.br<\/strong> (and the subject of the email should be: <strong>Inscri\u00e7\u00e3o do Processo Seletivo PBE\/UEM \u2013 Mestrado 2026 \u2013 Nome do Candidato<\/strong>:<\/span><\/p>\n<p><strong>Required Documents:<\/strong><\/p>\n<ul>\n<li>Registration form for the SIGPOS system of the Academic Affairs Directorate (DAA\/UEM), duly completed, signed and with the 3\u00d74 photo posted, according to the SIGPOS Tutorial available at the link <strong>(document in pdf format)<\/strong>: <span style=\"color: #0000ff;\"><strong><u><a style=\"color: #0000ff;\" href=\"https:\/\/npd.uem.br\/sgipos\/index.zul\" target=\"_blank\" rel=\"noopener\">https:\/\/npd.uem.br\/sgipos\/index.zul<\/a><\/u><\/strong><\/span><\/li>\n<li>Ficha de inscri\u00e7\u00e3o\/informa\u00e7\u00f5es exigidas pelo PBE, conforme <a href=\"http:\/\/pbe.uem.br\/wp-content\/uploads\/2025\/12\/Anexo-V-FICHA-DE-INSCRICAO-\u2013-TURMA-2026.doc\"><strong>Anexo V<\/strong><\/a>;<\/li>\n<li>Copy of undergraduate transcript <strong>(document in PDF format);<\/strong><\/li>\n<li>Copy of birth or marriage certificate <strong>(document in PDF format);<\/strong><\/li>\n<li>Copy of identity card (RG) <strong>(document in PDF format);<\/strong><\/li>\n<li>Copy of CPF <strong>(document in PDF format);<\/strong><\/li>\n<li>Copy of Voter ID <strong>(document in PDF format);<\/strong><\/li>\n<li>Copy of the reservist certificate or exemption from incorporation, for males. <strong>(document in PDF format);<\/strong><\/li>\n<li>C\u00f3pia do Diploma de Gradua\u00e7\u00e3o (frente e verso) <strong>(document in PDF format);<\/strong><\/li>\n<li>C\u00f3pia do Hist\u00f3rico Escolar do curso de gradua\u00e7\u00e3o <strong>(document in PDF format);<\/strong><\/li>\n<li>Curriculum <em>Lattes<\/em> documented with the last 3 (three) years of production <strong>(merge all supporting documents into a single file in PDF format);<\/strong><\/li>\n<li>Two <strong><span style=\"color: #0000ff;\"><a style=\"color: #0000ff;\" href=\"http:\/\/pbe.uem.br\/wp-content\/uploads\/2021\/10\/Modelo-Carta-Recomendacao-2022.doc\" target=\"_blank\" rel=\"noopener\">Letters of Recommendation<\/a><\/span><\/strong> (n\u00e3o obrigat\u00f3rias, e estas dever\u00e3o ser enviadas separadamente pelo professor que for indicar o candidato), conforme modelo dispon\u00edvel nos anexos do <a href=\"http:\/\/pbe.uem.br\/wp-content\/uploads\/2025\/12\/Edital-no-010-2025-PBE-Republicacao-Prorrogacao-das-inscricoes-para-o-processo-seletivo-de-alunos-regulares-do-PBE-Mestrado-2026.pdf\"><strong>Edital n\u00ba 010-2025-PBE &#8211; Republica\u00e7\u00e3o &#8211; Prorroga\u00e7\u00e3o<\/strong><\/a>\u00a0<strong>(documento em formato pdf, via email ou correspond\u00eancia comum)<\/strong><\/li>\n<li>C\u00f3pia do Termo de Autoriza\u00e7\u00e3o p\/ grava\u00e7\u00e3o da entrevista &#8211; <strong>(documento digitalizado em formato pdf);<\/strong><\/li>\n<li><strong><a href=\"http:\/\/pbe.uem.br\/wp-content\/uploads\/2025\/11\/Anexo-I-AUTODECLARACAO-DE-PERTENCIMENTO-ETNICO-RACIAL.doc\">Anexo I<\/a> <\/strong>\u2013 only for self-declared black and indigenous candidates;<\/li>\n<li><strong><a href=\"http:\/\/pbe.uem.br\/wp-content\/uploads\/2025\/11\/Anexo-II-AUTODECLARACAO-DE-PERTENCIMENTO-PESSOA-COM-DEFICIENCIA-PcD.doc\">Anexo II<\/a>\u00a0<\/strong>and <strong><a href=\"http:\/\/pbe.uem.br\/wp-content\/uploads\/2025\/11\/Anexo-III-LAUDO-MEDICO-PARA-INGRESSO-NO-CURSO-DE-POS-GRADUACAO-EM-ADMINISTRACAO-DA-UNIVERSIDADE-ESTADUAL-DE-MARINGA.doc\">Anexo III<\/a><\/strong> \u2013 only for self-declared candidates as Persons with Disabilities (PwD);<\/li>\n<li><strong><a href=\"http:\/\/pbe.uem.br\/wp-content\/uploads\/2025\/12\/Anexo-IV-TABELA-DE-AVALIACAO-DE-CURRICULOS.doc\">Anexo IV<\/a><\/strong>\u00a0&#8211; Tabela de Avalia\u00e7\u00e3o de Curr\u00edculo &#8211; Dever\u00e3o ser anexados, obrigatoriamente, em arquivo \u00fanico, os comprovantes da produ\u00e7\u00e3o arrolada no Curr\u00edculo <em>Lattes<\/em>, a partir de janeiro de 2022.<\/li>\n<li><a href=\"http:\/\/pbe.uem.br\/wp-content\/uploads\/2025\/11\/Anexo-V-FICHA-DE-INSCRICAO-\u2013-TURMA-2026.doc\"><strong>Anexo V<\/strong><\/a> &#8211; Ficha de Inscri\u00e7\u00e3o\/Informa\u00e7\u00f5es &#8211; o candidato ao processo seletivo para aluno regular do Programa de P\u00f3s-Gradua\u00e7\u00e3o em Bioestat\u00edstica \u2013 Turma 2026, devidamente preenchida, assinada e foto 3&#215;4 postada, conforme modelo dispon\u00edvel nos anexos do<strong> <a href=\"http:\/\/pbe.uem.br\/wp-content\/uploads\/2025\/12\/Edital-no-010-2025-PBE-Republicacao-Prorrogacao-das-inscricoes-para-o-processo-seletivo-de-alunos-regulares-do-PBE-Mestrado-2026.pdf\">Edital n\u00ba 010-2025-PBE &#8211; Republica\u00e7\u00e3o &#8211; Prorroga\u00e7\u00e3o<\/a>\u00a0(document in pdf format)<\/strong>;<\/li>\n<li><strong><a href=\"http:\/\/pbe.uem.br\/wp-content\/uploads\/2025\/12\/Anexo-VI-SOLICITACAO-DE-MATRICULA-PROVISORIA-EM-CURSO-DE-POS-GRADUACAO-2025.doc\">Anexo VI<\/a><\/strong> &#8211; Solicita\u00e7\u00e3o de matr\u00edcula provis\u00f3ria em curso de p\u00f3s-gradua\u00e7\u00e3o (Termos de compromisso para entrega de diploma pendente) Este termo \u00e9 necess\u00e1rio para os alunos que j\u00e1 conclu\u00edram a gradua\u00e7\u00e3o, mas ainda n\u00e3o t\u00eam o diploma.<\/li>\n<li><strong><a href=\"http:\/\/pbe.uem.br\/wp-content\/uploads\/2025\/12\/Anexo-VII-CARTA-DE-RECOMENDACAO.doc\">Anexo VII<\/a><\/strong> &#8211; Modelo de Carta de Recomenda\u00e7\u00e3o (n\u00e3o obrigat\u00f3rio), duas <strong><span style=\"color: #0000ff;\"><a style=\"color: #0000ff;\" href=\"http:\/\/pbe.uem.br\/wp-content\/uploads\/2021\/10\/Modelo-Carta-Recomendacao-2022.doc\" target=\"_blank\" rel=\"noopener\">Letters of Recommendation<\/a><\/span><\/strong> (n\u00e3o obrigat\u00f3rias, e estas dever\u00e3o ser enviadas separadamente pelo professor que for indicar o candidato), conforme modelo dispon\u00edvel nos anexos do <a href=\"http:\/\/pbe.uem.br\/wp-content\/uploads\/2025\/12\/Edital-no-010-2025-PBE-Republicacao-Prorrogacao-das-inscricoes-para-o-processo-seletivo-de-alunos-regulares-do-PBE-Mestrado-2026.pdf\"><strong>Edital n\u00ba 010-2025-PBE &#8211; Republica\u00e7\u00e3o &#8211; Prorroga\u00e7\u00e3o<\/strong><\/a>\u00a0<strong>(documento em formato pdf, via email ou correspond\u00eancia comum)<\/strong><\/li>\n<li><strong><a href=\"http:\/\/pbe.uem.br\/wp-content\/uploads\/2025\/12\/Anexo-VIII-TERMO-DE-AUTORIZACAO-PARA-GRAVACAO-DE-ENTREVISTA.doc\">Anexo VIII<\/a><\/strong> &#8211; C\u00f3pia do Termo de Autoriza\u00e7\u00e3o p\/ grava\u00e7\u00e3o da entrevista &#8211; <strong>(documento digitalizado em formato pdf);<\/strong><\/li>\n<\/ul>\n<p><span style=\"color: #ed1c24;\"><strong>Cronograma do Processo Seletivo do PBE\/UEM &#8211; Mestrado 2026<\/strong>:<\/span><\/p>\n<ol>\n<li>Prorroga\u00e7\u00e3o das Inscri\u00e7\u00f5es (on-line): <strong>05\/12\/2025 a 16\/01\/2026<\/strong>;<\/li>\n<li>Deferimento e homologa\u00e7\u00e3o das inscri\u00e7\u00f5es: <strong>19 a 21\/01\/2026<\/strong>;<\/li>\n<li>CV defense period: <strong>02, 03 e 04\/02\/2026<\/strong>;<\/li>\n<li>Disclosure of results: <strong>09\/02\/2025<\/strong>;<\/li>\n<li>Appeal deadline: <strong>11\/02\/2026 a 13\/02\/2026<\/strong>;<\/li>\n<li>Matr\u00edcula dos alunos regulares e n\u00e3o regulares: <strong>16\/02\/2026 a 27\/02\/2026<\/strong>;<\/li>\n<li>Scheduled start of classes: <strong>mar\u00e7o\/2026<\/strong>.<\/li>\n<\/ol>\n<p><strong>Notices:<\/strong><\/p>\n<p><strong><a href=\"http:\/\/pbe.uem.br\/wp-content\/uploads\/2025\/11\/Edital-no-010-2025-PBE-Abre-inscricoes-para-o-processo-seletivo-de-alunos-regulares-do-PBE-Mestrado-2026.pdf\">Edital n\u00ba 010-2025-PBE &#8211; Abre inscri\u00e7\u00f5es para o processo seletivo de alunos regulares do PBE &#8211; Mestrado 2026<\/a><\/strong><\/p>\n<p><strong><a href=\"http:\/\/pbe.uem.br\/wp-content\/uploads\/2025\/12\/Edital-no-010-2025-PBE-Republicacao-Prorrogacao-das-inscricoes-para-o-processo-seletivo-de-alunos-regulares-do-PBE-Mestrado-2026.pdf\">Edital n\u00ba 010-2025-PBE &#8211; Republica\u00e7\u00e3o &#8211; Prorroga\u00e7\u00e3o das inscri\u00e7\u00f5es para o processo seletivo de alunos regulares do PBE &#8211; Mestrado 2026<\/a><\/strong><\/p>\n<p><strong><a href=\"http:\/\/pbe.uem.br\/wp-content\/uploads\/2026\/01\/Edital-no-001-2026-PBE-Homologacao-as-inscricoes-dos-candidatos-ao-processo-seletivo-do-PBE-2026-Nivel-Mestrado.pdf\">Edital n\u00ba 001-2026-PBE &#8211; Homologa\u00e7\u00e3o as inscri\u00e7\u00f5es dos candidatos ao processo seletivo do PBE 2026 &#8211; N\u00edvel &#8211; Mestrado<\/a><\/strong><\/p>\n<p><strong><a href=\"http:\/\/pbe.uem.br\/wp-content\/uploads\/2026\/01\/Edital-no-003-2026-PBE-Encaminha-data-horarios-e-link-para-as-reunioes-de-defesa-de-curriculo-dos-candidatos-ao-mestrado-do-PBE-2026.pdf\">Edital n\u00ba 003-2026-PBE &#8211; Encaminha data, hor\u00e1rios e link para as reuni\u00f5es de defesa de curr\u00edculo dos candidatos ao mestrado do PBE &#8211; 2026<\/a><\/strong><\/p>\n<p><strong><a href=\"http:\/\/pbe.uem.br\/wp-content\/uploads\/2026\/02\/Edital-no-005-2026-PBE-Encaminha-resultado-final-do-processo-seletivo-do-curso-de-Mestrado-do-PBE-Turma-2026.pdf\">Edital n\u00ba 005-2026-PBE &#8211; Encaminha resultado final do processo seletivo do curso de Mestrado do PBE &#8211; Turma 2026<\/a><\/strong><\/p>\n<\/div>\n<\/div>\n<\/div>\n<p>===============================================================================================================================================<\/p>\n<p><a href=\"http:\/\/pbe.uem.br\/wp-content\/uploads\/2025\/12\/Inscricoes-dos-cursos-de-Mestrado-e-Doutorado-do-PBE-PRORROGADAS-2026.png\"><img decoding=\"async\" loading=\"lazy\" class=\"alignnone size-medium wp-image-6032\" src=\"http:\/\/pbe.uem.br\/wp-content\/uploads\/2025\/12\/Inscricoes-dos-cursos-de-Mestrado-e-Doutorado-do-PBE-PRORROGADAS-2026-212x300.png\" alt=\"\" width=\"212\" height=\"300\" srcset=\"http:\/\/pbe.uem.br\/wp-content\/uploads\/2025\/12\/Inscricoes-dos-cursos-de-Mestrado-e-Doutorado-do-PBE-PRORROGADAS-2026-212x300.png 212w, http:\/\/pbe.uem.br\/wp-content\/uploads\/2025\/12\/Inscricoes-dos-cursos-de-Mestrado-e-Doutorado-do-PBE-PRORROGADAS-2026-724x1024.png 724w, http:\/\/pbe.uem.br\/wp-content\/uploads\/2025\/12\/Inscricoes-dos-cursos-de-Mestrado-e-Doutorado-do-PBE-PRORROGADAS-2026-768x1086.png 768w, http:\/\/pbe.uem.br\/wp-content\/uploads\/2025\/12\/Inscricoes-dos-cursos-de-Mestrado-e-Doutorado-do-PBE-PRORROGADAS-2026-1086x1536.png 1086w, http:\/\/pbe.uem.br\/wp-content\/uploads\/2025\/12\/Inscricoes-dos-cursos-de-Mestrado-e-Doutorado-do-PBE-PRORROGADAS-2026-8x12.png 8w, http:\/\/pbe.uem.br\/wp-content\/uploads\/2025\/12\/Inscricoes-dos-cursos-de-Mestrado-e-Doutorado-do-PBE-PRORROGADAS-2026.png 1414w\" sizes=\"(max-width: 212px) 100vw, 212px\" \/><\/a><\/p>\n<p><span style=\"color: #000000;\"><strong>Podem candidatar-se ao Doutorado em Bioestat\u00edstica:<\/strong><\/span><\/p>\n<p>-Professionals in the areas of Statistics, Mathematics, Health, Medical and Biological Sciences, as well as Biomedicine, Environmental and Agricultural Engineering and professionals in related areas.<\/p>\n<p><span style=\"color: #000000;\"><strong>Number of vacancies:<\/strong><\/span><\/p>\n<p>-O curso oferecer\u00e1 at\u00e9 10 (dez) vagas por ano para alunos regulares de ampla concorr\u00eancia, mais 2 (duas) vagas para cotistas (Negros e Ind\u00edgenas), 1 (uma) para Pessoas com Defici\u00eancia (PcD)<b> <\/b>e mais 1 (uma) para estrangeiros.<\/p>\n<p><span style=\"color: #000000;\">- The <strong>required documents<\/strong> must be sent in digital format to email: <strong>sec-pbe@uem.br<\/strong> (and the subject of the email should be: <strong>Inscri\u00e7\u00e3o do Processo Seletivo PBE\/UEM \u2013 Doutorado 2026 \u2013 Nome do Candidato<\/strong>:<\/span><\/p>\n<p><strong>Required Documents:<\/strong><\/p>\n<ul>\n<li>Registration form for the SIGPOS system of the Academic Affairs Directorate (DAA\/UEM), duly completed, signed and with the 3\u00d74 photo posted, according to the SIGPOS Tutorial available at the link <strong>(document in pdf format)<\/strong>: <span style=\"color: #0000ff;\"><strong><u><a style=\"color: #0000ff;\" href=\"https:\/\/npd.uem.br\/sgipos\/index.zul\" target=\"_blank\" rel=\"noopener\">https:\/\/npd.uem.br\/sgipos\/index.zul<\/a><\/u><\/strong><\/span><\/li>\n<li><a href=\"http:\/\/pbe.uem.br\/wp-content\/uploads\/2025\/11\/Anexo-V-FICHA-DE-INSCRICAO-\u2013-DOUTORADO-2025.doc\"><strong>Anexo V<\/strong><\/a> &#8211; Ficha de inscri\u00e7\u00e3o do candidato ao processo seletivo para aluno regular do Programa de P\u00f3s-Gradua\u00e7\u00e3o em Bioestat\u00edstica \u2013 Doutorado &#8211; Turma 2024, devidamente preenchida e assinada,\u00a0conforme modelo dispon\u00edvel nos anexos do <strong> <a href=\"http:\/\/pbe.uem.br\/wp-content\/uploads\/2025\/12\/Edital-no-011-2025-PBE-Republicacao-Prorrogacao-do-processo-seletivo-de-alunos-regulares-do-PBE-Doutorado-2026.pdf\">Edital n\u00ba 011-2025-PBE &#8211; Republica\u00e7\u00e3o &#8211; Prorroga\u00e7\u00e3o<\/a> (document in pdf format)<\/strong>;<\/li>\n<li><strong>(documento digitalizado em formato pdf)<\/strong>;<\/li>\n<li>2 (duas) fotos 3 x 4 <strong>(digitalizadas na Ficha de Inscri\u00e7\u00e3o do Candidato);<\/strong><\/li>\n<li>C\u00f3pia do diploma de gradua\u00e7\u00e3o (frente e verso <strong>(documento digitalizado em formato pdf);<\/strong><\/li>\n<li>C\u00f3pia do diploma de conclus\u00e3o de curso de mestrado (frente e verso) ou documento equivalente oficial (ata de defesa, declara\u00e7\u00e3o ou certificado) emitido pela institui\u00e7\u00e3o de ensino que ateste\/comprove que o(a) candidato(a) concluir\u00e1 o curso de p\u00f3s-gradua\u00e7\u00e3o antes de iniciar o curso de doutorado. Para este \u00faltimo caso, o(a) candidato(a) aprovado(a) na sele\u00e7\u00e3o dever\u00e1 apresentar, para efetiva\u00e7\u00e3o da matr\u00edcula, o Termo de Compromisso fornecido pelo Programa de P\u00f3s-Gradua\u00e7\u00e3o em Administra\u00e7\u00e3o \u2013 UEM, a ser disponibilizado no edital final do Processo Seletivo, atestando que ir\u00e1 apresentar o diploma durante a realiza\u00e7\u00e3o do curso de doutorado. <strong>(documento digitalizado em formato pdf);<\/strong><\/li>\n<li>Copy of undergraduate transcript <strong>(documento digitalizado em formato pdf);<\/strong><\/li>\n<li>C\u00f3pia do hist\u00f3rico escolar do curso de Mestrado <strong>(documento digitalizado em formato pdf);<\/strong><\/li>\n<li>Copy of birth or marriage certificate <strong>(documento digitalizado em formato pdf);<\/strong><\/li>\n<li>Copy of identity card (RG) <strong>(documento digitalizado em formato pdf);<\/strong><\/li>\n<li>Copy of CPF <strong>(documento digitalizado em formato pdf);<\/strong><\/li>\n<li>Copy of Voter ID <strong>(documento digitalizado em formato pdf);<\/strong><\/li>\n<li>Copy of the reservist certificate or exemption from incorporation, for males. <strong>(documento digitalizado em formato pdf);<\/strong><\/li>\n<li>C\u00f3pia Curr\u00edculo Lattes &#8211; Dever\u00e3o ser anexados em campo espec\u00edfico, obrigatoriamente, em arquivo \u00fanico, os comprovantes da produ\u00e7\u00e3o arrolada no Curr\u00edculo a partir de janeiro de 2023, que estejam em conformidade com a\u00a0 <strong><a href=\"http:\/\/pbe.uem.br\/wp-content\/uploads\/2025\/11\/Anexo-IV-TABELA-DE-AVALIACAO-DE-CURRICULO.doc\">TABELA DE AVALIA\u00c7\u00c3O DE CURR\u00cdCULO<\/a><\/strong> dispon\u00edvel no ANEXO IV deste Edital. (Atividades para as quais n\u00e3o sejam apresentados os devidos comprovantes n\u00e3o ser\u00e3o avaliadas) <strong>(documento digitalizado em formato pdf);<\/strong><\/li>\n<li><strong> <a href=\"http:\/\/pbe.uem.br\/wp-content\/uploads\/2025\/11\/Anexo-IV-TABELA-DE-AVALIACAO-DE-CURRICULO.doc\">Anexo IV<\/a><\/strong> \u2013 Tabela de avalia\u00e7\u00e3o do curr\u00edculo preenchida <strong>(documento digitalizado em formato pdf);<\/strong><\/li>\n<li><strong><a href=\"http:\/\/pbe.uem.br\/wp-content\/uploads\/2025\/11\/Anexo-I-AUTODECLARACAO-DE-PERTENCIMENTO-ETNICO-RACIAL-1.doc\">Anexo I<\/a><\/strong> \u2013 somente para candidata(o)s autodeclarada(os) negra(os) e ind\u00edgenas) <strong>(documento digitalizado em formato pdf);<\/strong><\/li>\n<li><strong><a href=\"http:\/\/pbe.uem.br\/wp-content\/uploads\/2025\/11\/Anexo-II-AUTODECLARACAO-DE-PERTENCIMENTO-PESSOA-COM-DEFICIENCIA-PcD-1.doc\">Anexo II<\/a><\/strong> and <a href=\"http:\/\/pbe.uem.br\/wp-content\/uploads\/2025\/11\/Anexo-III-LAUDO-MEDICO-PARA-INGRESSO-NO-CURSO-DE-POS-GRADUACAO-EM-ADMINISTRACAO-DA-UNIVERSIDADE-ESTADUAL-DE-MARINGA-1.doc\"><strong>Anexo III<\/strong><\/a>\u00a0\u2013 somente para candidata(o)s autodeclarada(os) Pessoas com Defici\u00eancia (PcD);) <strong>(documento digitalizado em formato pdf);<\/strong><\/li>\n<li><a href=\"http:\/\/pbe.uem.br\/wp-content\/uploads\/2025\/11\/Anexo-VI-CARTA-DE-RECOMENDACAO-2.doc\"><strong>Anexo VI<\/strong><\/a>\u00a0\u2013 Duas cartas de recomenda\u00e7\u00e3o (n\u00e3o obrigat\u00f3rias) <strong>(documento digitalizado em formato pdf);<\/strong><\/li>\n<li><a href=\"http:\/\/pbe.uem.br\/wp-content\/uploads\/2025\/11\/Anexo-VII-TERMO-DE-AUTORIZACAO-PARA-GRAVACAO-DE-ENTREVISTA.doc\"><strong>Anexo VII<\/strong><\/a> &#8211; C\u00f3pia do Termo de Autoriza\u00e7\u00e3o para grava\u00e7\u00e3o da defesa de projeto <strong>(documento digitalizado em formato pdf);<\/strong><\/li>\n<li><strong><a href=\"http:\/\/pbe.uem.br\/wp-content\/uploads\/2025\/11\/Anexo-VIII-ROTEIRO-PARA-ELABORACAO-DO-PROJETO-DE-PESQUISA.doc\">Anexo VIII<\/a><\/strong> &#8211; Roteiro de Elabora\u00e7\u00e3o de Projeto <strong>(documento digitalizado em formato pdf);<\/strong><\/li>\n<\/ul>\n<p><span style=\"color: #ed1c24;\"><strong>Cronograma do Processo Seletivo do PBE\/UEM &#8211; Doutorado 2026<\/strong>:<\/span><\/p>\n<ol>\n<li>Prorroga\u00e7\u00e3o das Inscri\u00e7\u00f5es (on-line): <strong>05\/12\/2025 a 16\/01\/2026<\/strong>;<\/li>\n<li>Deferimento e homologa\u00e7\u00e3o das inscri\u00e7\u00f5es: <strong>19 a 21\/01\/2026<\/strong>;<\/li>\n<li>CV defense period: <strong>02, 03 e 04\/02\/2026<\/strong>;<\/li>\n<li>Disclosure of results: <strong>09\/02\/2025<\/strong>;<\/li>\n<li>Appeal deadline: <strong>11\/02\/2026 a 13\/02\/2026<\/strong>;<\/li>\n<li>Matr\u00edcula dos alunos regulares e n\u00e3o regulares: <strong>16\/02\/2026 a 27\/02\/2026<\/strong>;<\/li>\n<li>Scheduled start of classes: <strong>mar\u00e7o\/2026<\/strong>.<\/li>\n<\/ol>\n<p><strong>Notices:\u00a0<\/strong><\/p>\n<p><strong><a href=\"http:\/\/pbe.uem.br\/wp-content\/uploads\/2025\/11\/Edital-no-011-2025-PBE-Abre-inscricoes-para-o-processo-seletivo-de-alunos-regulares-do-PBE-Doutorado-2026-1-1.pdf\">Edital n\u00ba 011-2025-PBE &#8211; Abre inscri\u00e7\u00f5es para o processo seletivo de alunos regulares do PBE &#8211; Doutorado 2026<\/a><\/strong><\/p>\n<p><strong><a href=\"http:\/\/pbe.uem.br\/wp-content\/uploads\/2025\/12\/Edital-no-011-2025-PBE-Republicacao-Prorrogacao-do-processo-seletivo-de-alunos-regulares-do-PBE-Doutorado-2026.pdf\">Edital n\u00ba 011-2025-PBE &#8211; Republica\u00e7\u00e3o &#8211; Prorroga\u00e7\u00e3o do processo seletivo de alunos regulares do PBE &#8211; Doutorado 2026<\/a><\/strong><\/p>\n<p><strong><a href=\"http:\/\/pbe.uem.br\/wp-content\/uploads\/2026\/01\/Edital-no-002-2026-PBE-Homologacao-as-inscricoes-dos-candidatos-ao-processo-seletivo-do-PBE-2026-Nivel-Doutorado.pdf\">Edital n\u00ba 002-2026-PBE &#8211; Homologa\u00e7\u00e3o as inscri\u00e7\u00f5es dos candidatos ao processo seletivo do PBE 2026 &#8211; N\u00edvel &#8211; Doutorado<\/a><\/strong><\/p>\n<p><strong><a href=\"http:\/\/pbe.uem.br\/wp-content\/uploads\/2026\/01\/Edital-no-004-2026-PBE-Encaminha-data-horarios-e-link-para-as-reunioes-de-defesa-de-curriculo-para-o-processo-seletivo-do-curso-de-doutorado-do-PBE-Turma-2026.pdf\">Edital n\u00ba 004-2026-PBE &#8211; Encaminha data, hor\u00e1rios e link para as reuni\u00f5es de defesa de curr\u00edculo para o processo seletivo do curso de doutorado do PBE &#8211; Turma 2026<\/a><\/strong><\/p>\n<p><strong><a href=\"http:\/\/pbe.uem.br\/wp-content\/uploads\/2026\/02\/Edital-no-006-2026-PBE-Encaminha-resultado-final-do-processo-seletivo-do-curso-de-doutorado-do-PBE-Turma-2026.pdf\">Edital n\u00ba 006-2026-PBE &#8211; Encaminha resultado final do processo seletivo do curso de doutorado do PBE &#8211; Turma 2026<\/a><\/strong><\/p>\n\t\t<\/div>\n\t\t\t\t\t<\/div>\n\n\t\n<\/div>\n\t\t<\/div>\n\n\t\t\n<style>\n#section_1318072493 {\n  padding-top: 30px;\n  padding-bottom: 30px;\n}\n#section_1318072493 .section-bg.bg-loaded {\n  background-image: url(http:\/\/pbe.uem.br\/wp-content\/uploads\/2023\/10\/fundo-site-min.png);\n}\n#section_1318072493 .section-bg {\n  background-position: 0% 0%;\n}\n<\/style>\n\t<\/section>","protected":false},"excerpt":{"rendered":"","protected":false},"author":1313,"featured_media":0,"parent":0,"menu_order":10,"comment_status":"closed","ping_status":"closed","template":"","meta":{"footnotes":""},"_links":{"self":[{"href":"http:\/\/pbe.uem.br\/en\/wp-json\/wp\/v2\/pages\/471"}],"collection":[{"href":"http:\/\/pbe.uem.br\/en\/wp-json\/wp\/v2\/pages"}],"about":[{"href":"http:\/\/pbe.uem.br\/en\/wp-json\/wp\/v2\/types\/page"}],"author":[{"embeddable":true,"href":"http:\/\/pbe.uem.br\/en\/wp-json\/wp\/v2\/users\/1313"}],"replies":[{"embeddable":true,"href":"http:\/\/pbe.uem.br\/en\/wp-json\/wp\/v2\/comments?post=471"}],"version-history":[{"count":92,"href":"http:\/\/pbe.uem.br\/en\/wp-json\/wp\/v2\/pages\/471\/revisions"}],"predecessor-version":[{"id":6071,"href":"http:\/\/pbe.uem.br\/en\/wp-json\/wp\/v2\/pages\/471\/revisions\/6071"}],"wp:attachment":[{"href":"http:\/\/pbe.uem.br\/en\/wp-json\/wp\/v2\/media?parent=471"}],"curies":[{"name":"wp","href":"https:\/\/api.w.org\/{rel}","templated":true}]}}