{"id":473,"date":"2023-10-16T00:00:40","date_gmt":"2023-10-16T03:00:40","guid":{"rendered":"http:\/\/pbe.uem.br\/?page_id=473"},"modified":"2026-04-09T15:12:59","modified_gmt":"2026-04-09T18:12:59","slug":"documentos","status":"publish","type":"page","link":"http:\/\/pbe.uem.br\/en\/documentos\/","title":{"rendered":"Documents"},"content":{"rendered":"<section class=\"section\" id=\"section_869520435\">\n\t\t<div class=\"bg section-bg fill bg-fill\" >\n\n\t\t\t\n\t\t\t\n\t\t\t\n\n\t\t<\/div>\n\n\t\t\n\n\t\t<div class=\"section-content relative\">\n\t\t\t\n<div class=\"row\"  id=\"row-206917943\">\n\n\t<div id=\"col-1867129646\" class=\"col small-12 large-12\"  >\n\t\t\t\t<div class=\"col-inner\"  >\n\t\t\t\n\t\t\t\n<div class=\"container section-title-container\" ><h2 class=\"section-title section-title-normal\"><b><\/b><span class=\"section-title-main\" style=\"color:rgb(179, 0, 0);\">Documents \/ Downloads<\/span><b><\/b><\/h2><\/div>\n<p><span style=\"font-weight: bold; font-size: medium;\">PBE Regulations, Ordinances and Resolutions:<\/span><\/p>\n<p><a href=\"http:\/\/pbe.uem.br\/wp-content\/uploads\/2024\/04\/Resolucao-015-2024-PBE-Aprova-o-novo-Regulamento-do-PBE-2024.pdf\">Regulamento do PBE &#8211; 2024<\/a> (Mestrado e Doutorado)<\/p>\n<p><a href=\"http:\/\/pbe.uem.br\/wp-content\/uploads\/2025\/10\/Resolucao-no.-098-2025-CCE-Aprova-alteracoes-no-Regulamento-do-PBE-Outubro-2025.pdf\">Novo Regulamento do PBE &#8211; 2025<\/a> (Aprovado em Outubro de 2025, de acordo com as Resolu\u00e7\u00f5es n\u00ba 007\/2025-CEP e 008\/2025-CEP, as quais aprovaram as novas normas para os Regulamentos dos Programas de P\u00f3s-Gradua\u00e7\u00e3o <em>Stricto Sensu<\/em> da Universidade Estadual de Maring\u00e1.<\/p>\n<p>001\/2013 &#8211;\u00a0<a href=\"http:\/\/pbe.uem.br\/wp-content\/uploads\/2013\/05\/Port-001-2013-PBE-Aprova-exame-de-profici\u00eancia-na-l\u00edngua-inglesa.pdf\" target=\"_blank\" rel=\"noopener noreferrer\">English language proficiency exam<\/a><\/p>\n<p>023\/2015 &#8211;\u00a0<a href=\"http:\/\/pbe.uem.br\/wp-content\/uploads\/2013\/05\/Normas-de-Exame-Geral-Qualifica\u00e7\u00e3o.pdf\" rel=\"\">General Qualification Examination Rules<\/a><\/p>\n<p>024\/2015 &#8211;\u00a0<a href=\"http:\/\/pbe.uem.br\/wp-content\/uploads\/2013\/05\/Normas-de-Disserta\u00e7\u00e3o.pdf\" rel=\"\">Dissertation Standards<\/a><\/p>\n<p>017\/2024 &#8211; <a href=\"http:\/\/pbe.uem.br\/wp-content\/uploads\/2024\/04\/Resolucao-017-2024-PBE-Atualiza-a-tabela-de-pontuacao-e-criterios-para-atribuicao-de-creditos-em-atividades-complementares-dos-alunos-regulares-do-PBE.pdf\">Additional activities<\/a><\/p>\n<p>016\/2024 &#8211; <a href=\"http:\/\/pbe.uem.br\/wp-content\/uploads\/2024\/04\/Resolucao-016-2024-PBE-Aprova-o-novo-regulamento-para-concessao-e-manutencao-de-bolsas-dos-alunos-regulares-do-PBE.pdf\">Resolution that approves the rules for granting scholarships<\/a><\/p>\n<p>012\/2020 &#8211; <a href=\"http:\/\/pbe.uem.br\/wp-content\/uploads\/2020\/07\/Resolu\u00e7\u00e3o-012-2020-PBE-Prorroga\u00e7\u00e3o-de-prazos-devido-a-portaria-da-CAPES-sobre-o-Covid_19.pdf\">Resolution that extends deadlines due to the CAPES ordinance on Covid_19<\/a><\/p>\n<p>015\/2020 &#8211; <a href=\"http:\/\/pbe.uem.br\/wp-content\/uploads\/2020\/07\/Resolu\u00e7\u00e3o-015-2020-PBE-Prorroga-o-prazo-para-a-defesa-de-qualifica\u00e7\u00e3o-e-versa-sobre-a-exig\u00eancia-do-exame-de-sufici\u00eancia-em-l\u00edngua-inglesa.pdf\">Resolution that extends the deadline for qualifying defense and addresses the requirement for the English language proficiency exam<\/a><\/p>\n<p>005\/2021 &#8211; <a href=\"http:\/\/pbe.uem.br\/wp-content\/uploads\/2021\/03\/Resolucao-005-2021-PBE-Altera-normas-de-credendiamento-e-descredenciamento-de-professores-permanentes-do-PBE-2021-e-revoga-resolucao-047-2019.pdf\">Resolu\u00e7\u00e3o que altera normas de credenciamento e descredenciamento de professores permanentes do PBE &#8211; 2021 e revoga resolu\u00e7\u00e3o 047-2019<\/a><\/p>\n<p>061\/2025 &#8211; <a href=\"http:\/\/pbe.uem.br\/wp-content\/uploads\/2026\/04\/Resolucao-061-2025-PBE-Aprova-Novo-regulamento-PIF-Bio.pdf\">Resolu\u00e7\u00e3o que aprova o Regulamento do Programa Integrado de Forma\u00e7\u00e3o em Bioestat\u00edstica (PIF-Bio)<\/a><\/p>\n<p><span style=\"font-weight: bold; font-size: medium;\">Forms:<\/span><\/p>\n<p><a href=\"http:\/\/pbe.uem.br\/wp-content\/uploads\/2022\/01\/Declaracao-de-Confirmacao-de-Matricula.doc\">Enrollment Confirmation Declaration<\/a><\/p>\n<p><a href=\"http:\/\/pbe.uem.br\/wp-content\/uploads\/2013\/05\/Ficha-de-Inscri\u00e7\u00e3o-Processo-Seletivo-do-PBE.docx\">Registration Form \u2013 PBE Selection Process<\/a><\/p>\n<p><a href=\"http:\/\/pbe.uem.br\/wp-content\/uploads\/2026\/02\/Requerimento-de-Matricula-de-Aluno-Regular-2026.doc\">Regular Student Enrollment Application<\/a><\/p>\n<p><a href=\"http:\/\/pbe.uem.br\/wp-content\/uploads\/2024\/07\/Requerimento-de-Matricula-de-Aluno-Nao-Regular-2024.doc\">Application for Non-Regular Student Enrollment<\/a><\/p>\n<p><a href=\"http:\/\/pbe.uem.br\/wp-content\/uploads\/2013\/05\/Requerimento-PBE-EGQ.doc\">Application for Qualification Exam-PBE<\/a><\/p>\n<p><a href=\"http:\/\/pbe.uem.br\/wp-content\/uploads\/2013\/05\/Requerimento-para-atendimento-especial.doc\">Request for special assistance<\/a><\/p>\n<p><a href=\"http:\/\/pbe.uem.br\/wp-content\/uploads\/2013\/05\/Requerimento-para-Solicita\u00e7\u00e3o-de-Defesa-de-Disserta\u00e7\u00e3o1.doc\">Application for Dissertation Defense Request<\/a><\/p>\n<p><a href=\"http:\/\/pbe.uem.br\/wp-content\/uploads\/2013\/05\/Formulario-de-estagio-doc\u00eancia-PBE.doc\">Formul\u00e1rio Plano de Est\u00e1gio Doc\u00eancia &#8211; PBE<\/a><\/p>\n<p><a href=\"http:\/\/pbe.uem.br\/wp-content\/uploads\/2024\/07\/Relatorio-de-Estagio-Docencia-do-PBE-Modelo.doc\">Formul\u00e1rio para Relat\u00f3rio de Estagio Doc\u00eancia do PBE<\/a><\/p>\n<p><a href=\"http:\/\/pbe.uem.br\/wp-content\/uploads\/2020\/06\/Formul\u00e1rio-de-solicita\u00e7\u00e3o-de-op\u00e7\u00e3o-de-diploma.doc\">Degree Option Request Form<\/a><\/p>\n<p><a href=\"http:\/\/pbe.uem.br\/wp-content\/uploads\/2020\/06\/Termo-de-autoriza\u00e7\u00e3o-da-bce.docx\">Authorization term for the UEM central library<\/a><\/p>\n<p><a href=\"http:\/\/pbe.uem.br\/wp-content\/uploads\/2024\/07\/TermoCompromissoPosGrad-Brasil-Novo-2024.docx\">Termo de Compromisso para entrega de diploma pendente<\/a><\/p>\n<p>Link do overleaf do modelo LaTeX da estrutura de capa e capa de rosto para disserta\u00e7\u00e3o: <a href=\"https:\/\/www.overleaf.com\/latex\/templates\/pbe-template\/krdjtkfxkcbf\">https:\/\/www.overleaf.com\/latex\/templates\/pbe-template\/krdjtkfxkcbf<\/a><\/p>\n<p><span style=\"font-weight: bold; font-size: medium;\">General Requests:<\/span><\/p>\n<p><a href=\"http:\/\/pbe.uem.br\/wp-content\/uploads\/2024\/07\/Requerimento-Academico-PBE.doc\">Academic Requirement \u2013 PBE<\/a><\/p>\n<p>To request documents, the student must send an email with the <strong>Attached application<\/strong> for the PBE Secretariat \u2013 <b>sec-pbe@uem.br<br \/>\n<\/b><\/p>\n<p><b>The subject of the email should be: <\/b>\u201cDocument Request\u201d<\/p>\n<p>Collect your document from the PBE Secretariat (we do not send it by mail) after at least 3 working days.<\/p>\n\t\t<\/div>\n\t\t\t\t\t<\/div>\n\n\t\n<\/div>\n\t\t<\/div>\n\n\t\t\n<style>\n#section_869520435 {\n  padding-top: 30px;\n  padding-bottom: 30px;\n}\n#section_869520435 .section-bg.bg-loaded {\n  background-image: url(http:\/\/pbe.uem.br\/wp-content\/uploads\/2023\/10\/fundo-site-min.png);\n}\n#section_869520435 .section-bg {\n  background-position: 0% 0%;\n}\n<\/style>\n\t<\/section>","protected":false},"excerpt":{"rendered":"","protected":false},"author":1313,"featured_media":0,"parent":0,"menu_order":12,"comment_status":"closed","ping_status":"closed","template":"","meta":{"footnotes":""},"_links":{"self":[{"href":"http:\/\/pbe.uem.br\/en\/wp-json\/wp\/v2\/pages\/473"}],"collection":[{"href":"http:\/\/pbe.uem.br\/en\/wp-json\/wp\/v2\/pages"}],"about":[{"href":"http:\/\/pbe.uem.br\/en\/wp-json\/wp\/v2\/types\/page"}],"author":[{"embeddable":true,"href":"http:\/\/pbe.uem.br\/en\/wp-json\/wp\/v2\/users\/1313"}],"replies":[{"embeddable":true,"href":"http:\/\/pbe.uem.br\/en\/wp-json\/wp\/v2\/comments?post=473"}],"version-history":[{"count":145,"href":"http:\/\/pbe.uem.br\/en\/wp-json\/wp\/v2\/pages\/473\/revisions"}],"predecessor-version":[{"id":6117,"href":"http:\/\/pbe.uem.br\/en\/wp-json\/wp\/v2\/pages\/473\/revisions\/6117"}],"wp:attachment":[{"href":"http:\/\/pbe.uem.br\/en\/wp-json\/wp\/v2\/media?parent=473"}],"curies":[{"name":"wp","href":"https:\/\/api.w.org\/{rel}","templated":true}]}}