{"id":476,"date":"2023-10-16T00:00:43","date_gmt":"2023-10-16T03:00:43","guid":{"rendered":"http:\/\/pbe.uem.br\/?page_id=476"},"modified":"2023-10-16T21:32:07","modified_gmt":"2023-10-17T00:32:07","slug":"bolsa-de-estudo","status":"publish","type":"page","link":"http:\/\/pbe.uem.br\/en\/inscricoes\/bolsa-de-estudo\/","title":{"rendered":"Scholarship"},"content":{"rendered":"<section class=\"section\" id=\"section_203302177\">\n\t\t<div class=\"bg section-bg fill bg-fill\" >\n\n\t\t\t\n\t\t\t\n\t\t\t\n\n\t\t<\/div>\n\n\t\t\n\n\t\t<div class=\"section-content relative\">\n\t\t\t\n<div class=\"row\"  id=\"row-1338447877\">\n\n\t<div id=\"col-1270096677\" class=\"col small-12 large-12\"  >\n\t\t\t\t<div class=\"col-inner\"  >\n\t\t\t\n\t\t\t\n<div class=\"container section-title-container\" ><h2 class=\"section-title section-title-normal\"><b><\/b><span class=\"section-title-main\" style=\"color:rgb(179, 0, 0);\">Scholarship<\/span><b><\/b><\/h2><\/div>\n<div class=\"wbz-content-layout\">\n<div class=\"wbz-content-layout-row\">\n<div class=\"wbz-layout-cell layout-item-0\" style=\"width: 100%;\">\n<p style=\"text-align: justify;\"><span style=\"font-size: 14px;\">The Graduate Program in Statistics has scholarships granted by the Brazilian federal government agencies Coordination for the Improvement of Higher Education Personnel - CAPES and scholarships granted by PPG - UEM. In addition, scholarships of Funda\u00e7\u00e3o Arauc\u00e1ria de Apoio a Pesquisa do Estado do Paran\u00e1, can be requested by the student advisor, in agreement with the student who is already engaged in research.<\/span><\/p>\n<\/div>\n<\/div>\n<\/div>\n\t\t<\/div>\n\t\t\t\t\t<\/div>\n\n\t\n<\/div>\n\t\t<\/div>\n\n\t\t\n<style>\n#section_203302177 {\n  padding-top: 30px;\n  padding-bottom: 30px;\n}\n#section_203302177 .section-bg.bg-loaded {\n  background-image: url(http:\/\/pbe.uem.br\/wp-content\/uploads\/2023\/10\/fundo-site-min.png);\n}\n<\/style>\n\t<\/section>","protected":false},"excerpt":{"rendered":"","protected":false},"author":1313,"featured_media":0,"parent":471,"menu_order":15,"comment_status":"closed","ping_status":"closed","template":"","meta":{"footnotes":""},"_links":{"self":[{"href":"http:\/\/pbe.uem.br\/en\/wp-json\/wp\/v2\/pages\/476"}],"collection":[{"href":"http:\/\/pbe.uem.br\/en\/wp-json\/wp\/v2\/pages"}],"about":[{"href":"http:\/\/pbe.uem.br\/en\/wp-json\/wp\/v2\/types\/page"}],"author":[{"embeddable":true,"href":"http:\/\/pbe.uem.br\/en\/wp-json\/wp\/v2\/users\/1313"}],"replies":[{"embeddable":true,"href":"http:\/\/pbe.uem.br\/en\/wp-json\/wp\/v2\/comments?post=476"}],"version-history":[{"count":7,"href":"http:\/\/pbe.uem.br\/en\/wp-json\/wp\/v2\/pages\/476\/revisions"}],"predecessor-version":[{"id":5508,"href":"http:\/\/pbe.uem.br\/en\/wp-json\/wp\/v2\/pages\/476\/revisions\/5508"}],"up":[{"embeddable":true,"href":"http:\/\/pbe.uem.br\/en\/wp-json\/wp\/v2\/pages\/471"}],"wp:attachment":[{"href":"http:\/\/pbe.uem.br\/en\/wp-json\/wp\/v2\/media?parent=476"}],"curies":[{"name":"wp","href":"https:\/\/api.w.org\/{rel}","templated":true}]}}