{"id":940,"date":"2013-06-04T15:37:55","date_gmt":"2013-06-04T18:37:55","guid":{"rendered":"http:\/\/pbe.uem.br\/?page_id=940"},"modified":"2018-03-08T10:14:49","modified_gmt":"2018-03-08T13:14:49","slug":"isolde-previdelli","status":"publish","type":"page","link":"http:\/\/pbe.uem.br\/en\/isolde-previdelli\/","title":{"rendered":"Isolde Previdelli"},"content":{"rendered":"[:pb]\n<table class=\"sem-borda\" border=\"0\">\n<tbody>\n<tr>\n<td rowspan=\"4\" align=\"center\"><a href=\"http:\/\/pbe.uem.br\/wp-content\/uploads\/2013\/06\/foto.isolde.jpg\"><img decoding=\"async\" loading=\"lazy\" class=\"alignnone size-full wp-image-1521\" src=\"http:\/\/pbe.uem.br\/wp-content\/uploads\/2013\/06\/foto.isolde.jpg\" alt=\"foto.isolde\" width=\"96\" height=\"96\" \/><\/a><\/td>\n<td><\/td>\n<\/tr>\n<tr>\n<td><strong>Professora Associada<br \/>\n<\/strong><\/td>\n<\/tr>\n<tr>\n<td><\/td>\n<\/tr>\n<tr>\n<td><\/td>\n<\/tr>\n<tr>\n<td><span style=\"color: #000000;\"><strong>\u00c1reas de Interesse: <\/strong><\/span><\/td>\n<td>Bioestat\u00edstica<\/td>\n<\/tr>\n<tr>\n<td><\/td>\n<td>Modelos mistos<\/td>\n<\/tr>\n<tr>\n<td><\/td>\n<td>Joint models<\/td>\n<\/tr>\n<tr>\n<td><\/td>\n<td>An\u00e1lise de dados categ\u00f3ricos<\/td>\n<\/tr>\n<tr>\n<td><\/td>\n<td>Teoria Assint\u00f3tica<\/td>\n<\/tr>\n<tr>\n<td><\/td>\n<td><\/td>\n<\/tr>\n<tr>\n<td><strong><span style=\"color: #000000;\">Grupos de Pesquisa:<\/span><br \/>\n<\/strong><\/td>\n<td><strong>BioModel<\/strong>.<\/td>\n<\/tr>\n<tr>\n<td><\/td>\n<td>Omar Pereira, Felipe Barletta, Paulo Pereira, Beatriz Brum,<\/td>\n<\/tr>\n<tr>\n<td><\/td>\n<td>Tiago Suguiura, Emerson Barili, Matheus Dal Molin,<\/td>\n<\/tr>\n<tr>\n<td><\/td>\n<td>Vin\u00edcius Tosta, Talita Marchiori &#8230;<\/td>\n<\/tr>\n<tr>\n<td><span style=\"color: #000000;\"><strong>Membro Permanente:<\/strong><\/span><\/td>\n<td>Programa de P\u00f3s-Gradua\u00e7\u00e3o em Bioestat\u00edstica &#8211; UEM<\/td>\n<\/tr>\n<tr>\n<td><\/td>\n<td>P\u00f3s-Gradua\u00e7\u00e3o em Odontologia Integrada &#8211; UEM<\/td>\n<\/tr>\n<tr>\n<td><\/td>\n<td><\/td>\n<\/tr>\n<tr>\n<td><\/td>\n<td><\/td>\n<\/tr>\n<tr>\n<td><span style=\"color: #000000;\"><strong>Consultor Ad hoc:<\/strong><\/span><\/td>\n<td><span style=\"line-height: 19px;\"><span style=\"line-height: 19px;\">CAPES\/CNPQ e Funda\u00e7\u00e3o Arauc\u00e1ria<\/span> <\/span><\/td>\n<\/tr>\n<tr>\n<td><\/td>\n<td><\/td>\n<\/tr>\n<tr>\n<td><\/td>\n<td><\/td>\n<\/tr>\n<tr>\n<td><span style=\"color: #000000;\"><strong><strong>Lattes:<\/strong><\/strong><\/span><\/td>\n<td><a href=\"http:\/\/lattes.cnpq.br\/0295127877081690\" target=\"_blank\" rel=\"noopener noreferrer\">http:\/\/lattes.cnpq.br\/0295127877081690<\/a><\/td>\n<\/tr>\n<tr>\n<td><\/td>\n<td><\/td>\n<\/tr>\n<tr>\n<td><\/td>\n<td><\/td>\n<\/tr>\n<tr>\n<td><span style=\"color: #000000;\"><strong>Disciplinas no PBE:<\/strong><\/span><\/td>\n<td><strong><a href=\"https:\/\/biostatistics-uem.github.io\/Bio\/\">Bioestat\u00edstica<\/a><\/strong><\/td>\n<\/tr>\n<tr>\n<td><\/td>\n<td>An\u00e1lise de Dados Longitudinais<\/td>\n<\/tr>\n<tr>\n<td><\/td>\n<td><\/td>\n<\/tr>\n<tr>\n<td><\/td>\n<td><\/td>\n<\/tr>\n<tr>\n<td><span style=\"color: #000000;\"><strong><strong>Contact:<\/strong><\/strong><\/span><\/td>\n<td><span style=\"line-height: 19px;\"><span style=\"line-height: 19px;\">iprevidelli@uem.br | isoldeprevidelli@gmail.com<br \/>\n<\/span><\/span><\/td>\n<\/tr>\n<tr>\n<td><\/td>\n<td><span style=\"line-height: 19px;\"><span style=\"line-height: 19px;\">Sala 202 &#8211; Bloco E90 &#8211; (44) 3011 5350<\/span><\/span><\/td>\n<\/tr>\n<tr>\n<td><\/td>\n<td><span style=\"line-height: 19px;\"><span style=\"line-height: 19px;\">Secretaria PBE (44) 3011 5450<\/span><\/span><\/td>\n<\/tr>\n<tr>\n<td><\/td>\n<td><\/td>\n<\/tr>\n<\/tbody>\n<\/table>\n<p>&nbsp;<\/p>\n<p>&nbsp;[:en]\n<table class=\"sem-borda\" border=\"0\">\n<tbody>\n<tr>\n<td rowspan=\"4\" align=\"center\"><a href=\"http:\/\/pbe.uem.br\/wp-content\/uploads\/2013\/06\/foto.isolde.jpg\"><img decoding=\"async\" loading=\"lazy\" class=\"alignnone size-full wp-image-1521\" src=\"http:\/\/pbe.uem.br\/wp-content\/uploads\/2013\/06\/foto.isolde.jpg\" alt=\"foto.isolde\" width=\"96\" height=\"96\" \/><\/a><\/td>\n<td><\/td>\n<\/tr>\n<tr>\n<td><strong>Professora Associada<br \/>\n<\/strong><\/td>\n<\/tr>\n<tr>\n<td><\/td>\n<\/tr>\n<tr>\n<td><\/td>\n<\/tr>\n<tr>\n<td><span style=\"color: #000000\"><strong>\u00c1reas de Interesse: <\/strong><\/span><\/td>\n<td>Bioestat\u00edstica<\/td>\n<\/tr>\n<tr>\n<td><\/td>\n<td>Modelos de regress\u00e3o<\/td>\n<\/tr>\n<tr>\n<td><\/td>\n<td>An\u00e1lise de dados longitudinais<\/td>\n<\/tr>\n<tr>\n<td><\/td>\n<td>Teoria Assint\u00f3tica<\/td>\n<\/tr>\n<tr>\n<td><\/td>\n<td><\/td>\n<\/tr>\n<tr>\n<td><\/td>\n<td><\/td>\n<\/tr>\n<tr>\n<td><strong><span style=\"color: #000000\">Grupos de Pesquisa:<\/span><br \/>\n<\/strong><\/td>\n<td><a href=\"http:\/\/pbe.uem.br\/en\/english-grupo-isolde-2\/\" target=\"_blank\">Applied statistics<\/a>.<\/td>\n<\/tr>\n<tr>\n<td><\/td>\n<td><\/td>\n<\/tr>\n<tr>\n<td><\/td>\n<td><\/td>\n<\/tr>\n<tr>\n<td><\/td>\n<td><\/td>\n<\/tr>\n<tr>\n<td><span style=\"color: #000000\"><strong>Membro Permanente:<\/strong><\/span><\/td>\n<td>Programa de P\u00f3s-Gradua\u00e7\u00e3o em Bioestat\u00edstica &#8211; UEM &#8211; Desde 2013 (Coordenadora).<\/td>\n<\/tr>\n<tr>\n<td><\/td>\n<td><\/td>\n<\/tr>\n<tr>\n<td><\/td>\n<td><\/td>\n<\/tr>\n<tr>\n<td><\/td>\n<td><\/td>\n<\/tr>\n<tr>\n<td><span style=\"color: #000000\"><strong>Consultor Ad hoc:<\/strong><\/span><\/td>\n<td><span style=\"line-height: 19px\"><span style=\"line-height: 19px\">CAPES<\/span> <\/span><\/td>\n<\/tr>\n<tr>\n<td><\/td>\n<td><\/td>\n<\/tr>\n<tr>\n<td><\/td>\n<td><\/td>\n<\/tr>\n<tr>\n<td><span style=\"color: #000000\"><strong><strong>Lattes:<\/strong><\/strong><\/span><\/td>\n<td><a href=\"http:\/\/lattes.cnpq.br\/0295127877081690\" target=\"_blank\">http:\/\/lattes.cnpq.br\/0295127877081690<\/a><\/td>\n<\/tr>\n<tr>\n<td><\/td>\n<td><\/td>\n<\/tr>\n<tr>\n<td><\/td>\n<td><\/td>\n<\/tr>\n<tr>\n<td><span style=\"color: #000000\"><strong>Disciplinas no PBE:<\/strong><\/span><\/td>\n<td>Bioestat\u00edstica<\/td>\n<\/tr>\n<tr>\n<td><\/td>\n<td>An\u00e1lise de Dados Longitudinais<\/td>\n<\/tr>\n<tr>\n<td><\/td>\n<td><\/td>\n<\/tr>\n<tr>\n<td><\/td>\n<td><\/td>\n<\/tr>\n<tr>\n<td><span style=\"color: #000000\"><strong><strong>Contact:<\/strong><\/strong><\/span><\/td>\n<td><span style=\"line-height: 19px\"><span style=\"line-height: 19px\">iprevidelli@uem.br | isoldeprevidelli@gmail.com<br \/>\n<\/span><\/span><\/td>\n<\/tr>\n<tr>\n<td><\/td>\n<td><span style=\"line-height: 19px\"><span style=\"line-height: 19px\">Sala 202 &#8211; Bloco E90 &#8211; (44) 3011 5350<\/span><\/span><\/td>\n<\/tr>\n<tr>\n<td><\/td>\n<td><span style=\"line-height: 19px\"><span style=\"line-height: 19px\">Secretaria PBE (44) 3011 5450<\/span><\/span><\/td>\n<\/tr>\n<tr>\n<td><\/td>\n<td><\/td>\n<\/tr>\n<\/tbody>\n<\/table>\n<p>&nbsp;<\/p>\n<p>&nbsp;[:]","protected":false},"excerpt":{"rendered":"[:pb] Professora Associada \u00c1reas de Interesse: Bioestat\u00edstica Modelos mistos Joint models An\u00e1lise de dados categ\u00f3ricos Teoria Assint\u00f3tica Grupos de Pesquisa: BioModel. Omar Pereira, Felipe Barletta, Paulo Pereira, Beatriz Brum, Tiago Suguiura, Emerson Barili, Matheus Dal Molin, Vin\u00edcius Tosta, Talita Marchiori &#8230; Membro Permanente: Programa de P\u00f3s-Gradua\u00e7\u00e3o em Bioestat\u00edstica &#8211; UEM P\u00f3s-Gradua\u00e7\u00e3o em Odontologia Integrada &#8211; [&#8230;]","protected":false},"author":2,"featured_media":0,"parent":0,"menu_order":0,"comment_status":"closed","ping_status":"closed","template":"","meta":{"footnotes":""},"_links":{"self":[{"href":"http:\/\/pbe.uem.br\/en\/wp-json\/wp\/v2\/pages\/940"}],"collection":[{"href":"http:\/\/pbe.uem.br\/en\/wp-json\/wp\/v2\/pages"}],"about":[{"href":"http:\/\/pbe.uem.br\/en\/wp-json\/wp\/v2\/types\/page"}],"author":[{"embeddable":true,"href":"http:\/\/pbe.uem.br\/en\/wp-json\/wp\/v2\/users\/2"}],"replies":[{"embeddable":true,"href":"http:\/\/pbe.uem.br\/en\/wp-json\/wp\/v2\/comments?post=940"}],"version-history":[{"count":22,"href":"http:\/\/pbe.uem.br\/en\/wp-json\/wp\/v2\/pages\/940\/revisions"}],"predecessor-version":[{"id":3850,"href":"http:\/\/pbe.uem.br\/en\/wp-json\/wp\/v2\/pages\/940\/revisions\/3850"}],"wp:attachment":[{"href":"http:\/\/pbe.uem.br\/en\/wp-json\/wp\/v2\/media?parent=940"}],"curies":[{"name":"wp","href":"https:\/\/api.w.org\/{rel}","templated":true}]}}