{"id":942,"date":"2013-06-04T15:39:53","date_gmt":"2013-06-04T18:39:53","guid":{"rendered":"http:\/\/pbe.uem.br\/?page_id=942"},"modified":"2014-07-24T11:14:55","modified_gmt":"2014-07-24T14:14:55","slug":"josmar-mazucheli","status":"publish","type":"page","link":"http:\/\/pbe.uem.br\/en\/josmar-mazucheli\/","title":{"rendered":"Josmar Mazucheli"},"content":{"rendered":"<table class=\"sem-borda\" border=\"0\">\n<tbody>\n<tr>\n<td rowspan=\"4\" align=\"center\">\u00a0<a href=\"http:\/\/pbe.uem.br\/wp-content\/uploads\/2013\/06\/Josmar.jpg\"><img decoding=\"async\" loading=\"lazy\" class=\"alignnone size-full wp-image-1599\" alt=\"Josmar\" src=\"http:\/\/pbe.uem.br\/wp-content\/uploads\/2013\/06\/Josmar.jpg\" width=\"160\" height=\"143\" \/><\/a><\/td>\n<td><\/td>\n<\/tr>\n<tr>\n<td><strong>Professor Doutor Associado &#8211; N\u00edvel C<br \/>\n<\/strong><\/td>\n<\/tr>\n<tr>\n<td><\/td>\n<\/tr>\n<tr>\n<td><\/td>\n<\/tr>\n<tr>\n<td><span style=\"color: #000000;\"><strong>\u00c1reas de Interesse: <\/strong><\/span><\/td>\n<td>An\u00e1lise de Sobreviv\u00eancia e Confiabilidade<\/td>\n<\/tr>\n<tr>\n<td><\/td>\n<td>Infer\u00eancia Bayesiana | Estat\u00edstica Computacional<\/td>\n<\/tr>\n<tr>\n<td><\/td>\n<td>Planejamento de Experimentos | An\u00e1lise de Dados<\/td>\n<\/tr>\n<tr>\n<td><\/td>\n<td><\/td>\n<\/tr>\n<tr>\n<td><strong><span style=\"color: #000000;\">Grupos de Pesquisa:<\/span><br \/>\n<\/strong><\/td>\n<td>Estat\u00edstica Computacional<\/td>\n<\/tr>\n<tr>\n<td><\/td>\n<td>An\u00e1lise de Sobreviv\u00eancia \u00e9 Confiabilidade<\/td>\n<\/tr>\n<tr>\n<td><\/td>\n<td><\/td>\n<\/tr>\n<tr>\n<td><\/td>\n<td><\/td>\n<\/tr>\n<tr>\n<td><span style=\"color: #000000;\"><strong>Membro Permanente:<\/strong><\/span><\/td>\n<td>Programa de P\u00f3s-Gradua\u00e7\u00e3o em Bioestat\u00edstica &#8211; UEM &#8211; Desde 2013.<\/td>\n<\/tr>\n<tr>\n<td><\/td>\n<td><\/td>\n<\/tr>\n<tr>\n<td><\/td>\n<td><\/td>\n<\/tr>\n<tr>\n<td><\/td>\n<td><\/td>\n<\/tr>\n<tr>\n<td><\/td>\n<td><\/td>\n<\/tr>\n<tr>\n<td><\/td>\n<td><\/td>\n<\/tr>\n<tr>\n<td><span style=\"color: #000000;\"><strong><strong>Lattes:<\/strong><\/strong><\/span><\/td>\n<td><a href=\"http:\/\/lattes.cnpq.br\/8899185212821611\" target=\"_blank\">http:\/\/lattes.cnpq.br\/8899185212821611<\/a><\/td>\n<\/tr>\n<tr>\n<td><\/td>\n<td><\/td>\n<\/tr>\n<tr>\n<td><\/td>\n<td><\/td>\n<\/tr>\n<tr>\n<td><span style=\"color: #000000;\"><strong>Disciplinas no PBE:<\/strong><\/span><\/td>\n<td>Estat\u00edstica Computacional Aplicada \u00e0 Bioestat\u00edstica<\/td>\n<\/tr>\n<tr>\n<td><\/td>\n<td>An\u00e1lise de Sobreviv\u00eancia<\/td>\n<\/tr>\n<tr>\n<td><\/td>\n<td><\/td>\n<\/tr>\n<tr>\n<td><span style=\"color: #000000;\"><strong><strong>Contact:<\/strong><\/strong><\/span><\/td>\n<td><span style=\"line-height: 19px;\"><span style=\"line-height: 19px;\">jmazucheli@uem.br<br \/>\n<\/span><\/span><\/td>\n<\/tr>\n<tr>\n<td><\/td>\n<td><span style=\"line-height: 19px;\"><span style=\"line-height: 19px;\">Secretaria &#8211; PBE (44) 3011 5450<\/span><\/span><\/td>\n<\/tr>\n<tr>\n<td><\/td>\n<td><\/td>\n<\/tr>\n<\/tbody>\n<\/table>\n<p>&nbsp;<\/p>","protected":false},"excerpt":{"rendered":"<p>\u00a0 Professor Doutor Associado &#8211; N\u00edvel C \u00c1reas de Interesse: An\u00e1lise de Sobreviv\u00eancia e Confiabilidade Infer\u00eancia Bayesiana | Estat\u00edstica Computacional Planejamento de Experimentos | An\u00e1lise de Dados Grupos de Pesquisa: Estat\u00edstica Computacional An\u00e1lise de Sobreviv\u00eancia \u00e9 Confiabilidade Membro Permanente: Programa de P\u00f3s-Gradua\u00e7\u00e3o em Bioestat\u00edstica &#8211; UEM &#8211; Desde 2013. Lattes: http:\/\/lattes.cnpq.br\/8899185212821611 Disciplinas no PBE: Estat\u00edstica [&#8230;]","protected":false},"author":2,"featured_media":0,"parent":0,"menu_order":0,"comment_status":"closed","ping_status":"closed","template":"","meta":{"footnotes":""},"_links":{"self":[{"href":"http:\/\/pbe.uem.br\/en\/wp-json\/wp\/v2\/pages\/942"}],"collection":[{"href":"http:\/\/pbe.uem.br\/en\/wp-json\/wp\/v2\/pages"}],"about":[{"href":"http:\/\/pbe.uem.br\/en\/wp-json\/wp\/v2\/types\/page"}],"author":[{"embeddable":true,"href":"http:\/\/pbe.uem.br\/en\/wp-json\/wp\/v2\/users\/2"}],"replies":[{"embeddable":true,"href":"http:\/\/pbe.uem.br\/en\/wp-json\/wp\/v2\/comments?post=942"}],"version-history":[{"count":5,"href":"http:\/\/pbe.uem.br\/en\/wp-json\/wp\/v2\/pages\/942\/revisions"}],"predecessor-version":[{"id":1600,"href":"http:\/\/pbe.uem.br\/en\/wp-json\/wp\/v2\/pages\/942\/revisions\/1600"}],"wp:attachment":[{"href":"http:\/\/pbe.uem.br\/en\/wp-json\/wp\/v2\/media?parent=942"}],"curies":[{"name":"wp","href":"https:\/\/api.w.org\/{rel}","templated":true}]}}