{"id":951,"date":"2013-06-04T15:44:58","date_gmt":"2013-06-04T18:44:58","guid":{"rendered":"http:\/\/pbe.uem.br\/?page_id=951"},"modified":"2014-07-23T16:25:49","modified_gmt":"2014-07-23T19:25:49","slug":"sergio-seiji-yamada","status":"publish","type":"page","link":"http:\/\/pbe.uem.br\/en\/sergio-seiji-yamada\/","title":{"rendered":"Sergio Seiji Yamada"},"content":{"rendered":"<table class=\"sem-borda\" border=\"0\">\n<tbody>\n<tr>\n<td rowspan=\"4\" align=\"center\"><\/td>\n<td><\/td>\n<\/tr>\n<tr>\n<td><strong>Professor Doutor Adjunto &#8211; N\u00edvel A<br \/>\n<\/strong><\/td>\n<\/tr>\n<tr>\n<td><\/td>\n<\/tr>\n<tr>\n<td><\/td>\n<\/tr>\n<tr>\n<td><span style=\"color: #000000;\"><strong>\u00c1reas de Interesse: <\/strong><\/span><\/td>\n<td>Nefrologia | Terapia Intensiva<\/td>\n<\/tr>\n<tr>\n<td><\/td>\n<td><\/td>\n<\/tr>\n<tr>\n<td><\/td>\n<td><\/td>\n<\/tr>\n<tr>\n<td><\/td>\n<td><\/td>\n<\/tr>\n<tr>\n<td><strong><span style=\"color: #000000;\">Grupos de Pesquisa:<\/span><br \/>\n<\/strong><\/td>\n<td><\/td>\n<\/tr>\n<tr>\n<td><\/td>\n<td><\/td>\n<\/tr>\n<tr>\n<td><\/td>\n<td><\/td>\n<\/tr>\n<tr>\n<td><\/td>\n<td><\/td>\n<\/tr>\n<tr>\n<td><span style=\"color: #000000;\"><strong>Membro Permanente:<\/strong><\/span><\/td>\n<td>Programa de P\u00f3s-Gradua\u00e7\u00e3o em Bioestat\u00edstica &#8211; UEM &#8211; Desde 2013.<\/td>\n<\/tr>\n<tr>\n<td><\/td>\n<td><\/td>\n<\/tr>\n<tr>\n<td><\/td>\n<td><\/td>\n<\/tr>\n<tr>\n<td><\/td>\n<td><\/td>\n<\/tr>\n<tr>\n<td><\/td>\n<td><\/td>\n<\/tr>\n<tr>\n<td><\/td>\n<td><\/td>\n<\/tr>\n<tr>\n<td><span style=\"color: #000000;\"><strong><strong>Lattes:<\/strong><\/strong><\/span><\/td>\n<td><a href=\"http:\/\/lattes.cnpq.br\/1002752521636149\" target=\"_blank\">http:\/\/lattes.cnpq.br\/1002752521636149<\/a><\/td>\n<\/tr>\n<tr>\n<td><\/td>\n<td><\/td>\n<\/tr>\n<tr>\n<td><\/td>\n<td><\/td>\n<\/tr>\n<tr>\n<td><span style=\"color: #000000;\"><strong>Disciplinas no PBE:<\/strong><\/span><\/td>\n<td>Pesquisa Cl\u00ednica<\/td>\n<\/tr>\n<tr>\n<td><\/td>\n<td><\/td>\n<\/tr>\n<tr>\n<td><\/td>\n<td><\/td>\n<\/tr>\n<tr>\n<td><span style=\"color: #000000;\"><strong><strong>Contact:<\/strong><\/strong><\/span><\/td>\n<td><span style=\"line-height: 19px;\"><span style=\"line-height: 19px;\">ssyamada@uem.br<br \/>\n<\/span><\/span><\/td>\n<\/tr>\n<tr>\n<td><\/td>\n<td><span style=\"line-height: 19px;\"><span style=\"line-height: 19px;\">Secretaria &#8211; PBE (44) 3011 5450<\/span><\/span><\/td>\n<\/tr>\n<tr>\n<td><\/td>\n<td><\/td>\n<\/tr>\n<\/tbody>\n<\/table>\n<p>&nbsp;<\/p>","protected":false},"excerpt":{"rendered":"<p>Professor Doutor Adjunto &#8211; N\u00edvel A \u00c1reas de Interesse: Nefrologia | Terapia Intensiva Grupos de Pesquisa: Membro Permanente: Programa de P\u00f3s-Gradua\u00e7\u00e3o em Bioestat\u00edstica &#8211; UEM &#8211; Desde 2013. Lattes: http:\/\/lattes.cnpq.br\/1002752521636149 Disciplinas no PBE: Pesquisa Cl\u00ednica Contato: ssyamada@uem.br Secretaria &#8211; PBE (44) 3011 5450 &nbsp;<\/p>","protected":false},"author":2,"featured_media":0,"parent":0,"menu_order":0,"comment_status":"closed","ping_status":"closed","template":"","meta":{"footnotes":""},"_links":{"self":[{"href":"http:\/\/pbe.uem.br\/en\/wp-json\/wp\/v2\/pages\/951"}],"collection":[{"href":"http:\/\/pbe.uem.br\/en\/wp-json\/wp\/v2\/pages"}],"about":[{"href":"http:\/\/pbe.uem.br\/en\/wp-json\/wp\/v2\/types\/page"}],"author":[{"embeddable":true,"href":"http:\/\/pbe.uem.br\/en\/wp-json\/wp\/v2\/users\/2"}],"replies":[{"embeddable":true,"href":"http:\/\/pbe.uem.br\/en\/wp-json\/wp\/v2\/comments?post=951"}],"version-history":[{"count":3,"href":"http:\/\/pbe.uem.br\/en\/wp-json\/wp\/v2\/pages\/951\/revisions"}],"predecessor-version":[{"id":1579,"href":"http:\/\/pbe.uem.br\/en\/wp-json\/wp\/v2\/pages\/951\/revisions\/1579"}],"wp:attachment":[{"href":"http:\/\/pbe.uem.br\/en\/wp-json\/wp\/v2\/media?parent=951"}],"curies":[{"name":"wp","href":"https:\/\/api.w.org\/{rel}","templated":true}]}}