{"id":953,"date":"2013-06-04T15:46:17","date_gmt":"2013-06-04T18:46:17","guid":{"rendered":"http:\/\/pbe.uem.br\/?page_id=953"},"modified":"2015-10-09T15:11:05","modified_gmt":"2015-10-09T18:11:05","slug":"taqueco-teruya-uchimura","status":"publish","type":"page","link":"http:\/\/pbe.uem.br\/en\/taqueco-teruya-uchimura\/","title":{"rendered":"Taqueco Teruya Uchimura"},"content":{"rendered":"<table class=\"sem-borda\" border=\"0\">\n<tbody>\n<tr>\n<td rowspan=\"4\" align=\"center\"><\/td>\n<td><\/td>\n<\/tr>\n<tr>\n<td><strong>Professora Doutora Associado &#8211; Bolsa S\u00eanior<br \/>\n<\/strong><\/td>\n<\/tr>\n<tr>\n<td><\/td>\n<\/tr>\n<tr>\n<td><\/td>\n<\/tr>\n<tr>\n<td><\/td>\n<td><\/td>\n<\/tr>\n<tr>\n<td><strong>\u00c1reas de Interesse: <\/strong><\/td>\n<td>Ci\u00eancias da Sa\u00fade<\/td>\n<\/tr>\n<tr>\n<td><\/td>\n<td><\/td>\n<\/tr>\n<tr>\n<td><\/td>\n<td><\/td>\n<\/tr>\n<tr>\n<td><strong><span style=\"color: #000000;\">Grupos de Pesquisa:<\/span><br \/>\n<\/strong><\/td>\n<td>Investiga\u00e7\u00e3o em Sa\u00fade<\/td>\n<\/tr>\n<tr>\n<td><\/td>\n<td>Gest\u00e3o do Cuidado<\/td>\n<\/tr>\n<tr>\n<td><\/td>\n<td><\/td>\n<\/tr>\n<tr>\n<td><\/td>\n<td><\/td>\n<\/tr>\n<tr>\n<td><span style=\"color: #000000;\"><strong>Membro Permanente:<\/strong><\/span><\/td>\n<td>Programa de P\u00f3s-Gradua\u00e7\u00e3o em Bioestat\u00edstica &#8211; UEM &#8211; Desde 2013.<\/td>\n<\/tr>\n<tr>\n<td><\/td>\n<td><\/td>\n<\/tr>\n<tr>\n<td><\/td>\n<td><\/td>\n<\/tr>\n<tr>\n<td><\/td>\n<td><\/td>\n<\/tr>\n<tr>\n<td><\/td>\n<td><\/td>\n<\/tr>\n<tr>\n<td><\/td>\n<td><\/td>\n<\/tr>\n<tr>\n<td><span style=\"color: #000000;\"><strong><strong>Lattes:<\/strong><\/strong><\/span><\/td>\n<td><a href=\"http:\/\/lattes.cnpq.br\/1143063965948368\" target=\"_blank\">http:\/\/lattes.cnpq.br\/1143063965948368<\/a><\/td>\n<\/tr>\n<tr>\n<td><\/td>\n<td><\/td>\n<\/tr>\n<tr>\n<td><\/td>\n<td><\/td>\n<\/tr>\n<tr>\n<td><span style=\"color: #000000;\"><strong>Disciplinas no PBE:<\/strong><\/span><\/td>\n<td>Epidemiologia<\/td>\n<\/tr>\n<tr>\n<td><\/td>\n<td>T\u00f3picos Especiais em Bioestat\u00edstica<\/td>\n<\/tr>\n<tr>\n<td><\/td>\n<td><\/td>\n<\/tr>\n<tr>\n<td><span style=\"color: #000000;\"><strong><strong>Contact:<\/strong><\/strong><\/span><\/td>\n<td><span style=\"line-height: 19px;\"><span style=\"line-height: 19px;\">taqueco@gmail.com<br \/>\n<\/span><\/span><\/td>\n<\/tr>\n<tr>\n<td><\/td>\n<td><span style=\"line-height: 19px;\"><span style=\"line-height: 19px;\">Secretaria &#8211; PBE (44) 3011 5450<\/span><\/span><\/td>\n<\/tr>\n<tr>\n<td><\/td>\n<td><\/td>\n<\/tr>\n<\/tbody>\n<\/table>\n<p>&nbsp;<\/p>","protected":false},"excerpt":{"rendered":"<p>Professora Doutora Associado &#8211; Bolsa S\u00eanior \u00c1reas de Interesse: Ci\u00eancias da Sa\u00fade Grupos de Pesquisa: Investiga\u00e7\u00e3o em Sa\u00fade Gest\u00e3o do Cuidado Membro Permanente: Programa de P\u00f3s-Gradua\u00e7\u00e3o em Bioestat\u00edstica &#8211; UEM &#8211; Desde 2013. Lattes: http:\/\/lattes.cnpq.br\/1143063965948368 Disciplinas no PBE: Epidemiologia T\u00f3picos Especiais em Bioestat\u00edstica Contato: taqueco@gmail.com Secretaria &#8211; PBE (44) 3011 5450 &nbsp;<\/p>","protected":false},"author":2,"featured_media":0,"parent":0,"menu_order":0,"comment_status":"closed","ping_status":"closed","template":"","meta":{"footnotes":""},"_links":{"self":[{"href":"http:\/\/pbe.uem.br\/en\/wp-json\/wp\/v2\/pages\/953"}],"collection":[{"href":"http:\/\/pbe.uem.br\/en\/wp-json\/wp\/v2\/pages"}],"about":[{"href":"http:\/\/pbe.uem.br\/en\/wp-json\/wp\/v2\/types\/page"}],"author":[{"embeddable":true,"href":"http:\/\/pbe.uem.br\/en\/wp-json\/wp\/v2\/users\/2"}],"replies":[{"embeddable":true,"href":"http:\/\/pbe.uem.br\/en\/wp-json\/wp\/v2\/comments?post=953"}],"version-history":[{"count":4,"href":"http:\/\/pbe.uem.br\/en\/wp-json\/wp\/v2\/pages\/953\/revisions"}],"predecessor-version":[{"id":2290,"href":"http:\/\/pbe.uem.br\/en\/wp-json\/wp\/v2\/pages\/953\/revisions\/2290"}],"wp:attachment":[{"href":"http:\/\/pbe.uem.br\/en\/wp-json\/wp\/v2\/media?parent=953"}],"curies":[{"name":"wp","href":"https:\/\/api.w.org\/{rel}","templated":true}]}}