{"id":955,"date":"2013-06-04T15:47:06","date_gmt":"2013-06-04T18:47:06","guid":{"rendered":"http:\/\/pbe.uem.br\/?page_id=955"},"modified":"2014-07-24T11:15:44","modified_gmt":"2014-07-24T14:15:44","slug":"terezinha-aparecida-guedes","status":"publish","type":"page","link":"http:\/\/pbe.uem.br\/en\/terezinha-aparecida-guedes\/","title":{"rendered":"Terezinha Aparecida Guedes"},"content":{"rendered":"<table class=\"sem-borda\" border=\"0\">\n<tbody>\n<tr>\n<td rowspan=\"4\" align=\"center\"><a href=\"http:\/\/pbe.uem.br\/wp-content\/uploads\/2013\/06\/Terezinha.jpg\"><img decoding=\"async\" loading=\"lazy\" class=\"alignnone size-full wp-image-1601\" alt=\"Terezinha\" src=\"http:\/\/pbe.uem.br\/wp-content\/uploads\/2013\/06\/Terezinha.jpg\" width=\"160\" height=\"143\" \/><\/a><\/td>\n<td><\/td>\n<\/tr>\n<tr>\n<td><strong>Professora Doutora Associado &#8211; N\u00edvel C<\/strong><\/td>\n<\/tr>\n<tr>\n<td><\/td>\n<\/tr>\n<tr>\n<td><\/td>\n<\/tr>\n<tr>\n<td><span style=\"color: #000000;\"><strong>\u00c1reas de Interesse: <\/strong><\/span><\/td>\n<td>Probabilidade e Estat\u00edstica Aplicadas<\/td>\n<\/tr>\n<tr>\n<td><\/td>\n<td>Planejamento de Experimentos<\/td>\n<\/tr>\n<tr>\n<td><\/td>\n<td>An\u00e1lise Multivariada | Regress\u00e3o e Correla\u00e7\u00e3o<\/td>\n<\/tr>\n<tr>\n<td><\/td>\n<td><\/td>\n<\/tr>\n<tr>\n<td><strong><span style=\"color: #000000;\">Grupos de Pesquisa:<\/span><br \/>\n<\/strong><\/td>\n<td>Estat\u00edstica e Probabilidade Aplicadas<\/td>\n<\/tr>\n<tr>\n<td><\/td>\n<td><\/td>\n<\/tr>\n<tr>\n<td><\/td>\n<td><\/td>\n<\/tr>\n<tr>\n<td><\/td>\n<td><\/td>\n<\/tr>\n<tr>\n<td><span style=\"color: #000000;\"><strong>Membro Permanente:<\/strong><\/span><\/td>\n<td>Programa de P\u00f3s-Gradua\u00e7\u00e3o em Bioestat\u00edstica &#8211; UEM &#8211; Desde 2013.<\/td>\n<\/tr>\n<tr>\n<td><\/td>\n<td><\/td>\n<\/tr>\n<tr>\n<td><\/td>\n<td><\/td>\n<\/tr>\n<tr>\n<td><\/td>\n<td><\/td>\n<\/tr>\n<tr>\n<td><\/td>\n<td><\/td>\n<\/tr>\n<tr>\n<td><\/td>\n<td><\/td>\n<\/tr>\n<tr>\n<td><span style=\"color: #000000;\"><strong><strong>Lattes:<\/strong><\/strong><\/span><\/td>\n<td><a href=\"http:\/\/lattes.cnpq.br\/2401840367940163\" target=\"_blank\">http:\/\/lattes.cnpq.br\/2401840367940163<\/a><\/td>\n<\/tr>\n<tr>\n<td><\/td>\n<td><\/td>\n<\/tr>\n<tr>\n<td><\/td>\n<td><\/td>\n<\/tr>\n<tr>\n<td><span style=\"color: #000000;\"><strong>Disciplinas no PBE:<\/strong><\/span><\/td>\n<td>Introdu\u00e7\u00e3o \u00e0 Infer\u00eancia Estat\u00edstica | Modelos de Regress\u00e3o<\/td>\n<\/tr>\n<tr>\n<td><\/td>\n<td>An\u00e1lise Multivariada em Biologia<\/td>\n<\/tr>\n<tr>\n<td><\/td>\n<td><\/td>\n<\/tr>\n<tr>\n<td><span style=\"color: #000000;\"><strong><strong>Contact:<\/strong><\/strong><\/span><\/td>\n<td><span style=\"line-height: 19px;\"><span style=\"line-height: 19px;\">taguedes@uem.br<br \/>\n<\/span><\/span><\/td>\n<\/tr>\n<tr>\n<td><\/td>\n<td><span style=\"line-height: 19px;\"><span style=\"line-height: 19px;\">Secretaria &#8211; PBE (44) 3011 5450<\/span><\/span><\/td>\n<\/tr>\n<tr>\n<td><\/td>\n<td><\/td>\n<\/tr>\n<\/tbody>\n<\/table>\n<p>&nbsp;<\/p>","protected":false},"excerpt":{"rendered":"<p>Professora Doutora Associado &#8211; N\u00edvel C \u00c1reas de Interesse: Probabilidade e Estat\u00edstica Aplicadas Planejamento de Experimentos An\u00e1lise Multivariada | Regress\u00e3o e Correla\u00e7\u00e3o Grupos de Pesquisa: Estat\u00edstica e Probabilidade Aplicadas Membro Permanente: Programa de P\u00f3s-Gradua\u00e7\u00e3o em Bioestat\u00edstica &#8211; UEM &#8211; Desde 2013. Lattes: http:\/\/lattes.cnpq.br\/2401840367940163 Disciplinas no PBE: Introdu\u00e7\u00e3o \u00e0 Infer\u00eancia Estat\u00edstica | Modelos de Regress\u00e3o An\u00e1lise [&#8230;]","protected":false},"author":2,"featured_media":0,"parent":0,"menu_order":0,"comment_status":"closed","ping_status":"closed","template":"","meta":{"footnotes":""},"_links":{"self":[{"href":"http:\/\/pbe.uem.br\/en\/wp-json\/wp\/v2\/pages\/955"}],"collection":[{"href":"http:\/\/pbe.uem.br\/en\/wp-json\/wp\/v2\/pages"}],"about":[{"href":"http:\/\/pbe.uem.br\/en\/wp-json\/wp\/v2\/types\/page"}],"author":[{"embeddable":true,"href":"http:\/\/pbe.uem.br\/en\/wp-json\/wp\/v2\/users\/2"}],"replies":[{"embeddable":true,"href":"http:\/\/pbe.uem.br\/en\/wp-json\/wp\/v2\/comments?post=955"}],"version-history":[{"count":4,"href":"http:\/\/pbe.uem.br\/en\/wp-json\/wp\/v2\/pages\/955\/revisions"}],"predecessor-version":[{"id":1602,"href":"http:\/\/pbe.uem.br\/en\/wp-json\/wp\/v2\/pages\/955\/revisions\/1602"}],"wp:attachment":[{"href":"http:\/\/pbe.uem.br\/en\/wp-json\/wp\/v2\/media?parent=955"}],"curies":[{"name":"wp","href":"https:\/\/api.w.org\/{rel}","templated":true}]}}