{"id":964,"date":"2013-06-04T17:18:47","date_gmt":"2013-06-04T20:18:47","guid":{"rendered":"http:\/\/pbe.uem.br\/?page_id=964"},"modified":"2019-05-02T10:29:05","modified_gmt":"2019-05-02T13:29:05","slug":"eniuce-menezes","status":"publish","type":"page","link":"http:\/\/pbe.uem.br\/en\/eniuce-menezes\/","title":{"rendered":"[:pb]Eniuce Menezes[:en]Eniuce Menezes de Souza[:es]Eniuce Menezes[:]"},"content":{"rendered":"[:pb]\n<table class=\"sem-borda\" border=\"0\">\n<tbody>\n<tr>\n<td rowspan=\"4\" align=\"center\">\u00a0<a href=\"http:\/\/pbe.uem.br\/wp-content\/uploads\/2013\/06\/Eniuce3x4.jpg\"><img decoding=\"async\" loading=\"lazy\" class=\"alignnone size-full wp-image-970\" style=\"border: 0px;\" src=\"http:\/\/pbe.uem.br\/wp-content\/uploads\/2013\/06\/Eniuce3x4.jpg\" alt=\"Eniuce3x4\" width=\"105\" height=\"162\" \/><\/a><\/td>\n<td><\/td>\n<\/tr>\n<tr>\n<td><strong>Professora Associada<\/strong><\/td>\n<\/tr>\n<tr>\n<td><\/td>\n<\/tr>\n<tr>\n<td><\/td>\n<\/tr>\n<tr>\n<td><span style=\"color: #000000;\"><strong>\u00c1reas de Interesse:\u00a0<\/strong><\/span><\/td>\n<td>S\u00e9ries Temporais e Aplica\u00e7\u00f5es<\/td>\n<\/tr>\n<tr>\n<td><\/td>\n<td>Wavelets e Aplica\u00e7\u00f5es<\/td>\n<\/tr>\n<tr>\n<td><\/td>\n<td><\/td>\n<\/tr>\n<tr>\n<td><strong><span style=\"color: #000000;\">Grupos de Pesquisa:<\/span><br \/>\n<\/strong><\/td>\n<td><a title=\"GESTE \u2013 Grupo de Estudos em S\u00e9ries Temporais e Espaciais\" href=\"http:\/\/pbe.uem.br\/en\/geste-grupo-de-estudos-em-series-temporais-e-espaciais\/\">GESTE<\/a> e GEGE<\/td>\n<\/tr>\n<tr>\n<td><\/td>\n<td><\/td>\n<\/tr>\n<tr>\n<td><span style=\"color: #000000;\"><strong>Membro Permanente:<\/strong><\/span><\/td>\n<td>Programa de P\u00f3s-Gradua\u00e7\u00e3o em Matem\u00e1tica Aplicada e Computacional &#8211; UNESP &#8211; Presidente Prudente\/SP &#8211; Desde 2009.<\/td>\n<\/tr>\n<tr>\n<td><\/td>\n<td><\/td>\n<\/tr>\n<tr>\n<td><\/td>\n<td>Programa de P\u00f3s-Gradua\u00e7\u00e3o em Bioestat\u00edstica &#8211; UEM &#8211; Desde 2013.<\/td>\n<\/tr>\n<tr>\n<td><\/td>\n<td><\/td>\n<\/tr>\n<tr>\n<td><\/td>\n<td><span style=\"line-height: 19px;\">Comit\u00ea Tem\u00e1tico SBMAC:\u00a0<\/span><a style=\"line-height: 19px;\" href=\"http:\/\/www.sbmac.org.br\/comAnalise1.php\">An\u00e1lise multiescala e wavelets: teoria, desenvolvimento e aplica\u00e7\u00f5es<\/a><span style=\"line-height: 19px;\">\u00a0&#8211; Desde 2012.<\/span><\/td>\n<\/tr>\n<tr>\n<td><\/td>\n<td><\/td>\n<\/tr>\n<tr>\n<td><\/td>\n<td><\/td>\n<\/tr>\n<tr>\n<td><span style=\"color: #000000;\"><strong><strong>Lattes:<\/strong><\/strong><\/span><\/td>\n<td><a href=\"http:\/\/lattes.cnpq.br\/0029713017048136\" target=\"_blank\" rel=\"noopener noreferrer\"><span style=\"line-height: 19px;\"><span style=\"line-height: 19px;\">http:\/\/lattes.cnpq.br\/0029713017048136<\/span><\/span><\/a><\/td>\n<\/tr>\n<tr>\n<td><\/td>\n<td><\/td>\n<\/tr>\n<tr>\n<td><\/td>\n<td><\/td>\n<\/tr>\n<tr>\n<td><span style=\"color: #000000;\"><strong>Disciplinas no PBE:<\/strong><\/span><\/td>\n<td>Bioestat\u00edstica<\/td>\n<\/tr>\n<tr>\n<td><\/td>\n<td>S\u00e9ries Temporais<\/td>\n<\/tr>\n<tr>\n<td><\/td>\n<td>\u00a0Obten\u00e7\u00e3o e gerenciamento de dados epidemiol\u00f3gicos e socioambientais de reposit\u00f3rios\u00a0 na Web<\/td>\n<\/tr>\n<tr>\n<td><\/td>\n<td><\/td>\n<\/tr>\n<tr>\n<td><span style=\"color: #000000;\"><strong><strong>Disciplinas no PosMac:<\/strong><\/strong><\/span><\/td>\n<td>Transformada de Fourier e Wavelets<\/td>\n<\/tr>\n<tr>\n<td><\/td>\n<td>An\u00e1lise Wavelets de S\u00e9ries Temporais<\/td>\n<\/tr>\n<tr>\n<td><\/td>\n<td><\/td>\n<\/tr>\n<tr>\n<td><span style=\"color: #000000;\"><strong><strong>Contact:<\/strong><\/strong><\/span><\/td>\n<td><span style=\"line-height: 19px;\"><span style=\"line-height: 19px;\">emsouza@uem.br\u00a0 ou\u00a0 eniuce@pq.cnpq.br<br \/>\n<\/span><\/span><\/td>\n<\/tr>\n<tr>\n<td><\/td>\n<td><span style=\"line-height: 19px;\"><span style=\"line-height: 19px;\">Sala 204 &#8211; Bloco E90 &#8211; (44) 3011 5347<\/span><\/span><\/td>\n<\/tr>\n<tr>\n<td><\/td>\n<td><span style=\"line-height: 19px;\"><span style=\"line-height: 19px;\">Secretaria PBE (44) 3011 4338<\/span><\/span><\/td>\n<\/tr>\n<tr>\n<td><\/td>\n<td><\/td>\n<\/tr>\n<\/tbody>\n<\/table>\n<p>&nbsp;<\/p>\n<p>&nbsp;[:en]\n<table class=\"sem-borda\" border=\"0\">\n<tbody>\n<tr>\n<td rowspan=\"4\" align=\"center\">\u00a0<a href=\"http:\/\/pbe.uem.br\/wp-content\/uploads\/2013\/06\/Eniuce3x4.jpg\"><img decoding=\"async\" loading=\"lazy\" class=\"alignnone size-full wp-image-970\" style=\"border: 0px;\" src=\"http:\/\/pbe.uem.br\/wp-content\/uploads\/2013\/06\/Eniuce3x4.jpg\" alt=\"Eniuce3x4\" width=\"105\" height=\"162\" \/><\/a><\/td>\n<td><\/td>\n<\/tr>\n<tr>\n<td><strong>Associate Professor &#8211; Department of Statistics\u00a0 &#8211; State University of Maring\u00e1<\/strong><\/td>\n<\/tr>\n<tr>\n<td>Postdoc\u00a0 &#8211; Advanced Visualization &amp; Geoinformatics Laboratory\u00a0&#8211; <a href=\"http:\/\/www.vizlab.unisinos.br\/\">VIZLab<\/a><br \/>\n&#8211; Graduate Program in Applied Computing &#8211; UNISINOS University<\/td>\n<\/tr>\n<tr>\n<td><\/td>\n<\/tr>\n<tr>\n<td><span style=\"color: #000000;\"><strong>Areas of Interest:\u00a0<\/strong><\/span><\/td>\n<td>Time Series and Applications<\/td>\n<\/tr>\n<tr>\n<td><\/td>\n<td>Multiscale\u00a0 Analysis, Wavelets and\u00a0 Applications<\/td>\n<\/tr>\n<tr>\n<td><\/td>\n<td>Deep Learning\/Neural Networks<\/td>\n<\/tr>\n<tr>\n<td><\/td>\n<td>Signal and Image Processing<\/td>\n<\/tr>\n<tr>\n<td><\/td>\n<td><\/td>\n<\/tr>\n<tr>\n<td><strong><span style=\"color: #000000;\">Research Groups:<\/span><br \/>\n<\/strong><\/td>\n<td><a title=\"GESTE \u2013 Grupo de Estudos em S\u00e9ries Temporais e Espaciais\" href=\"http:\/\/pbe.uem.br\/en\/geste-grupo-de-estudos-em-series-temporais-e-espaciais\/\">GESTE<\/a> and GEGE<\/td>\n<\/tr>\n<tr>\n<td><\/td>\n<td><\/td>\n<\/tr>\n<tr>\n<td><span style=\"color: #000000;\"><strong>Permanent Member:<\/strong><\/span><\/td>\n<td>Graduate Program in Aplied\u00a0 and Computational Mathematics &#8211; UNESP &#8211; Presidente Prudente\/SP &#8211; 2009-2018.<\/td>\n<\/tr>\n<tr>\n<td><\/td>\n<td><\/td>\n<\/tr>\n<tr>\n<td><\/td>\n<td>Graduate Program in Biostatistics\u00a0 &#8211; UEM &#8211; Since 2013.<\/td>\n<\/tr>\n<tr>\n<td><\/td>\n<td><\/td>\n<\/tr>\n<tr>\n<td><\/td>\n<td><span style=\"line-height: 19px;\">SBMAC Committee: <\/span><a style=\"line-height: 19px;\" href=\"http:\/\/www.sbmac.org.br\/comAnalise1.php\">Multiscale Analysis and wavelets: theory, development and applications<\/a><span style=\"line-height: 19px;\"> &#8211; Since 2012.<\/span><\/td>\n<\/tr>\n<tr>\n<td><\/td>\n<td><\/td>\n<\/tr>\n<tr>\n<td><\/td>\n<td><\/td>\n<\/tr>\n<tr>\n<td><span style=\"color: #000000;\"><strong><strong>CV:<\/strong><\/strong><\/span><\/td>\n<td><a href=\"http:\/\/lattes.cnpq.br\/0029713017048136\" target=\"_blank\" rel=\"noopener noreferrer\"><span style=\"line-height: 19px;\"><span style=\"line-height: 19px;\">http:\/\/lattes.cnpq.br\/0029713017048136<\/span><\/span><\/a><\/td>\n<\/tr>\n<tr>\n<td><\/td>\n<td><\/td>\n<\/tr>\n<tr>\n<td><\/td>\n<td><\/td>\n<\/tr>\n<tr>\n<td><span style=\"color: #000000;\"><strong>Disciplines at PBE:<\/strong><\/span><\/td>\n<td>Biostatistics<\/td>\n<\/tr>\n<tr>\n<td><\/td>\n<td>Time Series<\/td>\n<\/tr>\n<tr>\n<td><\/td>\n<td>\u00a0Epidemiological and Social\/Environment Web data obtantion and management<\/td>\n<\/tr>\n<tr>\n<td><\/td>\n<td><\/td>\n<\/tr>\n<tr>\n<td><span style=\"color: #000000;\"><strong><strong>Disciplines at PosMac:<\/strong><\/strong><\/span><\/td>\n<td>Fourier and Wavelets Transform<\/td>\n<\/tr>\n<tr>\n<td><\/td>\n<td>Wavelet Analysis of Time Series<\/td>\n<\/tr>\n<tr>\n<td><\/td>\n<td><\/td>\n<\/tr>\n<tr>\n<td><span style=\"color: #000000;\"><strong><strong>Contact:<\/strong><\/strong><\/span><\/td>\n<td><span style=\"line-height: 19px;\"><span style=\"line-height: 19px;\">emsouza@uem.br\u00a0 ou\u00a0 eniuce@pq.cnpq.br<br \/>\n<\/span><\/span><\/td>\n<\/tr>\n<tr>\n<td><\/td>\n<td><span style=\"line-height: 19px;\"><span style=\"line-height: 19px;\">Room 204 &#8211;\u00a0 E90 &#8211; 55 (44) 3011 5347<\/span><\/span><\/td>\n<\/tr>\n<tr>\n<td><\/td>\n<td><span style=\"line-height: 19px;\"><span style=\"line-height: 19px;\">DES\/PBE 55 (44) 3011 4338<\/span><\/span><\/td>\n<\/tr>\n<tr>\n<td><\/td>\n<td><\/td>\n<\/tr>\n<\/tbody>\n<\/table>\n<p>&nbsp;<\/p>\n<p>&nbsp;[:es]\n<table class=\"sem-borda\" border=\"0\">\n<tbody>\n<tr>\n<td rowspan=\"4\" align=\"center\">\u00a0<a href=\"http:\/\/pbe.uem.br\/wp-content\/uploads\/2013\/06\/Eniuce3x4.jpg\"><img decoding=\"async\" loading=\"lazy\" class=\"alignnone size-full wp-image-970\" style=\"border: 0px;\" src=\"http:\/\/pbe.uem.br\/wp-content\/uploads\/2013\/06\/Eniuce3x4.jpg\" alt=\"Eniuce3x4\" width=\"105\" height=\"162\" \/><\/a><\/td>\n<td><\/td>\n<\/tr>\n<tr>\n<td><strong>Professora Associada<\/strong><\/td>\n<\/tr>\n<tr>\n<td><\/td>\n<\/tr>\n<tr>\n<td><\/td>\n<\/tr>\n<tr>\n<td><span style=\"color: #000000;\"><strong>\u00c1reas de Interesse:\u00a0<\/strong><\/span><\/td>\n<td>S\u00e9ries Temporais e Aplica\u00e7\u00f5es<\/td>\n<\/tr>\n<tr>\n<td><\/td>\n<td>Wavelets e Aplica\u00e7\u00f5es<\/td>\n<\/tr>\n<tr>\n<td><\/td>\n<td><\/td>\n<\/tr>\n<tr>\n<td><strong><span style=\"color: #000000;\">Grupos de Pesquisa:<\/span><br \/>\n<\/strong><\/td>\n<td><a title=\"GESTE \u2013 Grupo de Estudos em S\u00e9ries Temporais e Espaciais\" href=\"http:\/\/pbe.uem.br\/en\/geste-grupo-de-estudos-em-series-temporais-e-espaciais\/\">GESTE<\/a> e GEGE<\/td>\n<\/tr>\n<tr>\n<td><\/td>\n<td><\/td>\n<\/tr>\n<tr>\n<td><span style=\"color: #000000;\"><strong>Membro Permanente:<\/strong><\/span><\/td>\n<td>Programa de P\u00f3s-Gradua\u00e7\u00e3o em Matem\u00e1tica Aplicada e Computacional &#8211; UNESP &#8211; Presidente Prudente\/SP &#8211; Desde 2009.<\/td>\n<\/tr>\n<tr>\n<td><\/td>\n<td><\/td>\n<\/tr>\n<tr>\n<td><\/td>\n<td>Programa de P\u00f3s-Gradua\u00e7\u00e3o em Bioestat\u00edstica &#8211; UEM &#8211; Desde 2013.<\/td>\n<\/tr>\n<tr>\n<td><\/td>\n<td><\/td>\n<\/tr>\n<tr>\n<td><\/td>\n<td><span style=\"line-height: 19px;\">Comit\u00ea Tem\u00e1tico SBMAC:\u00a0<\/span><a style=\"line-height: 19px;\" href=\"http:\/\/www.sbmac.org.br\/comAnalise1.php\">An\u00e1lise multiescala e wavelets: teoria, desenvolvimento e aplica\u00e7\u00f5es<\/a><span style=\"line-height: 19px;\">\u00a0&#8211; Desde 2012.<\/span><\/td>\n<\/tr>\n<tr>\n<td><\/td>\n<td><\/td>\n<\/tr>\n<tr>\n<td><\/td>\n<td><\/td>\n<\/tr>\n<tr>\n<td><span style=\"color: #000000;\"><strong><strong>Lattes:<\/strong><\/strong><\/span><\/td>\n<td><a href=\"http:\/\/lattes.cnpq.br\/0029713017048136\" target=\"_blank\" rel=\"noopener noreferrer\"><span style=\"line-height: 19px;\"><span style=\"line-height: 19px;\">http:\/\/lattes.cnpq.br\/0029713017048136<\/span><\/span><\/a><\/td>\n<\/tr>\n<tr>\n<td><\/td>\n<td><\/td>\n<\/tr>\n<tr>\n<td><\/td>\n<td><\/td>\n<\/tr>\n<tr>\n<td><span style=\"color: #000000;\"><strong>Disciplinas no PBE:<\/strong><\/span><\/td>\n<td>Bioestat\u00edstica<\/td>\n<\/tr>\n<tr>\n<td><\/td>\n<td>S\u00e9ries Temporais<\/td>\n<\/tr>\n<tr>\n<td><\/td>\n<td>\u00a0Obten\u00e7\u00e3o e gerenciamento de dados epidemiol\u00f3gicos e socioambientais de reposit\u00f3rios\u00a0 na Web<\/td>\n<\/tr>\n<tr>\n<td><\/td>\n<td><\/td>\n<\/tr>\n<tr>\n<td><span style=\"color: #000000;\"><strong><strong>Disciplinas no PosMac:<\/strong><\/strong><\/span><\/td>\n<td>Transformada de Fourier e Wavelets<\/td>\n<\/tr>\n<tr>\n<td><\/td>\n<td>An\u00e1lise Wavelets de S\u00e9ries Temporais<\/td>\n<\/tr>\n<tr>\n<td><\/td>\n<td><\/td>\n<\/tr>\n<tr>\n<td><span style=\"color: #000000;\"><strong><strong>Contact:<\/strong><\/strong><\/span><\/td>\n<td><span style=\"line-height: 19px;\"><span style=\"line-height: 19px;\">emsouza@uem.br\u00a0 ou\u00a0 eniuce@pq.cnpq.br<br \/>\n<\/span><\/span><\/td>\n<\/tr>\n<tr>\n<td><\/td>\n<td><span style=\"line-height: 19px;\"><span style=\"line-height: 19px;\">Sala 204 &#8211; Bloco E90 &#8211; (44) 3011 5347<\/span><\/span><\/td>\n<\/tr>\n<tr>\n<td><\/td>\n<td><span style=\"line-height: 19px;\"><span style=\"line-height: 19px;\">Secretaria PBE (44) 3011 4338<\/span><\/span><\/td>\n<\/tr>\n<tr>\n<td><\/td>\n<td><\/td>\n<\/tr>\n<\/tbody>\n<\/table>\n<p>&nbsp;<\/p>\n<p>&nbsp;[:]","protected":false},"excerpt":{"rendered":"[:pb] \u00a0 Professora Associada \u00c1reas de Interesse:\u00a0 S\u00e9ries Temporais e Aplica\u00e7\u00f5es Wavelets e Aplica\u00e7\u00f5es Grupos de Pesquisa: GESTE e GEGE Membro Permanente: Programa de P\u00f3s-Gradua\u00e7\u00e3o em Matem\u00e1tica Aplicada e Computacional &#8211; UNESP &#8211; Presidente Prudente\/SP &#8211; Desde 2009. Programa de P\u00f3s-Gradua\u00e7\u00e3o em Bioestat\u00edstica &#8211; UEM &#8211; Desde 2013. Comit\u00ea Tem\u00e1tico SBMAC:\u00a0An\u00e1lise multiescala e wavelets: teoria, [&#8230;]","protected":false},"author":2,"featured_media":0,"parent":0,"menu_order":0,"comment_status":"closed","ping_status":"closed","template":"","meta":{"footnotes":""},"_links":{"self":[{"href":"http:\/\/pbe.uem.br\/en\/wp-json\/wp\/v2\/pages\/964"}],"collection":[{"href":"http:\/\/pbe.uem.br\/en\/wp-json\/wp\/v2\/pages"}],"about":[{"href":"http:\/\/pbe.uem.br\/en\/wp-json\/wp\/v2\/types\/page"}],"author":[{"embeddable":true,"href":"http:\/\/pbe.uem.br\/en\/wp-json\/wp\/v2\/users\/2"}],"replies":[{"embeddable":true,"href":"http:\/\/pbe.uem.br\/en\/wp-json\/wp\/v2\/comments?post=964"}],"version-history":[{"count":72,"href":"http:\/\/pbe.uem.br\/en\/wp-json\/wp\/v2\/pages\/964\/revisions"}],"predecessor-version":[{"id":4216,"href":"http:\/\/pbe.uem.br\/en\/wp-json\/wp\/v2\/pages\/964\/revisions\/4216"}],"wp:attachment":[{"href":"http:\/\/pbe.uem.br\/en\/wp-json\/wp\/v2\/media?parent=964"}],"curies":[{"name":"wp","href":"https:\/\/api.w.org\/{rel}","templated":true}]}}