{"id":142,"date":"2023-10-16T00:00:04","date_gmt":"2023-10-16T03:00:04","guid":{"rendered":"http:\/\/pbe.uem.br\/?page_id=142"},"modified":"2026-02-20T15:51:44","modified_gmt":"2026-02-20T18:51:44","slug":"cronograma","status":"publish","type":"page","link":"http:\/\/pbe.uem.br\/es\/cronograma\/","title":{"rendered":"L\u00ednea de tiempo"},"content":{"rendered":"<section class=\"section\" id=\"section_1217673042\">\n\t\t<div class=\"bg section-bg fill bg-fill\" >\n\n\t\t\t\n\t\t\t\n\t\t\t\n\n\t\t<\/div>\n\n\t\t\n\n\t\t<div class=\"section-content relative\">\n\t\t\t\n<div class=\"row\"  id=\"row-415816848\">\n\n\t<div id=\"col-914702700\" class=\"col small-12 large-12\"  >\n\t\t\t\t<div class=\"col-inner\"  >\n\t\t\t\n\t\t\t\n<div class=\"container section-title-container\" ><h2 class=\"section-title section-title-normal\"><b><\/b><span class=\"section-title-main\" style=\"color:rgb(179, 0, 0);\">Horario \/ Calendario \/ Inscripci\u00f3n<\/span><b><\/b><\/h2><\/div>\n<div class=\"wbz-content-layout\">\n<div class=\"wbz-content-layout-row\">\n<h3><span style=\"color: #0000ff;\">Matr\u00edculas abertas para as disciplinas do PBE &#8211; 1\u00ba Semestre 2026<\/span><\/h3>\n<h5>Segue abaixo, os editais de abertura da matr\u00edcula para alunos regulares e n\u00e3o regulares,\u00a0 junto \u00e0s disciplinas ofertadas pelo Programa de P\u00f3s-Gradua\u00e7\u00e3o em Bioestat\u00edstica &#8211; 1\u00ba Semestre 2026!!!<\/h5>\n<p><a href=\"http:\/\/pbe.uem.br\/wp-content\/uploads\/2026\/02\/Edital-no-007-2026-PBE-Abre-inscricoes-para-matricula-junto-as-disciplinas-do-curso-de-mestrado-do-PBE-2026-Alunos-Regulares-e-Nao-Regulares-1.pdf\">Edital n\u00ba 007-2026-PBE &#8211; Abre inscri\u00e7\u00f5es para matricula junto as disciplinas do curso de mestrado do PBE &#8211; 2026 &#8211; Alunos Regulares e N\u00e3o Regulares<\/a><\/p>\n<p><a href=\"http:\/\/pbe.uem.br\/wp-content\/uploads\/2026\/02\/Edital-no-008-2026-PBE-Abre-inscricoes-para-matricula-junto-as-disciplinas-do-curso-de-doutorado-PBE-2026-Alunos-Regulares-e-Nao-Regulares-2.pdf\">Edital n\u00ba 008-2026-PBE &#8211; Abre inscri\u00e7\u00f5es para matricula junto as disciplinas do curso de doutorado PBE &#8211; 2026 &#8211; Alunos Regulares e N\u00e3o Regulares<\/a><\/p>\n<h5>\u00a0 \u00a0*El plazo de inscripci\u00f3n es\u00a0 <span style=\"color: #ff0000;\"><strong>19\/02\/2026 <\/strong><\/span>a<span style=\"color: #ff0000;\"><strong> 06\/03\/2026<\/strong><\/span><strong>,<\/strong> e o in\u00edcio das aulas est\u00e1 previsto para 17\/03\/2026.<\/h5>\n<\/div>\n<\/div>\n<p><a href=\"http:\/\/pbe.uem.br\/wp-content\/uploads\/2026\/02\/Requerimento-de-Matricula-de-Aluno-Regular-2026-1.doc\">Requerimento de Matricula de Aluno Regular &#8211; 2026<\/a><\/p>\n<p><a href=\"http:\/\/pbe.uem.br\/wp-content\/uploads\/2026\/02\/Requerimento-de-Matricula-de-Aluno-Nao-Regular-2026.doc\">Requerimento de Matricula de Aluno N\u00e3o Regular &#8211; 2026<\/a><\/p>\n<p>Enlace para registrarse en el Sistema DAA:<span style=\"color: #0000ff;\"><strong> <a style=\"color: #0000ff;\" href=\"https:\/\/npd.uem.br\/sgipos\/index.zul\">https:\/\/npd.uem.br\/sgipos\/index.zul<\/a><\/strong><\/span><\/p>\n<p><strong>Termo de compromisso para entrega de diploma pendente, para alunos que ainda n\u00e3o receberam seu diploma de gradua\u00e7\u00e3o:\u00a0<\/strong><\/p>\n<div class=\"wbz-content-layout\">\n<div class=\"wbz-content-layout-row\">\n<div class=\"wbz-content-layout-row\">\n<h4><span style=\"color: #0000ff;\"><a href=\"http:\/\/pbe.uem.br\/wp-content\/uploads\/2026\/02\/TermoCompromissoPosGrad-Brasil-Novo-2026.docx\">Termo de Compromisso para alunos sem diploma de gradua\u00e7\u00e3o &#8211; 2026<\/a> <\/span><\/h4>\n<h3><span style=\"color: #0000ff;\">Hor\u00e1rio e cronograma das disciplinas a serem ofertadas no 1\u00ba semestre\/2026<\/span><\/h3>\n<p><a href=\"http:\/\/pbe.uem.br\/wp-content\/uploads\/2026\/02\/Disciplinas-a-serem-ofertadas-no-1o-semestre-de-2026-Mestrado-e-Doutorado-1.png\"><img decoding=\"async\" loading=\"lazy\" class=\"alignnone size-medium wp-image-6098\" src=\"http:\/\/pbe.uem.br\/wp-content\/uploads\/2026\/02\/Disciplinas-a-serem-ofertadas-no-1o-semestre-de-2026-Mestrado-e-Doutorado-1-276x300.png\" alt=\"\" width=\"276\" height=\"300\" srcset=\"http:\/\/pbe.uem.br\/wp-content\/uploads\/2026\/02\/Disciplinas-a-serem-ofertadas-no-1o-semestre-de-2026-Mestrado-e-Doutorado-1-276x300.png 276w, http:\/\/pbe.uem.br\/wp-content\/uploads\/2026\/02\/Disciplinas-a-serem-ofertadas-no-1o-semestre-de-2026-Mestrado-e-Doutorado-1-944x1024.png 944w, http:\/\/pbe.uem.br\/wp-content\/uploads\/2026\/02\/Disciplinas-a-serem-ofertadas-no-1o-semestre-de-2026-Mestrado-e-Doutorado-1-768x833.png 768w, http:\/\/pbe.uem.br\/wp-content\/uploads\/2026\/02\/Disciplinas-a-serem-ofertadas-no-1o-semestre-de-2026-Mestrado-e-Doutorado-1-11x12.png 11w, http:\/\/pbe.uem.br\/wp-content\/uploads\/2026\/02\/Disciplinas-a-serem-ofertadas-no-1o-semestre-de-2026-Mestrado-e-Doutorado-1.png 988w\" sizes=\"(max-width: 276px) 100vw, 276px\" \/><\/a><\/p>\n<\/div>\n<\/div>\n<\/div>\n<p>\u00a0<\/p>\n\t\t<\/div>\n\t\t\t\t\t<\/div>\n\n\t\n<\/div>\n\t\t<\/div>\n\n\t\t\n<style>\n#section_1217673042 {\n  padding-top: 30px;\n  padding-bottom: 30px;\n}\n#section_1217673042 .section-bg.bg-loaded {\n  background-image: url(http:\/\/pbe.uem.br\/wp-content\/uploads\/2023\/10\/fundo-site-min.png);\n}\n#section_1217673042 .section-bg {\n  background-position: 0% 0%;\n}\n<\/style>\n\t<\/section>","protected":false},"excerpt":{"rendered":"","protected":false},"author":1313,"featured_media":0,"parent":0,"menu_order":12,"comment_status":"closed","ping_status":"closed","template":"","meta":{"footnotes":""},"_links":{"self":[{"href":"http:\/\/pbe.uem.br\/es\/wp-json\/wp\/v2\/pages\/142"}],"collection":[{"href":"http:\/\/pbe.uem.br\/es\/wp-json\/wp\/v2\/pages"}],"about":[{"href":"http:\/\/pbe.uem.br\/es\/wp-json\/wp\/v2\/types\/page"}],"author":[{"embeddable":true,"href":"http:\/\/pbe.uem.br\/es\/wp-json\/wp\/v2\/users\/1313"}],"replies":[{"embeddable":true,"href":"http:\/\/pbe.uem.br\/es\/wp-json\/wp\/v2\/comments?post=142"}],"version-history":[{"count":605,"href":"http:\/\/pbe.uem.br\/es\/wp-json\/wp\/v2\/pages\/142\/revisions"}],"predecessor-version":[{"id":6100,"href":"http:\/\/pbe.uem.br\/es\/wp-json\/wp\/v2\/pages\/142\/revisions\/6100"}],"wp:attachment":[{"href":"http:\/\/pbe.uem.br\/es\/wp-json\/wp\/v2\/media?parent=142"}],"curies":[{"name":"wp","href":"https:\/\/api.w.org\/{rel}","templated":true}]}}