{"id":2440,"date":"2017-04-05T11:50:39","date_gmt":"2017-04-05T14:50:39","guid":{"rendered":"http:\/\/pbe.uem.br\/?page_id=2440"},"modified":"2017-04-05T11:50:39","modified_gmt":"2017-04-05T14:50:39","slug":"english-grupo-isolde-2","status":"publish","type":"page","link":"http:\/\/pbe.uem.br\/es\/english-grupo-isolde-2\/","title":{"rendered":"[:en]grupo isolde[:]"},"content":{"rendered":"[:pb]\n<div class=\"wbz-content-layout\">\n<span style=\"color: #cc0000; font-size: medium;\"><strong>Disciplinas de nivelaci\u00f3n<\/strong><\/span><br \/>\n<strong><span style=\"font-size: small;\"> <a href=\"http:\/\/pbe.uem.br\/wp-content\/uploads\/2013\/04\/4017-Introdu\u00e7\u00e3o-\u00e0-\u00c1lgebra-Linear-e-C\u00e1lculo.pdf\" target=\"_blank\">Introdu\u00e7\u00e3o \u00e0 Probabilidade<\/a> (45 h) <\/span><\/strong><br \/>\n<strong><span style=\"font-size: small;\"> Introdu\u00e7\u00e3o \u00e0 \u00c1lgebra Linear e C\u00e1lculo <a href=\"http:\/\/pbe.uem.br\/wp-content\/uploads\/2013\/04\/4016-Introdu\u00e7\u00e3o-\u00e0-Probabilidade.pdf\" target=\"_blank\"><img decoding=\"async\" loading=\"lazy\" style=\"border: 0px; margin: 0px;\" src=\"http:\/\/pbe.uem.br\/wp-content\/uploads\/2013\/05\/download4-150x150.png\" alt=\"\" width=\"19\" height=\"19\" \/><\/a> (45 h)<br \/>\n<\/span><\/strong><br \/>\n<strong><span style=\"font-size: small;\"><br \/>\n<\/span><\/strong><\/p>\n<p class=\"MsoNoSpacing\"><span style=\"color: #cc0000; font-size: medium;\"><strong>Materias Obligatorias (M\u00ednimo: 16 cr\u00e9ditos)<\/strong><\/span><\/p>\n<p><strong><span style=\"font-size: small;\">Bioestat\u00edstica (3 cr\u00e9ditos) <a href=\"http:\/\/pbe.uem.br\/wp-content\/uploads\/2013\/05\/Bioestat\u00edstica.pdf \" target=\"_blank\"><img decoding=\"async\" loading=\"lazy\" style=\"border: 0px; margin: 0px;\" src=\"http:\/\/pbe.uem.br\/wp-content\/uploads\/2013\/05\/download4-150x150.png\" alt=\"\" width=\"19\" height=\"17\" \/><\/a><br \/>\n<strong><span style=\"font-size: small;\">Estad\u00edstica Computacional Aplicada a la Bioestad\u00edstica (4 cr\u00e9ditos) <a href=\"http:\/\/pbe.uem.br\/wp-content\/uploads\/2013\/05\/Estat\u00edstica-Computacional-Aplicada-\u00e0-Bioestat\u00edstica.pdf \" target=\"_blank\"><img decoding=\"async\" loading=\"lazy\" style=\"border: 0px; margin: 0px;\" src=\"http:\/\/pbe.uem.br\/wp-content\/uploads\/2013\/05\/download4-150x150.png\" alt=\"\" width=\"19\" height=\"17\" \/><\/a><\/span><\/strong><br \/>\n<strong><span style=\"font-size: small;\">Introducci\u00f3n a la Inferencia Estad\u00edstica (4 cr\u00e9ditos) <a href=\"http:\/\/pbe.uem.br\/wp-content\/uploads\/2013\/05\/4018_Introdu\u00e7\u00e3o-\u00e0-Infer\u00eancia-Estat\u00edstica-2014.pdf\" target=\"_blank\"><img decoding=\"async\" loading=\"lazy\" style=\"border: 0px; margin: 0px;\" src=\"http:\/\/pbe.uem.br\/wp-content\/uploads\/2013\/05\/download4-150x150.png\" alt=\"\" width=\"19\" height=\"17\" \/><\/a><br \/>\n<strong><span style=\"font-size: small;\">M\u00e9todos Estat\u00edsticos Epidemiol\u00f3gicos (3 cr\u00e9ditos) <a href=\"http:\/\/pbe.uem.br\/wp-content\/uploads\/2013\/04\/M\u00c9TODOS-ESTAT\u00cdSTICOS-EPIDEMIOL\u00d3GICOS.pdf \" target=\"_blank\"><img decoding=\"async\" loading=\"lazy\" style=\"border: 0px; margin: 0px;\" src=\"http:\/\/pbe.uem.br\/wp-content\/uploads\/2013\/05\/download4-150x150.png\" alt=\"\" width=\"19\" height=\"17\" \/><\/a><br \/>\n<strong><span style=\"font-size: small;\">Metodolog\u00eda de la Investigaci\u00f3n Cient\u00edfica (2 cr\u00e9ditos) <a href=\"http:\/\/pbe.uem.br\/wp-content\/uploads\/2013\/04\/Metodologia-de-Pesquisa-Cient\u00edfica.pdf \" target=\"_blank\"><img decoding=\"async\" loading=\"lazy\" style=\"border: 0px; margin: 0px;\" src=\"http:\/\/pbe.uem.br\/wp-content\/uploads\/2013\/05\/download4-150x150.png\" alt=\"\" width=\"19\" height=\"17\" \/><\/a><\/span><\/strong><\/span><\/strong><\/span><\/strong><\/span><\/strong><br \/>\n<strong><span style=\"font-size: small;\">Pr\u00e1ctica Docente \u2013 obligatoria para becario Capes (2 cr\u00e9ditos) <a href=\"http:\/\/pbe.uem.br\/wp-content\/uploads\/2013\/05\/Estagio-Doc\u00eancia.doc \" target=\"_blank\"><img decoding=\"async\" loading=\"lazy\" style=\"border: 0px; margin: 0px;\" src=\"http:\/\/pbe.uem.br\/wp-content\/uploads\/2013\/05\/download4-150x150.png\" alt=\"\" width=\"19\" height=\"17\" \/><\/a><\/span><\/strong><\/p>\n<p><strong><span style=\"font-size: small;\"><br \/>\n<\/span><\/strong><\/p>\n<p class=\"MsoNoSpacing\"><span style=\"color: #cc0000; font-size: medium;\"><strong>Materias optativas (M\u00ednimo: 8 cr\u00e9ditos)<\/strong><\/span><\/p>\n<p><strong><span style=\"font-size: small;\">Inferencia causal en epidemiolog\u00eda (2 cr\u00e9ditos) <a href=\"http:\/\/pbe.uem.br\/wp-content\/uploads\/2013\/05\/Estagio-Doc\u00eancia.doc \" target=\"_blank\"><img decoding=\"async\" loading=\"lazy\" style=\"border: 0px; margin: 0px;\" src=\"http:\/\/pbe.uem.br\/wp-content\/uploads\/2013\/05\/download4-150x150.png\" alt=\"\" width=\"19\" height=\"17\" \/><\/a><\/span><\/strong><br \/>\n<strong><span style=\"font-size: small;\">Modelos de regresi\u00f3n (3 cr\u00e9ditos) <a href=\"http:\/\/pbe.uem.br\/wp-content\/uploads\/2013\/05\/Modelos-de-Regress\u00e3o.pdf\" target=\"_blank\"><img decoding=\"async\" loading=\"lazy\" style=\"border: 0px; margin: 0px;\" src=\"http:\/\/pbe.uem.br\/wp-content\/uploads\/2013\/05\/download4-150x150.png\" alt=\"\" width=\"19\" height=\"17\" \/><\/a><\/span><\/strong><br \/>\n<strong><span style=\"font-size: small;\">Modelos lineales generalizados (4 cr\u00e9ditos) <a href=\"http:\/\/pbe.uem.br\/wp-content\/uploads\/2013\/05\/ Modelos-Lineares-Generalizados.pdf \" target=\"_blank\"><img decoding=\"async\" loading=\"lazy\" style=\"border: 0px; margin: 0px;\" src=\"http:\/\/pbe.uem.br\/wp-content\/uploads\/2013\/05\/download4-150x150.png\" alt=\"\" width=\"19\" height=\"17\" \/><\/a><\/span><\/strong><br \/>\n<strong><span style=\"font-size: small;\">An\u00e1lisis de datos longitudinales (4 cr\u00e9ditos) <a href=\"http:\/\/pbe.uem.br\/wp-content\/uploads\/2013\/05\/4027-Analise-de-Dados-Longitudinais-2014.pdf \" target=\"_blank\"><img decoding=\"async\" loading=\"lazy\" style=\"border: 0px; margin: 0px;\" src=\"http:\/\/pbe.uem.br\/wp-content\/uploads\/2013\/05\/download4-150x150.png\" alt=\"\" width=\"19\" height=\"17\" \/><\/a><\/span><\/strong><br \/>\n<strong><span style=\"font-size: small;\">An\u00e1lisis de datos categ\u00f3ricos (4 cr\u00e9ditos) <a href=\"http:\/\/pbe.uem.br\/wp-content\/uploads\/2013\/05\/Estagio-Doc\u00eancia.doc \" target=\"_blank\"><img decoding=\"async\" loading=\"lazy\" style=\"border: 0px; margin: 0px;\" src=\"http:\/\/pbe.uem.br\/wp-content\/uploads\/2013\/05\/download4-150x150.png\" alt=\"\" width=\"19\" height=\"17\" \/><\/a><\/span><\/strong><br \/>\n<strong><span style=\"font-size: small;\">Estad\u00edstica No Param\u00e9trica (3 cr\u00e9ditos) <a href=\"http:\/\/pbe.uem.br\/wp-content\/uploads\/2013\/05\/Estagio-Doc\u00eancia.doc \" target=\"_blank\"><img decoding=\"async\" loading=\"lazy\" style=\"border: 0px; margin: 0px;\" src=\"http:\/\/pbe.uem.br\/wp-content\/uploads\/2013\/05\/download4-150x150.png\" alt=\"\" width=\"19\" height=\"17\" \/><\/a><\/span><\/strong><br \/>\n<strong><span style=\"font-size: small;\">Planificaci\u00f3n y An\u00e1lisis de Experimentos Biol\u00f3gicos (4 cr\u00e9ditos) <a href=\"http:\/\/pbe.uem.br\/wp-content\/uploads\/2013\/05\/4030-Planejamento-e-Analise-de-Experimentos-Biologicos.pdf \" target=\"_blank\"><img decoding=\"async\" loading=\"lazy\" style=\"border: 0px; margin: 0px;\" src=\"http:\/\/pbe.uem.br\/wp-content\/uploads\/2013\/05\/download4-150x150.png\" alt=\"\" width=\"19\" height=\"17\" \/><\/a><\/span><\/strong><br \/>\n<strong><span style=\"font-size: small;\">An\u00e1lisis de supervivencia (4 cr\u00e9ditos) <a href=\"http:\/\/pbe.uem.br\/wp-content\/uploads\/2013\/05\/ An\u00e1lise-de-Sobreviv\u00eancia.pdf\" target=\"_blank\"><img decoding=\"async\" loading=\"lazy\" style=\"border: 0px; margin: 0px;\" src=\"http:\/\/pbe.uem.br\/wp-content\/uploads\/2013\/05\/download4-150x150.png\" alt=\"\" width=\"19\" height=\"17\" \/><\/a><\/span><\/strong><br \/>\n<strong><span style=\"font-size: small;\">Modelado de datos distribuidos espacialmente (4 cr\u00e9ditos) <a href=\"http:\/\/pbe.uem.br\/wp-content\/uploads\/2013\/05\/Estagio-Doc\u00eancia.doc\" target=\"_blank\"><img decoding=\"async\" loading=\"lazy\" style=\"border: 0px; margin: 0px;\" src=\"http:\/\/pbe.uem.br\/wp-content\/uploads\/2013\/05\/download4-150x150.png\" alt=\"\" width=\"19\" height=\"17\" \/><\/a><\/span><\/strong><br \/>\n<strong><span style=\"font-size: small;\">An\u00e1lisis Multivariado en Biolog\u00eda (4 cr\u00e9ditos) <a href=\"http:\/\/pbe.uem.br\/wp-content\/uploads\/2013\/05\/4033-An\u00e1lise-Multivariada-\u00e0-Biologia.pdf \" target=\"_blank\"><img decoding=\"async\" loading=\"lazy\" style=\"border: 0px; margin: 0px;\" src=\"http:\/\/pbe.uem.br\/wp-content\/uploads\/2013\/05\/download4-150x150.png\" alt=\"\" width=\"19\" height=\"17\" \/><\/a><\/span><\/strong><br \/>\n<strong><span style=\"font-size: small;\">Inferencia Bayesiana Aplicada (4 cr\u00e9ditos)<a href=\"http:\/\/pbe.uem.br\/wp-content\/uploads\/2013\/05\/Estagio-Doc\u00eancia.doc \" target=\"_blank\"><img decoding=\"async\" loading=\"lazy\" style=\"border: 0px; margin: 0px;\" src=\"http:\/\/pbe.uem.br\/wp-content\/uploads\/2013\/05\/download4-150x150.png\" alt=\"\" width=\"19\" height=\"17\" \/><\/a><\/span><\/strong><br \/>\n<strong><span style=\"font-size: small;\">Modelos Lineales y No Lineales Aplicados a la Farmacocin\u00e9tica (cambiado a Modelos Farmacocin\u00e9ticos) (1 cr\u00e9dito) <a href=\"http:\/\/pbe.uem.br\/wp-content\/uploads\/2013\/05\/Estagio-Doc\u00eancia.doc \" target=\"_blank\"><img decoding=\"async\" loading=\"lazy\" style=\"border: 0px; margin: 0px;\" src=\"http:\/\/pbe.uem.br\/wp-content\/uploads\/2013\/05\/download4-150x150.png\" alt=\"\" width=\"19\" height=\"17\" \/><\/a><\/span><\/strong><br \/>\n<strong><span style=\"font-size: small;\">Modelos farmacocin\u00e9ticos (1 cr\u00e9dito) <a href=\"http:\/\/pbe.uem.br\/wp-content\/uploads\/2013\/05\/Estagio-Doc\u00eancia.doc \" target=\"_blank\"><img decoding=\"async\" loading=\"lazy\" style=\"border: 0px; margin: 0px;\" src=\"http:\/\/pbe.uem.br\/wp-content\/uploads\/2013\/05\/download4-150x150.png\" alt=\"\" width=\"19\" height=\"17\" \/><\/a><\/span><\/strong><br \/>\n<strong><span style=\"font-size: small;\">Epidemiolog\u00eda (4 cr\u00e9ditos) <a href=\"http:\/\/pbe.uem.br\/wp-content\/uploads\/2013\/05\/Estagio-Doc\u00eancia.doc \" target=\"_blank\"><img decoding=\"async\" loading=\"lazy\" style=\"border: 0px; margin: 0px;\" src=\"http:\/\/pbe.uem.br\/wp-content\/uploads\/2013\/05\/download4-150x150.png\" alt=\"\" width=\"19\" height=\"17\" \/><\/a><\/span><\/strong><br \/>\n<strong><span style=\"font-size: small;\">Investigaci\u00f3n Cl\u00ednica (1 cr\u00e9dito) <a href=\"http:\/\/pbe.uem.br\/wp-content\/uploads\/2013\/05\/Estagio-Doc\u00eancia.doc \" target=\"_blank\"><img decoding=\"async\" loading=\"lazy\" style=\"border: 0px; margin: 0px;\" src=\"http:\/\/pbe.uem.br\/wp-content\/uploads\/2013\/05\/download4-150x150.png\" alt=\"\" width=\"19\" height=\"17\" \/><\/a><\/span><\/strong><br \/>\n<strong><span style=\"font-size: small;\">T\u00f3picos Especiais &#8211; Regress\u00e3o Logistica (1 cr\u00e9dito) <a href=\"http:\/\/pbe.uem.br\/wp-content\/uploads\/2013\/04\/4042-Topicos-especiais-Regress\u00e3o-Logistica.pdf \" target=\"_blank\"><img decoding=\"async\" loading=\"lazy\" style=\"border: 0px; margin: 0px;\" src=\"http:\/\/pbe.uem.br\/wp-content\/uploads\/2013\/05\/download4-150x150.png\" alt=\"\" width=\"19\" height=\"17\" \/><\/a><\/span><\/strong><br \/>\n<strong><span style=\"font-size: small;\">Modelos Lineales Generalizados Avanzados (2 cr\u00e9ditos) <a href=\"http:\/\/pbe.uem.br\/wp-content\/uploads\/2013\/05\/Estagio-Doc\u00eancia.doc \" target=\"_blank\"><img decoding=\"async\" loading=\"lazy\" style=\"border: 0px; margin: 0px;\" src=\"http:\/\/pbe.uem.br\/wp-content\/uploads\/2013\/05\/download4-150x150.png\" alt=\"\" width=\"19\" height=\"17\" \/><\/a><\/span><\/strong><br \/>\n<strong><span style=\"font-size: small;\">Temas Especiales \u2013 An\u00e1lisis de Ecuaciones Estructurales (2 cr\u00e9ditos) <a href=\"http:\/\/pbe.uem.br\/wp-content\/uploads\/2013\/05\/Estagio-Doc\u00eancia.doc \" target=\"_blank\"><img decoding=\"async\" loading=\"lazy\" style=\"border: 0px; margin: 0px;\" src=\"http:\/\/pbe.uem.br\/wp-content\/uploads\/2013\/05\/download4-150x150.png\" alt=\"\" width=\"19\" height=\"17\" \/><\/a><\/span><\/strong><br \/>\n<strong><span style=\"font-size: small;\">Principios de Muestreo Aplicados al \u00c1rea de Salud (2 cr\u00e9ditos) <a href=\"http:\/\/pbe.uem.br\/wp-content\/uploads\/2013\/05\/Estagio-Doc\u00eancia.doc \" target=\"_blank\"><img decoding=\"async\" loading=\"lazy\" style=\"border: 0px; margin: 0px;\" src=\"http:\/\/pbe.uem.br\/wp-content\/uploads\/2013\/05\/download4-150x150.png\" alt=\"\" width=\"19\" height=\"17\" \/><\/a><\/span><\/strong><br \/>\n<strong><span style=\"font-size: small;\">Serie temporal (4 cr\u00e9ditos) <a href=\"http:\/\/pbe.uem.br\/wp-content\/uploads\/2013\/05\/4041-S\u00e9ries-Temporais.pdf \" target=\"_blank\"><img decoding=\"async\" loading=\"lazy\" style=\"border: 0px; margin: 0px;\" src=\"http:\/\/pbe.uem.br\/wp-content\/uploads\/2013\/05\/download4-150x150.png\" alt=\"\" width=\"19\" height=\"17\" \/><\/a><\/span><\/strong><\/p>\n<p><!--\n\n\n<p class=\"MsoNoSpacing\" style=\"text-align: justify;\"><strong><span style=\"font-size: x-small;\">As disciplinas de nivelamento (6 cr\u00e9ditos) com as disciplinas obrigat\u00f3rias (16 cr\u00e9ditos) , o aluno completa 22 cr\u00e9ditos. <\/span><\/strong><strong><span style=\"font-size: x-small;\">Quem optar por fazer apenas a prova de admiss\u00e3o, caso aprovado, receber\u00e1 4 cr\u00e9ditos (2 para cada t\u00f3pico do nivelamento) e completar\u00e1 o m\u00ednimo de <span style=\"color: #000000;\">18 cr\u00e9ditos requeridos\/obrigat\u00f3rios<\/span>.<\/span>--><\/p>\n<p><\/dvi>[:en]testeeee[:]","protected":false},"excerpt":{"rendered":"[:pb] Disciplinas Nivelamento Introdu\u00e7\u00e3o \u00e0 Probabilidade (45 h) Introdu\u00e7\u00e3o \u00e0 \u00c1lgebra Linear e C\u00e1lculo (45 h) Disciplinas Obrigat\u00f3rias (M\u00ednino: 16 cr\u00e9ditos) Bioestat\u00edstica (3 cr\u00e9ditos) Estat\u00edstica Computacional Aplicada \u00e0 Bioestat\u00edstica (4 cr\u00e9ditos) Introdu\u00e7\u00e3o \u00e0 Infer\u00eancia Estat\u00edstica (4 cr\u00e9ditos) M\u00e9todos Estat\u00edsticos Epidemiol\u00f3gicos (3 cr\u00e9ditos) Metodologia de Pesquisa Cient\u00edfica (2 cr\u00e9ditos) Estagio Doc\u00eancia \u2013 obrigat\u00f3ria para bolsista da [&#8230;]","protected":false},"author":2,"featured_media":0,"parent":0,"menu_order":0,"comment_status":"closed","ping_status":"closed","template":"","meta":{"footnotes":""},"_links":{"self":[{"href":"http:\/\/pbe.uem.br\/es\/wp-json\/wp\/v2\/pages\/2440"}],"collection":[{"href":"http:\/\/pbe.uem.br\/es\/wp-json\/wp\/v2\/pages"}],"about":[{"href":"http:\/\/pbe.uem.br\/es\/wp-json\/wp\/v2\/types\/page"}],"author":[{"embeddable":true,"href":"http:\/\/pbe.uem.br\/es\/wp-json\/wp\/v2\/users\/2"}],"replies":[{"embeddable":true,"href":"http:\/\/pbe.uem.br\/es\/wp-json\/wp\/v2\/comments?post=2440"}],"version-history":[{"count":5,"href":"http:\/\/pbe.uem.br\/es\/wp-json\/wp\/v2\/pages\/2440\/revisions"}],"predecessor-version":[{"id":3377,"href":"http:\/\/pbe.uem.br\/es\/wp-json\/wp\/v2\/pages\/2440\/revisions\/3377"}],"wp:attachment":[{"href":"http:\/\/pbe.uem.br\/es\/wp-json\/wp\/v2\/media?parent=2440"}],"curies":[{"name":"wp","href":"https:\/\/api.w.org\/{rel}","templated":true}]}}