{"id":351,"date":"2023-10-16T00:00:55","date_gmt":"2023-10-16T03:00:55","guid":{"rendered":"http:\/\/pbe.uem.br\/?page_id=351"},"modified":"2026-02-19T17:19:31","modified_gmt":"2026-02-19T20:19:31","slug":"mestrado-academico-interdisciplinar-em-bio","status":"publish","type":"page","link":"http:\/\/pbe.uem.br\/es\/","title":{"rendered":"P\u00e1gina Principal"},"content":{"rendered":"<section class=\"section\" id=\"section_1640257060\">\n\t\t<div class=\"bg section-bg fill bg-fill  bg-loaded\" >\n\n\t\t\t\n\t\t\t\n\t\t\t\n\n\t\t<\/div>\n\n\t\t\n\n\t\t<div class=\"section-content relative\">\n\t\t\t\n\n  <div class=\"banner has-hover has-parallax\" id=\"banner-805461661\">\n          <div class=\"banner-inner fill\">\n        <div class=\"banner-bg fill\" data-parallax=\"-3\" data-parallax-container=\".banner\" data-parallax-background>\n            <div class=\"bg fill bg-fill\"><\/div>\n                        <div class=\"overlay\"><\/div>            \n                    <\/div>\n\t\t\n        <div class=\"banner-layers container\">\n            <div class=\"fill banner-link\"><\/div>            \n   <div id=\"text-box-1805381296\" class=\"text-box banner-layer x5 md-x5 lg-x5 y90 md-y90 lg-y90 res-text\">\n                                <div class=\"text-box-content text box-shadow-3 dark\">\n              \n              <div class=\"text-inner text-center\">\n                  \n\t<div id=\"text-1297318158\" class=\"text\">\n\t\t\n<p><span style=\"color: #ed1c24;\"><strong>ATEN\u00c7\u00c3O:<\/strong><\/span> J\u00e1 est\u00e3o dispon\u00edveis os editais que abrem as inscri\u00e7\u00f5es para as disciplinas do 1\u00ba Semestre de 2026, tanto para alunos regulares, quanto para alunos n\u00e3o regulares. Mais informa\u00e7\u00f5es no link:<span style=\"color: #ffff00;\"><strong> <a style=\"color: #ffff00;\" href=\"http:\/\/pbe.uem.br\/es\/cronograma\/\">http:\/\/pbe.uem.br\/cronograma\/<\/a><\/strong><\/span><\/p>\n<p>&nbsp;<\/p>\n<p>&nbsp;<\/p>\n<p>&nbsp;<\/p>\n\t\t\n<style>\n#text-1297318158 {\n  line-height: 1;\n}\n<\/style>\n\t<\/div>\n\t\n              <\/div>\n           <\/div>\n                            \n<style>\n#text-box-1805381296 .text-box-content {\n  background-color: rgb(46, 49, 140);\n  font-size: 100%;\n}\n#text-box-1805381296 .text-inner {\n  padding: 10px 15px 10px 15px;\n}\n#text-box-1805381296 {\n  width: 60%;\n}\n@media (min-width:550px) {\n  #text-box-1805381296 {\n    width: 30%;\n  }\n}\n<\/style>\n    <\/div>\n \n        <\/div>\n      <\/div>\n\n            \n<style>\n#banner-805461661 {\n  padding-top: 500px;\n}\n#banner-805461661 .bg.bg-loaded {\n  background-image: url(http:\/\/pbe.uem.br\/wp-content\/uploads\/2023\/10\/banner-01-min.png);\n}\n#banner-805461661 .overlay {\n  background-color: rgba(0, 0, 0, 0.2);\n}\n<\/style>\n  <\/div>\n\n\n\t\t<\/div>\n\n\t\t\n<style>\n#section_1640257060 {\n  padding-top: 0px;\n  padding-bottom: 0px;\n}\n<\/style>\n\t<\/section>\n\t\n\t<section class=\"section\" id=\"section_57040982\">\n\t\t<div class=\"bg section-bg fill bg-fill\" >\n\n\t\t\t\n\t\t\t\n\t\t\t\n\n\t\t<\/div>\n\n\t\t\n\n\t\t<div class=\"section-content relative\">\n\t\t\t\n<div class=\"row\"  id=\"row-204271660\">\n\n\t<div id=\"col-1750652804\" class=\"col medium-4 small-12 large-4\"  >\n\t\t\t\t<div class=\"col-inner\"  >\n\t\t\t\n\t\t\t\n\t<div class=\"box has-hover   has-hover box-badge hover-dark box-text-bottom\" >\n\n\t\t<div class=\"box-image\" >\n\t\t\t<a href=\"http:\/\/pbe.uem.br\/es\/novo\/documentos\/\" >\t\t\t<div class=\"image-cover\" style=\"padding-top:117%;\">\n\t\t\t\t<img width=\"600\" height=\"600\" src=\"http:\/\/pbe.uem.br\/wp-content\/uploads\/2023\/10\/Tumb-01.png\" class=\"attachment-original size-original\" alt=\"\" decoding=\"async\" loading=\"lazy\" srcset=\"http:\/\/pbe.uem.br\/wp-content\/uploads\/2023\/10\/Tumb-01.png 600w, http:\/\/pbe.uem.br\/wp-content\/uploads\/2023\/10\/Tumb-01-300x300.png 300w, http:\/\/pbe.uem.br\/wp-content\/uploads\/2023\/10\/Tumb-01-150x150.png 150w\" sizes=\"(max-width: 600px) 100vw, 600px\" \/>\t\t\t\t\t\t\t\t\t\t\t<\/div>\n\t\t\t<\/a>\t\t<\/div>\n\n\t\t<div class=\"box-text text-center\" >\n\t\t\t<div class=\"box-text-inner\">\n\t\t\t\t\n<h3>Documentos<\/h3>\n\t\t\t<\/div>\n\t\t<\/div>\n\t<\/div>\n\t\n\t\t<\/div>\n\t\t\t\t\t<\/div>\n\n\t\n\n\t<div id=\"col-1734587599\" class=\"col medium-4 small-12 large-4\"  >\n\t\t\t\t<div class=\"col-inner\"  >\n\t\t\t\n\t\t\t\n\t<div class=\"box has-hover   has-hover box-badge hover-dark box-text-bottom\" >\n\n\t\t<div class=\"box-image\" >\n\t\t\t<a href=\"http:\/\/pbe.uem.br\/es\/novo\/dissertacoes\/\" >\t\t\t<div class=\"image-cover\" style=\"padding-top:117%;\">\n\t\t\t\t<img width=\"600\" height=\"600\" src=\"http:\/\/pbe.uem.br\/wp-content\/uploads\/2023\/10\/Tumb-04.png\" class=\"attachment-original size-original\" alt=\"\" decoding=\"async\" loading=\"lazy\" srcset=\"http:\/\/pbe.uem.br\/wp-content\/uploads\/2023\/10\/Tumb-04.png 600w, http:\/\/pbe.uem.br\/wp-content\/uploads\/2023\/10\/Tumb-04-300x300.png 300w, http:\/\/pbe.uem.br\/wp-content\/uploads\/2023\/10\/Tumb-04-150x150.png 150w\" sizes=\"(max-width: 600px) 100vw, 600px\" \/>\t\t\t\t\t\t\t\t\t\t\t<\/div>\n\t\t\t<\/a>\t\t<\/div>\n\n\t\t<div class=\"box-text text-center\" >\n\t\t\t<div class=\"box-text-inner\">\n\t\t\t\t\n<h3>Disertaciones<\/h3>\n\t\t\t<\/div>\n\t\t<\/div>\n\t<\/div>\n\t\n\t\t<\/div>\n\t\t\t\t\t<\/div>\n\n\t\n\n\t<div id=\"col-2137535481\" class=\"col medium-4 small-12 large-4\"  >\n\t\t\t\t<div class=\"col-inner\"  >\n\t\t\t\n\t\t\t\n\t<div class=\"box has-hover   has-hover box-badge hover-dark box-text-bottom\" >\n\n\t\t<div class=\"box-image\" >\n\t\t\t<a href=\"http:\/\/pbe.uem.br\/es\/novo\/eventos\/\" >\t\t\t<div class=\"image-cover\" style=\"padding-top:117%;\">\n\t\t\t\t<img width=\"600\" height=\"600\" src=\"http:\/\/pbe.uem.br\/wp-content\/uploads\/2023\/10\/Tumb-06.png\" class=\"attachment-original size-original\" alt=\"\" decoding=\"async\" loading=\"lazy\" srcset=\"http:\/\/pbe.uem.br\/wp-content\/uploads\/2023\/10\/Tumb-06.png 600w, http:\/\/pbe.uem.br\/wp-content\/uploads\/2023\/10\/Tumb-06-300x300.png 300w, http:\/\/pbe.uem.br\/wp-content\/uploads\/2023\/10\/Tumb-06-150x150.png 150w\" sizes=\"(max-width: 600px) 100vw, 600px\" \/>\t\t\t\t\t\t\t\t\t\t\t<\/div>\n\t\t\t<\/a>\t\t<\/div>\n\n\t\t<div class=\"box-text text-center\" >\n\t\t\t<div class=\"box-text-inner\">\n\t\t\t\t\n<h3>Eventos<\/h3>\n\t\t\t<\/div>\n\t\t<\/div>\n\t<\/div>\n\t\n\t\t<\/div>\n\t\t\t\t\t<\/div>\n\n\t\n<\/div>\n<div class=\"row\"  id=\"row-771247647\">\n\n\t<div id=\"col-599777235\" class=\"col medium-4 small-12 large-4\"  >\n\t\t\t\t<div class=\"col-inner\"  >\n\t\t\t\n\t\t\t\n\t<div class=\"box has-hover   has-hover box-badge hover-dark box-text-bottom\" >\n\n\t\t<div class=\"box-image\" >\n\t\t\t<a href=\"http:\/\/pbe.uem.br\/es\/novo\/reunioes-conselho\/\" >\t\t\t<div class=\"image-cover\" style=\"padding-top:117%;\">\n\t\t\t\t<img width=\"600\" height=\"600\" src=\"http:\/\/pbe.uem.br\/wp-content\/uploads\/2023\/10\/Tumb-02.png\" class=\"attachment-original size-original\" alt=\"\" decoding=\"async\" loading=\"lazy\" srcset=\"http:\/\/pbe.uem.br\/wp-content\/uploads\/2023\/10\/Tumb-02.png 600w, http:\/\/pbe.uem.br\/wp-content\/uploads\/2023\/10\/Tumb-02-300x300.png 300w, http:\/\/pbe.uem.br\/wp-content\/uploads\/2023\/10\/Tumb-02-150x150.png 150w\" sizes=\"(max-width: 600px) 100vw, 600px\" \/>\t\t\t\t\t\t\t\t\t\t\t<\/div>\n\t\t\t<\/a>\t\t<\/div>\n\n\t\t<div class=\"box-text text-center\" >\n\t\t\t<div class=\"box-text-inner\">\n\t\t\t\t\n<h3>Reuniones \/ Consejo<\/h3>\n\t\t\t<\/div>\n\t\t<\/div>\n\t<\/div>\n\t\n\t\t<\/div>\n\t\t\t\t\t<\/div>\n\n\t\n\n\t<div id=\"col-1431081801\" class=\"col medium-4 small-12 large-4\"  >\n\t\t\t\t<div class=\"col-inner\"  >\n\t\t\t\n\t\t\t\n\t<div class=\"box has-hover   has-hover box-badge hover-dark box-text-bottom\" >\n\n\t\t<div class=\"box-image\" >\n\t\t\t<a href=\"http:\/\/pbe.uem.br\/es\/novo\/parcerias-links\/\" >\t\t\t<div class=\"image-cover\" style=\"padding-top:117%;\">\n\t\t\t\t<img width=\"600\" height=\"600\" src=\"http:\/\/pbe.uem.br\/wp-content\/uploads\/2023\/10\/Tumb-05.png\" class=\"attachment-original size-original\" alt=\"\" decoding=\"async\" loading=\"lazy\" srcset=\"http:\/\/pbe.uem.br\/wp-content\/uploads\/2023\/10\/Tumb-05.png 600w, http:\/\/pbe.uem.br\/wp-content\/uploads\/2023\/10\/Tumb-05-300x300.png 300w, http:\/\/pbe.uem.br\/wp-content\/uploads\/2023\/10\/Tumb-05-150x150.png 150w\" sizes=\"(max-width: 600px) 100vw, 600px\" \/>\t\t\t\t\t\t\t\t\t\t\t<\/div>\n\t\t\t<\/a>\t\t<\/div>\n\n\t\t<div class=\"box-text text-center\" >\n\t\t\t<div class=\"box-text-inner\">\n\t\t\t\t\n<h3>Asociaci\u00f3n y enlaces<\/h3>\n\t\t\t<\/div>\n\t\t<\/div>\n\t<\/div>\n\t\n\t\t<\/div>\n\t\t\t\t\t<\/div>\n\n\t\n\n\t<div id=\"col-1061479999\" class=\"col medium-4 small-12 large-4\"  >\n\t\t\t\t<div class=\"col-inner\"  >\n\t\t\t\n\t\t\t\n\t<div class=\"box has-hover   has-hover box-badge hover-dark box-text-bottom\" >\n\n\t\t<div class=\"box-image\" >\n\t\t\t<a href=\"http:\/\/pbe.uem.br\/es\/novo\/auto-avaliacao\/\" >\t\t\t<div class=\"image-cover\" style=\"padding-top:117%;\">\n\t\t\t\t<img width=\"600\" height=\"600\" src=\"http:\/\/pbe.uem.br\/wp-content\/uploads\/2023\/10\/Tumb-03.png\" class=\"attachment-original size-original\" alt=\"\" decoding=\"async\" loading=\"lazy\" srcset=\"http:\/\/pbe.uem.br\/wp-content\/uploads\/2023\/10\/Tumb-03.png 600w, http:\/\/pbe.uem.br\/wp-content\/uploads\/2023\/10\/Tumb-03-300x300.png 300w, http:\/\/pbe.uem.br\/wp-content\/uploads\/2023\/10\/Tumb-03-150x150.png 150w\" sizes=\"(max-width: 600px) 100vw, 600px\" \/>\t\t\t\t\t\t\t\t\t\t\t<\/div>\n\t\t\t<\/a>\t\t<\/div>\n\n\t\t<div class=\"box-text text-center\" >\n\t\t\t<div class=\"box-text-inner\">\n\t\t\t\t\n<h3>Autoevaluaci\u00f3n<\/h3>\n\t\t\t<\/div>\n\t\t<\/div>\n\t<\/div>\n\t\n\t\t<\/div>\n\t\t\t\t\t<\/div>\n\n\t\n<\/div>\n<span class=\"scroll-to\" data-label=\"Scroll to: #programa\" data-bullet=\"false\" data-link=\"#programa\" data-title=\"O Programa\" ><a name=\"programa\"><\/a><\/span>\n<div class=\"row row-collapse row-full-width align-middle align-center\"  id=\"row-1492137759\">\n\n\t<div id=\"col-1046273729\" class=\"col large-12\"  >\n\t\t\t\t<div class=\"col-inner text-center\" style=\"background-color:rgb(179, 0, 0);\" >\n\t\t\t\n\t\t\t\n\t<div id=\"text-3925934911\" class=\"text\">\n\t\t\n<p class=\"thin-font\"><span style=\"font-size: 170%;\"><strong>Programa de Postgrado en Bioestad\u00edstica \u2013 PBE <\/strong><\/span><\/p>\n\t\t\n<style>\n#text-3925934911 {\n  text-align: center;\n  color: rgb(255, 255, 255);\n}\n#text-3925934911 > * {\n  color: rgb(255, 255, 255);\n}\n<\/style>\n\t<\/div>\n\t\n\t\t<\/div>\n\t\t\t\t\t<\/div>\n\n\t\n<\/div>\n\t<div id=\"gap-1413147674\" class=\"gap-element clearfix\" style=\"display:block; height:auto;\">\n\t\t\n<style>\n#gap-1413147674 {\n  padding-top: 30px;\n}\n<\/style>\n\t<\/div>\n\t\n<div class=\"row align-middle\"  id=\"row-1775031180\">\n\n\t<div id=\"col-1896702648\" class=\"col medium-4 small-12 large-4\"  >\n\t\t\t\t<div class=\"col-inner\"  >\n\t\t\t\n\t\t\t\n\t<div class=\"img has-hover x md-x lg-x y md-y lg-y\" id=\"image_1755818888\">\n\t\t\t\t\t\t\t\t<div class=\"img-inner dark\" >\n\t\t\t<img width=\"991\" height=\"988\" src=\"http:\/\/pbe.uem.br\/wp-content\/uploads\/2023\/11\/Cartaz-Avaliacao-do-MEC.png\" class=\"attachment-large size-large\" alt=\"\" decoding=\"async\" loading=\"lazy\" srcset=\"http:\/\/pbe.uem.br\/wp-content\/uploads\/2023\/11\/Cartaz-Avaliacao-do-MEC.png 991w, http:\/\/pbe.uem.br\/wp-content\/uploads\/2023\/11\/Cartaz-Avaliacao-do-MEC-300x300.png 300w, http:\/\/pbe.uem.br\/wp-content\/uploads\/2023\/11\/Cartaz-Avaliacao-do-MEC-150x150.png 150w, http:\/\/pbe.uem.br\/wp-content\/uploads\/2023\/11\/Cartaz-Avaliacao-do-MEC-768x766.png 768w, http:\/\/pbe.uem.br\/wp-content\/uploads\/2023\/11\/Cartaz-Avaliacao-do-MEC-12x12.png 12w\" sizes=\"(max-width: 991px) 100vw, 991px\" \/>\t\t\t\t\t\t\n\t\t\t\t\t<\/div>\n\t\t\t\t\t\t\t\t\n<style>\n#image_1755818888 {\n  width: 100%;\n}\n<\/style>\n\t<\/div>\n\t\n\t\t<\/div>\n\t\t\t\t\t<\/div>\n\n\t\n\n\t<div id=\"col-1016599140\" class=\"col medium-8 small-12 large-8\"  >\n\t\t\t\t<div class=\"col-inner\"  >\n\t\t\t\n\t\t\t\n<h3 style=\"text-align: justify;\">Aprovado o Curso de Doutorado em Bioestat\u00edstica da UEM<\/h3>\n<p>&nbsp;<\/p>\n<p style=\"text-align: justify;\">O doutorado acad\u00eamico interdisciplinar em Bioestat\u00edstica foi aprovado por meio da Portaria n\u00ba 749\/2024-MEC, de 29 de julho de 2024, item 27 da 226\u00aa Reuni\u00e3o do Conselho T\u00e9cnico-Cient\u00edfico da Educa\u00e7\u00e3o Superior &#8211; CTC-ES, da Coordena\u00e7\u00e3o de Aperfei\u00e7oamento de Pessoal de N\u00edvel Superior &#8211; Capes. A referida portaria foi publicada em Di\u00e1rio Oficial da Uni\u00e3o, de 31\/07\/2024, Edi\u00e7\u00e3o n\u00ba 146, Se\u00e7\u00e3o 1, P\u00e1gina 35.<\/p>\n<p>O novo Regulamento do Programa de P\u00f3s-Gradua\u00e7\u00e3o em Bioestat\u00edstica \u2013 N\u00edvel: Mestrado e Doutorado, foi aprovado por meio da Resolu\u00e7\u00e3o n\u00ba 009\/2025-PBE, de 24\/09\/2025, e pela Resolu\u00e7\u00e3o n\u00ba 098\/2025-CI\/CCE, de 03\/10\/2025, com base nas Resolu\u00e7\u00f5es n\u00ba 007\/2025-CEP e 008\/2025-CEP, as quais aprovaram as novas normas para os Programas de P\u00f3s-Gradua\u00e7\u00e3o <em>Stricto Sensu<\/em> da Universidade Estadual de Maring\u00e1.<\/p>\n<p>Assim como o mestrado, o doutorado tamb\u00e9m \u00e9 interdisciplinar e tem como meta principal proporcionar aos profissionais condi\u00e7\u00f5es de fazer planejamentos adequados, utilizar metodologias estat\u00edsticas apropriadas e com isso obter resultados robustos e fidedignos em estudos da sa\u00fade, biol\u00f3gicos, entre outros. Al\u00e9m destes aspectos, dadas as sub\u00e1reas de atua\u00e7\u00e3o, o profissional no final do curso dever\u00e1 estar apto a compreender os fen\u00f4menos da \u00e1rea de sa\u00fade e biol\u00f3gicas e suas interrela\u00e7\u00f5es sociais, de modo a fazer conex\u00f5es causais entre doen\u00e7as e fatores de risco. Dentro destas perspectivas de atingir as qualifica\u00e7\u00f5es propostas, o programa tem como filosofia fomentar a inter e transdisciplinaridade entre o corpo docente, discente e pesquisadores das \u00e1reas de sa\u00fade e biol\u00f3gicas. Al\u00e9m disso, desenvolver atitudes e valores \u00e9ticos na pesquisa.<\/p>\n<p style=\"text-align: justify;\"><strong>-&gt; Dura\u00e7\u00e3o:<\/strong><\/p>\n<ul style=\"text-align: justify;\">\n<li>M\u00ednima: 36 meses<\/li>\n<li>M\u00e1xima: 48 meses<\/li>\n<\/ul>\n<p style=\"text-align: justify;\"><strong>-&gt; Cr\u00e9ditos (M\u00ednimo de 40 cr\u00e9ditos):<\/strong><\/p>\n<ul>\n<li>a) 28 cr\u00e9ditos em disciplinas, dos quais pelo menos 12 dever\u00e3o ser cursados em disciplinas, de n\u00edvel doutorado, constantes na Tabela 1 do Anexo I (Disciplinas Obrigat\u00f3rias), conforme indica\u00e7\u00e3o do orientador;<\/li>\n<li>b) 12 cr\u00e9ditos em atividades complementares;<\/li>\n<\/ul>\n<p style=\"text-align: justify;\">&#8211; Documento de Reconhecimento do Programa conforme Portaria do MEC: Portaria n\u00ba 749\/2024-MEC, de 29 de julho de 2024, item 27 da 226\u00aa Reuni\u00e3o do Conselho T\u00e9cnico-Cient\u00edfico da Educa\u00e7\u00e3o Superior &#8211; CTC-ES &#8211; CAPES, publicado no Di\u00e1rio Oficial da Uni\u00e3o, de 31\/07\/2024, Edi\u00e7\u00e3o n\u00ba 146, Se\u00e7\u00e3o 1, P\u00e1gina 35.<\/p>\n<p>&nbsp;<\/p>\n<h3 style=\"text-align: justify;\">Nota 4 na avalia\u00e7\u00e3o Capes Quadri\u00eanio 2021<\/h3>\n<p>&nbsp;<\/p>\n<p style=\"text-align: justify;\">El posgrado interdisciplinar en Bioestad\u00edstica tiene como meta principal proporcionar a los profesionales condiciones de hacer planificaciones adecuadas, utilizar metodolog\u00edas estad\u00edsticas apropiadas y con eso obtener resultados robustos y fidedignos en estudios de salud, biol\u00f3gicos, entre otros. Adem\u00e1s de estos aspectos, dadas las sub\u00e1reas de actuaci\u00f3n, el profesional, al final del curso, deber\u00e1 estar apto para comprender los fen\u00f3menos del \u00e1rea de salud y biol\u00f3gicas y sus interrelaciones sociales, para hacer conexiones causales entre enfermedades y factores de riesgo. Dentro de estas perspectivas de alcanzar las calificaciones propuestas, el programa tiene como filosof\u00eda fomentar la inter y transdisciplinariedad entre el cuerpo docente, discente y investigadores de las \u00e1reas de salud y biol\u00f3gicas. Adem\u00e1s, desarrollar actitudes y valores \u00e9ticos en la investigaci\u00f3n.<\/p>\n<p style=\"text-align: justify;\"><strong>-&gt; Dura\u00e7\u00e3o:<\/strong><\/p>\n<ul style=\"text-align: justify;\">\n<li>M\u00ednimo: 12 meses<\/li>\n<li>M\u00e1ximo: 24 meses<\/li>\n<\/ul>\n<p style=\"text-align: justify;\"><strong>-&gt; Cr\u00e9ditos (m\u00ednimo de 32 cr\u00e9ditos):<\/strong><\/p>\n<ul>\n<li>a) 24 cr\u00e9ditos em disciplinas, dos quais pelo menos 8 dever\u00e3o ser cursados em disciplinas, de n\u00edvel mestrado, constantes na Tabela 1 do Anexo I do Regulamento do PBE (Disciplinas Obrigat\u00f3rias), conforme indica\u00e7\u00e3o do orientador;<\/li>\n<li>b) 8 cr\u00e9ditos em atividades complementares.<\/li>\n<\/ul>\n<p style=\"text-align: justify;\">\u2013 Documento de Reconocimiento del Programa de acuerdo con la Portar\u00eda del MEC (ministerio de la educaci\u00f3n y cultura): Homologaci\u00f3n de las 141\u00aa y 142\u00aa reuniones del CTC-ES, Parecer CNE\/CES 87\/2013.<\/p>\n\t\t<\/div>\n\t\t\t\t\t<\/div>\n\n\t\n<\/div>\n\t<div id=\"gap-945892263\" class=\"gap-element clearfix\" style=\"display:block; height:auto;\">\n\t\t\n<style>\n#gap-945892263 {\n  padding-top: 30px;\n}\n<\/style>\n\t<\/div>\n\t\n<span class=\"scroll-to\" data-label=\"Scroll to: #depto-estatistica\" data-bullet=\"false\" data-link=\"#depto-estatistica\" data-title=\"Depto de Estatistica\" ><a name=\"depto-estatistica\"><\/a><\/span>\n<div class=\"row row-collapse row-full-width align-middle align-center\"  id=\"row-1779227241\">\n\n\t<div id=\"col-1088482610\" class=\"col large-12\"  >\n\t\t\t\t<div class=\"col-inner text-center\" style=\"background-color:rgb(179, 0, 0);\" >\n\t\t\t\n\t\t\t\n\t<div id=\"text-2724769837\" class=\"text\">\n\t\t\n<p class=\"thin-font\"><span style=\"font-size: 170%;\"><strong>Departamento de Estad\u00edstica<br \/>\n<\/strong><\/span><\/p>\n\t\t\n<style>\n#text-2724769837 {\n  text-align: center;\n  color: rgb(255, 255, 255);\n}\n#text-2724769837 > * {\n  color: rgb(255, 255, 255);\n}\n<\/style>\n\t<\/div>\n\t\n\t\t<\/div>\n\t\t\t\t\t<\/div>\n\n\t\n<\/div>\n\t<div id=\"gap-1481204727\" class=\"gap-element clearfix\" style=\"display:block; height:auto;\">\n\t\t\n<style>\n#gap-1481204727 {\n  padding-top: 30px;\n}\n<\/style>\n\t<\/div>\n\t\n<div class=\"row\"  id=\"row-170620677\">\n\n\t<div id=\"col-638318110\" class=\"col medium-5 small-12 large-5\"  >\n\t\t\t\t<div class=\"col-inner\"  >\n\t\t\t\n\t\t\t\n<p><a href=\"http:\/\/pbe.uem.br\/wp-content\/uploads\/2020\/11\/DES.jpg\"><img decoding=\"async\" loading=\"lazy\" class=\"alignnone wp-image-4582 size-full\" src=\"http:\/\/pbe.uem.br\/novo\/wp-content\/uploads\/2020\/11\/DES.jpg\" alt=\"\" width=\"500\" height=\"333\" srcset=\"http:\/\/pbe.uem.br\/wp-content\/uploads\/2020\/11\/DES.jpg 500w, http:\/\/pbe.uem.br\/wp-content\/uploads\/2020\/11\/DES-300x200.jpg 300w\" sizes=\"(max-width: 500px) 100vw, 500px\" \/><\/a><\/p>\n\t\t<\/div>\n\t\t\t\t\t<\/div>\n\n\t\n\n\t<div id=\"col-594611169\" class=\"col medium-7 small-12 large-7\"  >\n\t\t\t\t<div class=\"col-inner\"  >\n\t\t\t\n\t\t\t\n<p style=\"text-align: justify;\">En 1970, con la creaci\u00f3n del Departamento de Matem\u00e1ticas (DMA) en el Centro de Ciencias Exactas (CCE), parte de su profesorado se encargaba de materias del \u00e1rea de Estad\u00edstica. En 1988, mediante Resoluci\u00f3n n\u00ba 019\/88-COU, el Departamento de Estad\u00edstica (<a href=\"http:\/\/www.des.uem.br\">DES<\/a>) de la Universidad Estadual de Maring\u00e1 (UEM) est\u00e1 separada de la DMA.<\/p>\n<p class=\"western\" style=\"text-align: justify;\">En 1999, mediante Resoluci\u00f3n n\u00ba 162\/99-CEP, se aprob\u00f3 el primer proyecto pedag\u00f3gico para la Carrera de Graduaci\u00f3n en Estad\u00edstica \u2013 Licenciatura, en el DES. El curso fue reconocido y revalidado en 2011.<\/p>\n<p class=\"western\" style=\"text-align: justify;\">Durante muchos a\u00f1os, DES y DMA compartieron el mismo edificio (Bloque F67) en sus funciones, hasta que en 2012 (2\/9\/2012), el Departamento de Estad\u00edstica gan\u00f3 definitivamente su Bloque, E90.<\/p>\n<p class=\"western\" style=\"text-align: justify;\">En la estructura colegiada de la UEM, el Departamento de Estad\u00edstica ha sido responsable de ofrecer materias, en el \u00e1rea de su competencia, para m\u00e1s de 45 cursos de pregrado, adem\u00e1s de cursos\u00a0<i>Stricto Sensu<\/i>\u00a0e\u00a0<i>Lato Sensu<\/i>\u00a0de la Universidad.<\/p>\n<p class=\"western\" style=\"text-align: justify;\">La importancia del DES en diferentes contextos radica en su rol directo y\/o indirecto en el desarrollo de diversas actividades de docencia, investigaci\u00f3n y extensi\u00f3n, adem\u00e1s de la responsabilidad directa del curso de pregrado en <a href=\"http:\/\/www.des.uem.br\">Estad\u00edstica<\/a> y el Programa de Postgrado (Maestr\u00eda) en Bioestad\u00edstica (PBE), iniciado en 2013.<\/p>\n\t\t<\/div>\n\t\t\t\t\t<\/div>\n\n\t\n<\/div>\n\t\t<\/div>\n\n\t\t\n<style>\n#section_57040982 {\n  padding-top: 30px;\n  padding-bottom: 30px;\n}\n#section_57040982 .section-bg.bg-loaded {\n  background-image: url(http:\/\/pbe.uem.br\/wp-content\/uploads\/2023\/10\/fundo-site-min.png);\n}\n<\/style>\n\t<\/section>","protected":false},"excerpt":{"rendered":"","protected":false},"author":1313,"featured_media":0,"parent":0,"menu_order":0,"comment_status":"closed","ping_status":"closed","template":"page-blank.php","meta":{"footnotes":""},"_links":{"self":[{"href":"http:\/\/pbe.uem.br\/es\/wp-json\/wp\/v2\/pages\/351"}],"collection":[{"href":"http:\/\/pbe.uem.br\/es\/wp-json\/wp\/v2\/pages"}],"about":[{"href":"http:\/\/pbe.uem.br\/es\/wp-json\/wp\/v2\/types\/page"}],"author":[{"embeddable":true,"href":"http:\/\/pbe.uem.br\/es\/wp-json\/wp\/v2\/users\/1313"}],"replies":[{"embeddable":true,"href":"http:\/\/pbe.uem.br\/es\/wp-json\/wp\/v2\/comments?post=351"}],"version-history":[{"count":189,"href":"http:\/\/pbe.uem.br\/es\/wp-json\/wp\/v2\/pages\/351\/revisions"}],"predecessor-version":[{"id":6096,"href":"http:\/\/pbe.uem.br\/es\/wp-json\/wp\/v2\/pages\/351\/revisions\/6096"}],"wp:attachment":[{"href":"http:\/\/pbe.uem.br\/es\/wp-json\/wp\/v2\/media?parent=351"}],"curies":[{"name":"wp","href":"https:\/\/api.w.org\/{rel}","templated":true}]}}