{"id":4508,"date":"2020-05-12T17:56:31","date_gmt":"2020-05-12T20:56:31","guid":{"rendered":"http:\/\/pbe.uem.br\/?page_id=4508"},"modified":"2021-06-19T12:40:28","modified_gmt":"2021-06-19T15:40:28","slug":"bioestatistica-e-o-covid","status":"publish","type":"page","link":"http:\/\/pbe.uem.br\/es\/bioestatistica-e-o-covid\/","title":{"rendered":"[:pb]Bioestat\u00edstica e o Covid-19[:]"},"content":{"rendered":"[:pb]O Programa de P\u00f3s Gradua\u00e7\u00e3o em Bioestat\u00edstica tem participado de pesquisas relacionadas ao novo v\u00edrus Covid-19.<\/p>\n<p>Al\u00e9m de modelagem e an\u00e1lises em parceria com outros programas dentro e fora da UEM, tem participado de projetos enviados \u00e0s ag\u00eancias de fomento tais como\u00a0 CAPES e CNPq.<\/p>\n<p>E sob a coordena\u00e7\u00e3o da Prof. Dra. Isolde Previdelli, tamb\u00e9m estamos organizando lives para que todos possam se inteirar a respeito das pesquisas e demais informa\u00e7\u00f5es, desenvolvidas por renomados pesquisadores do Brasil e do exterior.<\/p>\n<ul>\n<li>A empresa Gluco Scan, de Maring\u00e1-PR, em parceria cient\u00edfica com a Universidade Estadual de Maring\u00e1 (UEM), desenvolveu um software mundialmente inovador para o diagn\u00f3stico da Covid-19. Batizado de\u00a0<em>SpectroCheck<\/em>, para funcionar ele \u00e9 inclu\u00eddo em um aparelho port\u00e1til analisador de espectro a fim de detectar em tr\u00eas segundos a presen\u00e7a ou a aus\u00eancia do novo coronav\u00edrus (Sars-Cov-2) em humanos. O n\u00edvel de confian\u00e7a (acur\u00e1cia) \u00e9 de 90%. In\u00e9dita, a tecnologia \u00e9 capaz de muito em breve estar acess\u00edvel como ferramenta de triagem em massa da doen\u00e7a para a popula\u00e7\u00e3o de todo o planeta, contribuindo para a sa\u00fade p\u00fablica.\n<p>Os pesquisadores alcan\u00e7aram, no\u00a0<em>SpectroCheck<\/em>, 83,87% de sensibilidade (capacidade de acertar o resultado positivo) e 91,07% de especificidade (capacidade de acertar o resultado negativo). S\u00e3o dados cient\u00edficos bastante promissores para o aux\u00edlio ao combate \u00e0 pandemia da Covid-19, tanto que eles foram apresentados \u00e0 imprensa durante entrevista coletiva realizada hoje (18) no c\u00e2mpus sede da UEM, em Maring\u00e1, com presen\u00e7a do reitor, Julio C\u00e9sar Damasceno, e do vice-reitor, Ricardo Dias Silva. Os resultados de rastreamento ficam integrados \u00e0 mem\u00f3ria do aparelho, que cabe na palma da m\u00e3o e tem tecnologia\u00a0<em>bluetooth<\/em>, o que facilita a transmiss\u00e3o de dados a nuvens, computadores e\u00a0<em>smartphones<\/em>.<\/p>\n<p><a href=\"http:\/\/pbe.uem.br\/wp-content\/uploads\/2021\/06\/Gluco-Scam-3.png\"><img decoding=\"async\" loading=\"lazy\" class=\"alignnone size-medium wp-image-4772\" src=\"http:\/\/pbe.uem.br\/wp-content\/uploads\/2021\/06\/Gluco-Scam-3-300x184.png\" alt=\"\" width=\"300\" height=\"184\" srcset=\"http:\/\/pbe.uem.br\/wp-content\/uploads\/2021\/06\/Gluco-Scam-3-300x184.png 300w, http:\/\/pbe.uem.br\/wp-content\/uploads\/2021\/06\/Gluco-Scam-3.png 415w\" sizes=\"(max-width: 300px) 100vw, 300px\" \/><\/a><\/li>\n<li><em>SpectroCheck<\/em> analisa a l\u00edngua e resultado sai em 3 segundos; tecnologia in\u00e9dita no mundo pode ser usada em massa. A Gluco Scan notificou\u00a0<em>SpectroCheck<\/em> \u00e0 Ag\u00eancia Nacional de Vigil\u00e2ncia Sanit\u00e1ria (Anvisa) em 7 de junho como software m\u00e9dico. Com aval pr\u00e9vio do Comit\u00ea Permanente de \u00c9tica em Pesquisa com Seres Humanos (Copep) da UEM para o estudo, de 12 a 29 de maio o software de diagn\u00f3stico ultrarr\u00e1pido de Covid-19 foi testado em 970 pessoas, preservadas as identidades de todas. Os resultados positivos das amostras coletadas, interpretados por profissionais de sa\u00fade, foram submetidos a posterior contraprova em um laborat\u00f3rio de Maring\u00e1 por meio do exame padr\u00e3o-ouro de RT-PCR (haste longa e est\u00e9ril introduzida no nariz ou na garganta).<\/li>\n<li>\n<h4>Como funciona?<\/h4>\n<p>O espectrofot\u00f4metro com o software\u00a0<em>SpectroCheck<\/em>\u00a0faz o escaneamento molecular da saliva humana contida na l\u00edngua. N\u00e3o \u00e9 invasivo ao paciente e recebe uma troca de filtro pl\u00e1stico transparente a cada uso, seguindo rigorosos protocolos de biosseguran\u00e7a e atento \u00e0s boas pr\u00e1ticas de engenharia de software. O Departamento de Estat\u00edstica (DES) e o Programa de P\u00f3s-Gradua\u00e7\u00e3o em Bioestat\u00edstica (PBE) da UEM colaboraram na an\u00e1lise de dados, assim como os testes de radia\u00e7\u00e3o seguiram um procedimento de laborat\u00f3rio israelense, credenciado por uma associa\u00e7\u00e3o dos Estados Unidos.<\/p>\n<p>O coordenador do projeto, Dennis Armando Bertolini, professor do Departamento de An\u00e1lises Cl\u00ednicas e Biomedicina (DAB) e do Programa de P\u00f3s-Gradua\u00e7\u00e3o em Ci\u00eancias da Sa\u00fade (PCS) da UEM, explica que para a realiza\u00e7\u00e3o do teste o aparelho \u00e9 apontado para a l\u00edngua, a uma dist\u00e2ncia de 1 cm a 10 cm, e emite um raio infravermelho, indolor, que transforma em gr\u00e1fico digital a leitura da espectrometria de massa \u2013 m\u00e9todo de an\u00e1lise \u00f3ptico mais utilizado em investiga\u00e7\u00f5es biol\u00f3gicas. \u201cComo a Covid-19, principalmente no in\u00edcio, atinge o trato respirat\u00f3rio superior, o v\u00edrus \u00e9 detectado na boca e, consequentemente, na saliva humana\u201d, justifica Bertolini. O detector coleta amostras espectrais de saliva em uma faixa de comprimento de onda de 740 a 1.070 nan\u00f4metros.<\/li>\n<li><a href=\"http:\/\/pbe.uem.br\/wp-content\/uploads\/2021\/06\/Gluco-Scam-2.png\"><img decoding=\"async\" loading=\"lazy\" class=\"alignnone size-medium wp-image-4774\" src=\"http:\/\/pbe.uem.br\/wp-content\/uploads\/2021\/06\/Gluco-Scam-2-300x184.png\" alt=\"\" width=\"300\" height=\"184\" srcset=\"http:\/\/pbe.uem.br\/wp-content\/uploads\/2021\/06\/Gluco-Scam-2-300x184.png 300w, http:\/\/pbe.uem.br\/wp-content\/uploads\/2021\/06\/Gluco-Scam-2.png 749w\" sizes=\"(max-width: 300px) 100vw, 300px\" \/><\/a><\/li>\n<li>Triagem deve ser feita por profissionais de sa\u00fade, aptos a interpretar resultado instant\u00e2neo.<\/li>\n<li>De acordo com informa\u00e7\u00f5es contidas no relat\u00f3rio de valida\u00e7\u00e3o do software\u00a0<em>SpectroCheck<\/em>, formulado por UEM e Gluco Scan, \u201co teste n\u00e3o exige a apresenta\u00e7\u00e3o de sintomas relacionados \u00e0 Covid-19 ou uma quantidade m\u00ednima de dias para sua execu\u00e7\u00e3o, bem como n\u00e3o apresenta resultado espec\u00edfico quantitativo sobre anticorpos relacionados ao mesmo, ou percentual quantitativo de carga viral positiva em pacientes contaminados\u201d. Ou seja, a triagem confirma ou refuta a presen\u00e7a de part\u00edculas virais de Sars-Cov-2 na fase assintom\u00e1tica ou inicial da doen\u00e7a.\n<p>Jo\u00e3o Ot\u00e1vio Sedovski Garcia, diretor de desenvolvimento e pesquisa do\u00a0<em>SpectroCheck<\/em>, conta que desde junho de 2020 vem trabalhando no software para detec\u00e7\u00e3o da Covid-19, mas anteriormente havia pesquisado o uso da aplica\u00e7\u00e3o para an\u00e1lise de outros par\u00e2metros, por exemplo a dengue. \u201cO\u00a0<em>SpectroCheck<\/em>\u00a0detecta a Covid-19 em pacientes assintom\u00e1ticos com alt\u00edssima precis\u00e3o. E o mais importante: possibilita pesquisas futuras em diagn\u00f3stico de outras doen\u00e7as, pois a espectrometria de massa \u00e9 uma t\u00e9cnica de detec\u00e7\u00e3o molecular aplicada a diversas subst\u00e2ncias\u201d.<\/p>\n<p>A empresa Gluco Scan notificou o\u00a0<em>SpectroCheck<\/em>\u00a0\u00e0 Ag\u00eancia Nacional de Vigil\u00e2ncia Sanit\u00e1ria (Anvisa) em 7 de junho como software m\u00e9dico. A Gluco Scan de Maring\u00e1 est\u00e1 em tratativas para a disponibiliza\u00e7\u00e3o comercial da tecnologia.<\/li>\n<li><a href=\"http:\/\/pbe.uem.br\/wp-content\/uploads\/2021\/06\/Gluco-Scam-1.png\"><img decoding=\"async\" loading=\"lazy\" class=\"alignnone size-medium wp-image-4773\" src=\"http:\/\/pbe.uem.br\/wp-content\/uploads\/2021\/06\/Gluco-Scam-1-300x183.png\" alt=\"\" width=\"300\" height=\"183\" srcset=\"http:\/\/pbe.uem.br\/wp-content\/uploads\/2021\/06\/Gluco-Scam-1-300x183.png 300w, http:\/\/pbe.uem.br\/wp-content\/uploads\/2021\/06\/Gluco-Scam-1.png 634w\" sizes=\"(max-width: 300px) 100vw, 300px\" \/><\/a><\/li>\n<li>Al\u00e9m dos j\u00e1 citados, o\u00a0<em>SpectroCheck<\/em>\u00a0foi resultado do trabalho de uma equipe multidisciplinar: <strong>Eniuce Menezes de Souza<\/strong>, docente do Departamento de Estat\u00edstica DES-UEM e do Programa de P\u00f3s-Gradua\u00e7\u00e3o em Bioestat\u00edstica &#8211; PBE\/UEM; \u00c9rika Vilhena da Silva, profissional de Controladoria; F\u00e1bio Volpe, diretor comercial da Gluco Scan; Izadora Occhi, respons\u00e1vel t\u00e9cnica; Janisleya Silva Garcia dos Santos, s\u00f3cia-administradora do CEDLAB Centro de Diagn\u00f3stico Laboratorial; J\u00falio Alberto Palazzo de Mello, m\u00e9dico nutr\u00f3logo e s\u00f3cio-administrador da Gluco Scan; Mirian Mitie Fukushima, respons\u00e1vel legal; Deborah de Castro Moreira, Matheus Henrique Cecilio Leme, Raniere Clara da Silva Oliveira e Ricardo Sim\u00e3o Pereira, pesquisadores.<\/li>\n<\/ul>\n<p>&nbsp;<\/p>\n<ul>\n<li>No dia 30 de julho, \u00e0s 14 horas, por meio do aplicativo Google Meet, apresentou-se a LIVE-PBE com o <strong>Prof. PhD. Leonardo Soares Bastos<\/strong>, que \u00e9 pesquisador associado do Programa de Computa\u00e7\u00e3o Cient\u00edfica, da Fiocruz de Rio de Janeiro-RJ, atua no desenvolvimento de m\u00e9todos estat\u00edsticos bayesianos aplicados a epidemiologia das doen\u00e7as transmiss\u00edveis. Ele tem gradua\u00e7\u00e3o, mestrado e doutorado em estat\u00edstica, fez est\u00e1gio de p\u00f3s doutorado em epidemiologia de doen\u00e7as infecciosas na <em>London School of Hygiene and Tropical Medicine<\/em>, Reino Unido. \u00c9 membro eleito do <em>International Statistical Institute<\/em> (ISI), e membro associado da Associa\u00e7\u00e3o Brasileira de Estat\u00edstica (ABE). \u00c9 membro permanente nos programas de p\u00f3s gradua\u00e7\u00e3o em Epidemiologia em Sa\u00fade P\u00fablica (ENSP\/Fiocruz) e Biologia Computacional e Sistemas (IOC\/Fiocruz). Tem experi\u00eancia em modelos lineares generalizados mistos bayesianos, computa\u00e7\u00e3o bayesiana e modelos espa\u00e7o-temporais. Esta live abordar\u00e1 o contexto da vigil\u00e2ncia epidemiol\u00f3gica, o monitoramento de casos hospitalizados de s\u00edndrome respirat\u00f3ria aguda grave (SRAG). O que \u00e9 feito no Brasil desde 2009, e que tem se mostrado de extrema relev\u00e2ncia na identifica\u00e7\u00e3o antecipada de epidemias de doen\u00e7as respirat\u00f3rias virais como a Influenza e mais recentemente a COVID-19. Um problema conhecido na vigil\u00e2ncia epidemiol\u00f3gica \u00e9 o atraso de notifica\u00e7\u00e3o, que \u00e9 dado pelo tempo entre a identifica\u00e7\u00e3o do caso e a entrada do caso no sistema. Esse atraso acontece por diversos motivos, e nessa apresenta\u00e7\u00e3o, al\u00e9m de definir o que \u00e9 um caso de SRAG e sua rela\u00e7\u00e3o com a COVID-19, apresentou-se o m\u00e9todo de corre\u00e7\u00e3o de atraso de notifica\u00e7\u00e3o proposto em Bastos <em>et al<\/em>. (2019, Stats in Medicine). O m\u00e9todo j\u00e1 \u00e9 utilizado em dois sistema de alerta de epidemias (InfoGripe e Infodengue), e nessa apresenta\u00e7\u00e3o foram usados dados abertos no site do minist\u00e9rio da sa\u00fade para apresentar estimativas de <em>nowcasting<\/em> no pa\u00eds.<\/li>\n<li>E para participar do evento, basta acessar o link: <a href=\"https:\/\/meet.google.com\/tag-uhqr-vjc\">meet.google.com\/tag-uhqr-vjc<\/a><\/li>\n<\/ul>\n<p><a href=\"http:\/\/pbe.uem.br\/wp-content\/uploads\/2020\/07\/Live-Prof.-Phd.-Leonardo-Soares-Bastos-1.png\"><img decoding=\"async\" loading=\"lazy\" class=\"alignnone size-medium wp-image-4553\" src=\"http:\/\/pbe.uem.br\/wp-content\/uploads\/2020\/07\/Live-Prof.-Phd.-Leonardo-Soares-Bastos-1-300x208.png\" alt=\"\" width=\"300\" height=\"208\" srcset=\"http:\/\/pbe.uem.br\/wp-content\/uploads\/2020\/07\/Live-Prof.-Phd.-Leonardo-Soares-Bastos-1-300x208.png 300w, http:\/\/pbe.uem.br\/wp-content\/uploads\/2020\/07\/Live-Prof.-Phd.-Leonardo-Soares-Bastos-1-768x531.png 768w, http:\/\/pbe.uem.br\/wp-content\/uploads\/2020\/07\/Live-Prof.-Phd.-Leonardo-Soares-Bastos-1.png 779w\" sizes=\"(max-width: 300px) 100vw, 300px\" \/><\/a><\/p>\n<p>&#8211; Link de acesso \u00e0 live apresentada: <a href=\"https:\/\/drive.google.com\/file\/d\/1PVHIU-1yC7Y2aONAC_tWwhbdydNo-_gB\/view?usp=sharing\">https:\/\/drive.google.com\/file\/d\/1PVHIU-1yC7Y2aONAC_tWwhbdydNo-_gB\/view?usp=sharing<\/a><\/p>\n<p>&nbsp;<\/p>\n<ul>\n<li>Tivemos tamb\u00e9m a LIVE-PBE do Prof. Dr. Alu\u00edsio Jardim Dornellas de Barros da Universidade Federal de Pelotas e docente do Programa de P\u00f3s-gradua\u00e7\u00e3o em Epidemiologia, o qual abordou o tema: <strong>\u201cA import\u00e2ncia de se realizar pesquisas que me\u00e7am a preval\u00eancia de COVID-19 na popula\u00e7\u00e3o\u201d.<\/strong>O Prof. Dr. Alu\u00edsio Jardim Dornellas de Barros falou sobre a import\u00e2ncia de realizar pesquisas que me\u00e7am a preval\u00eancia de COVID-19 na popula\u00e7\u00e3o, \u00fanico par\u00e2metro confi\u00e1vel para que se possa fazer algum tipo de modelagem e previs\u00e3o que tenha um bom n\u00edvel de confiabilidade, sobre os diferentes testes diagn\u00f3sticos e sua aplica\u00e7\u00e3o, e sobre os resultados da pesquisa, mostrando a preval\u00eancia estimada em 90 munic\u00edpios cobrindo quase todo o territ\u00f3rio nacional, e as grandes diferen\u00e7as que encontramos em termos de subestimativa de casos atrav\u00e9s da contagem de casos confirmados.<\/li>\n<li>E para participar do evento, basta acessar o link:<span style=\"color: #ff0000;\"> <a style=\"color: #ff0000;\" href=\"https:\/\/us02web.zoom.us\/j\/83534371355\">https:\/\/us02web.zoom.us\/j\/83534371355<\/a><\/span><\/li>\n<\/ul>\n<p><a href=\"http:\/\/pbe.uem.br\/wp-content\/uploads\/2020\/07\/Live-Prof.-Dr.-Alu\u00edsio-Jardim-Dornellas-de-Barros-09-07-2020-10.00-hs.png\"><img decoding=\"async\" loading=\"lazy\" class=\"alignnone size-medium wp-image-4541\" src=\"http:\/\/pbe.uem.br\/wp-content\/uploads\/2020\/07\/Live-Prof.-Dr.-Alu\u00edsio-Jardim-Dornellas-de-Barros-09-07-2020-10.00-hs-300x207.png\" alt=\"\" width=\"300\" height=\"207\" srcset=\"http:\/\/pbe.uem.br\/wp-content\/uploads\/2020\/07\/Live-Prof.-Dr.-Alu\u00edsio-Jardim-Dornellas-de-Barros-09-07-2020-10.00-hs-300x207.png 300w, http:\/\/pbe.uem.br\/wp-content\/uploads\/2020\/07\/Live-Prof.-Dr.-Alu\u00edsio-Jardim-Dornellas-de-Barros-09-07-2020-10.00-hs-768x530.png 768w, http:\/\/pbe.uem.br\/wp-content\/uploads\/2020\/07\/Live-Prof.-Dr.-Alu\u00edsio-Jardim-Dornellas-de-Barros-09-07-2020-10.00-hs.png 795w\" sizes=\"(max-width: 300px) 100vw, 300px\" \/><\/a><\/p>\n<p>&#8211; Link de acesso \u00e0 live apresentada: <a href=\"https:\/\/youtu.be\/exEZwoC5SxU\">https:\/\/youtu.be\/exEZwoC5SxU<\/a><\/p>\n<p>&nbsp;<\/p>\n<ul>\n<li>Inicialmente, tivemos a live do Prof. Dr. Dani Gamerman (UFMG), o qual apresentou durante sua live um aplicativo para previs\u00e3o de curto e longo prazos para a pandemia da Covid19. Essas previs\u00f5es foram completamente baseadas nos dados observados diariamente de casos confirmados e mortes, sem utiliza\u00e7\u00e3o de modelagem epidemiol\u00f3gica. Segundo o professor, ass previs\u00f5es permitem estimar caracter\u00edsticas relevantes da pandemia, como pico e fim dos casos\/mortes e numero total de casos\/mortes. Toda a infer\u00eancia \u00e9 sumarizada em preditores pontuais, acompanhados dos respectivos intervalos de credibilidade. Desafios associadas ao desenvolvimento de um sistema de larga escala para v\u00e1rios paises e estados tamb\u00e9m ser\u00e3o descritos. Esse aplicativo est\u00e1 sendo desenvolvido em conjunto com Marcos Prates, Thais Paiva, Vinicius Mayrink e um grupo de cerca de 15 alunos e ex-alunos do Programa de P\u00f3s-Gradua\u00e7\u00e3o em Estat\u00edstica da UFMG.<\/li>\n<li>E para participar do evento, basta acessar o link: <a href=\"http:\/\/meet.google.com\/gmg-fvfc-ghm\">meet.google.com\/gmg-fvfc-ghm<\/a><\/li>\n<\/ul>\n<p><a href=\"http:\/\/pbe.uem.br\/wp-content\/uploads\/2020\/05\/Live-Prof.-Dr.-Dani-Gamerman-05-06-2020-11.00-hs.png\"><img decoding=\"async\" loading=\"lazy\" class=\"alignnone size-medium wp-image-4514\" src=\"http:\/\/pbe.uem.br\/wp-content\/uploads\/2020\/05\/Live-Prof.-Dr.-Dani-Gamerman-05-06-2020-11.00-hs-300x207.png\" alt=\"\" width=\"300\" height=\"207\" srcset=\"http:\/\/pbe.uem.br\/wp-content\/uploads\/2020\/05\/Live-Prof.-Dr.-Dani-Gamerman-05-06-2020-11.00-hs-300x207.png 300w, http:\/\/pbe.uem.br\/wp-content\/uploads\/2020\/05\/Live-Prof.-Dr.-Dani-Gamerman-05-06-2020-11.00-hs-768x529.png 768w, http:\/\/pbe.uem.br\/wp-content\/uploads\/2020\/05\/Live-Prof.-Dr.-Dani-Gamerman-05-06-2020-11.00-hs.png 799w\" sizes=\"(max-width: 300px) 100vw, 300px\" \/><\/a><\/p>\n<p>&#8211; Link de acesso \u00e0 live apresentada: <a href=\"https:\/\/youtu.be\/sZ5k4Pp_6oE\">https:\/\/youtu.be\/sZ5k4Pp_6oE<\/a><\/p>\n<p>&nbsp;<\/p>\n<p>&nbsp;<\/p>\n<p>&nbsp;<\/p>\n<p>&nbsp;<\/p>\n<p>&nbsp;[:]","protected":false},"excerpt":{"rendered":"[:pb]O Programa de P\u00f3s Gradua\u00e7\u00e3o em Bioestat\u00edstica tem participado de pesquisas relacionadas ao novo v\u00edrus Covid-19. Al\u00e9m de modelagem e an\u00e1lises em parceria com outros programas dentro e fora da UEM, tem participado de projetos enviados \u00e0s ag\u00eancias de fomento tais como\u00a0 CAPES e CNPq. E sob a coordena\u00e7\u00e3o da Prof. Dra. Isolde Previdelli, tamb\u00e9m [&#8230;]","protected":false},"author":2,"featured_media":0,"parent":0,"menu_order":0,"comment_status":"closed","ping_status":"closed","template":"","meta":{"footnotes":""},"_links":{"self":[{"href":"http:\/\/pbe.uem.br\/es\/wp-json\/wp\/v2\/pages\/4508"}],"collection":[{"href":"http:\/\/pbe.uem.br\/es\/wp-json\/wp\/v2\/pages"}],"about":[{"href":"http:\/\/pbe.uem.br\/es\/wp-json\/wp\/v2\/types\/page"}],"author":[{"embeddable":true,"href":"http:\/\/pbe.uem.br\/es\/wp-json\/wp\/v2\/users\/2"}],"replies":[{"embeddable":true,"href":"http:\/\/pbe.uem.br\/es\/wp-json\/wp\/v2\/comments?post=4508"}],"version-history":[{"count":18,"href":"http:\/\/pbe.uem.br\/es\/wp-json\/wp\/v2\/pages\/4508\/revisions"}],"predecessor-version":[{"id":4775,"href":"http:\/\/pbe.uem.br\/es\/wp-json\/wp\/v2\/pages\/4508\/revisions\/4775"}],"wp:attachment":[{"href":"http:\/\/pbe.uem.br\/es\/wp-json\/wp\/v2\/media?parent=4508"}],"curies":[{"name":"wp","href":"https:\/\/api.w.org\/{rel}","templated":true}]}}