{"id":468,"date":"2023-10-16T00:00:35","date_gmt":"2023-10-16T03:00:35","guid":{"rendered":"http:\/\/pbe.uem.br\/?page_id=468"},"modified":"2025-11-05T16:35:37","modified_gmt":"2025-11-05T19:35:37","slug":"linhas-de-pesquisa","status":"publish","type":"page","link":"http:\/\/pbe.uem.br\/es\/linhas-de-pesquisa\/","title":{"rendered":"Linhas de Pesquisa &#8211; Mestrado e Doutorado"},"content":{"rendered":"<section class=\"section\" id=\"section_326252953\">\n\t\t<div class=\"bg section-bg fill bg-fill\" >\n\n\t\t\t\n\t\t\t\n\t\t\t\n\n\t\t<\/div>\n\n\t\t\n\n\t\t<div class=\"section-content relative\">\n\t\t\t\n<div class=\"row\"  id=\"row-69431907\">\n\n\t<div id=\"col-1050096732\" class=\"col small-12 large-12\"  >\n\t\t\t\t<div class=\"col-inner\"  >\n\t\t\t\n\t\t\t\n<div class=\"container section-title-container\" ><h2 class=\"section-title section-title-normal\"><b><\/b><span class=\"section-title-main\" style=\"color:rgb(179, 0, 0);\">L\u00edneas de Investigac\u00edon<\/span><b><\/b><\/h2><\/div>\n<div class=\"wbz-content-layout\">\n<div class=\"wbz-content-layout-row\">\n<div class=\"wbz-layout-cell layout-item-0\" style=\"width: 100%;\"><\/div>\n<\/div>\n<\/div>\n<p>&nbsp;<\/p>\n<h1><span style=\"color: #0000ff;\"><strong>MESTRADO E DOUTORADO<\/strong><\/span><\/h1>\n<p><span style=\"color: #cc0000;\"><strong><span style=\"text-decoration: underline;\"><span style=\"font-size: medium;\">Linha 1:<\/span><\/span><\/strong><\/span> <span style=\"color: #cc0000;\"><strong><span style=\"text-decoration: underline;\"><span style=\"font-size: medium;\"><span style=\"color: #0000ff; text-decoration: underline;\">M\u00e9todos quantitativos aplicados nas ci\u00eancias da vida<\/span><\/span><\/span><\/strong><\/span><\/p>\n<p><strong>Objetivo:<\/strong>\u00a0 Uso e melhoria de m\u00e9todos quantitativos, visando uma melhor compreens\u00e3o dos processos relacionados a \u00e1rea de sa\u00fade<\/p>\n<p><span style=\"color: #000000;\">Los investigadores con mayor \u00e9nfasis en esta l\u00ednea 1:<\/span><\/p>\n<p>Brian Alvarez Ribeiro de Melo (DES-PBE-UEM)<br \/>\nDiego Corr\u00eaa Alves (DES-PBE-UEM)<br \/>\nEdson Zangiacomi Martinez &#8211; (Medicina-USP &#8211; Bolsista de Produtividade em Pesquisa do CNPq &#8211; N\u00edvel 1D)<br \/>\nEniuce Menezes de Souza (DES-PBE-UEM)<br \/>\nHellen Geremias Santos (Instituto Carlos Chagas, Funda\u00e7\u00e3o Oswaldo Cruz &#8211; FIOCRUZ-PR)<br \/>\nIsolde T. S. Previdelli (PBE-UEM)<br \/>\nJos\u00e9 de Oliveira Siqueira (Medicina &#8211; USP)<br \/>\nPaulo Sergio Panse Silveira (Medicina &#8211; USP)<\/p>\n<p><span style=\"color: #cc0000;\"><strong><span style=\"text-decoration: underline;\"><span style=\"font-size: medium;\">Linha 2:<\/span><\/span><\/strong><\/span> <span style=\"color: #cc0000;\"><strong><span style=\"text-decoration: underline;\"><span style=\"font-size: medium;\"><span style=\"color: #0000ff; text-decoration: underline;\">Estat\u00edstica aplicada<\/span><\/span><\/span><\/strong><\/span><\/p>\n<p><strong>Objetivo:<\/strong>\u00a0 Estudar problemas reais das \u00e1reas biol\u00f3gicas e afins, usando m\u00e9todos estat\u00edsticos existentes e, aliados a isto, desenvolver metodologias inovadoras para uma an\u00e1lise eficaz.<\/p>\n<p><span style=\"color: #000000;\">Los investigadores con mayor \u00e9nfasis en esta l\u00ednea 2:<\/span><\/p>\n<p>Diogo Francisco Rossoni (DES-PBE-UEM)<br \/>\nJosmar Mazucheli (DES-PBE-UEM)<br \/>\nPaulo S\u00e9rgio Ossani (DES-PBE-UEM)<br \/>\nRobson Marcelo Rossi (DES-PBE-UEM)<br \/>\nTerezinha Aparecida Guedes (PBE-UEM)<br \/>\nVanderly Janeiro (DES-PBE-UEM)<br \/>\nWilliam Lu\u00eds de Oliveira (DES-PBE-UEM)<\/p>\n\t\t<\/div>\n\t\t\t\t\t<\/div>\n\n\t\n<\/div>\n\t\t<\/div>\n\n\t\t\n<style>\n#section_326252953 {\n  padding-top: 30px;\n  padding-bottom: 30px;\n}\n#section_326252953 .section-bg.bg-loaded {\n  background-image: url(http:\/\/pbe.uem.br\/wp-content\/uploads\/2023\/10\/fundo-site-min.png);\n}\n#section_326252953 .section-bg {\n  background-position: 0% 0%;\n}\n<\/style>\n\t<\/section>","protected":false},"excerpt":{"rendered":"","protected":false},"author":1313,"featured_media":0,"parent":0,"menu_order":7,"comment_status":"closed","ping_status":"closed","template":"","meta":{"footnotes":""},"_links":{"self":[{"href":"http:\/\/pbe.uem.br\/es\/wp-json\/wp\/v2\/pages\/468"}],"collection":[{"href":"http:\/\/pbe.uem.br\/es\/wp-json\/wp\/v2\/pages"}],"about":[{"href":"http:\/\/pbe.uem.br\/es\/wp-json\/wp\/v2\/types\/page"}],"author":[{"embeddable":true,"href":"http:\/\/pbe.uem.br\/es\/wp-json\/wp\/v2\/users\/1313"}],"replies":[{"embeddable":true,"href":"http:\/\/pbe.uem.br\/es\/wp-json\/wp\/v2\/comments?post=468"}],"version-history":[{"count":39,"href":"http:\/\/pbe.uem.br\/es\/wp-json\/wp\/v2\/pages\/468\/revisions"}],"predecessor-version":[{"id":6026,"href":"http:\/\/pbe.uem.br\/es\/wp-json\/wp\/v2\/pages\/468\/revisions\/6026"}],"wp:attachment":[{"href":"http:\/\/pbe.uem.br\/es\/wp-json\/wp\/v2\/media?parent=468"}],"curies":[{"name":"wp","href":"https:\/\/api.w.org\/{rel}","templated":true}]}}