{"id":477,"date":"2023-10-16T00:00:44","date_gmt":"2023-10-16T03:00:44","guid":{"rendered":"http:\/\/pbe.uem.br\/?page_id=477"},"modified":"2023-10-16T23:05:42","modified_gmt":"2023-10-17T02:05:42","slug":"parcerias-links","status":"publish","type":"page","link":"http:\/\/pbe.uem.br\/es\/parcerias-links\/","title":{"rendered":"Parceiras e Links"},"content":{"rendered":"<section class=\"section\" id=\"section_643099737\">\n\t\t<div class=\"bg section-bg fill bg-fill\" >\n\n\t\t\t\n\t\t\t\n\t\t\t\n\n\t\t<\/div>\n\n\t\t\n\n\t\t<div class=\"section-content relative\">\n\t\t\t\n<div class=\"row\"  id=\"row-2030176083\">\n\n\t<div id=\"col-532361586\" class=\"col small-12 large-12\"  >\n\t\t\t\t<div class=\"col-inner\"  >\n\t\t\t\n\t\t\t\n<div class=\"container section-title-container\" ><h2 class=\"section-title section-title-normal\"><b><\/b><span class=\"section-title-main\" style=\"color:rgb(179, 0, 0);\">Parcerias e Links<\/span><b><\/b><\/h2><\/div>\n<h3>\u00a0<strong><span style=\"color: #0000ff;\">PARCERIAS NO EXTERIOR<\/span><\/strong><\/h3>\n<p><span style=\"color: #000000;\"><strong><span style=\"color: #000000;\">&#8211; Parceria com o<\/span>\u00a0<\/strong><\/span><span style=\"color: #000000;\"><strong><span style=\"color: #ff0000;\">PhD.\u00a0Anthony Christopher Davison<\/span>, <\/strong>o qual \u00e9 professor pesquisador de Estat\u00edstica na<strong> <em><span style=\"color: #ff0000;\">Ecole Polytechnique Federale de Lausanne<\/span><\/em><span style=\"color: #ff0000;\"> (EPFL) &#8211; Su\u00ed\u00e7a<\/span>, <\/strong>o qual co-orientou o mestrando Paulo Vitor da Costa Pereira, em &#8220;Teoria de Valores Extremos&#8221;, juntamente com a\u00a0Prof\u00aa. Dra. Isolde Previdelli (PBE\/UEM), sob o tema em dados de Climatologia, principalmente da regi\u00e3o Sul, pois h\u00e1 uma forte demanda na compreens\u00e3o dos eventos adversos que v\u00eam ocorrendo ultimamente, como por exemplo, instabilidades de fortes chuvas ocasionando preju\u00edzos de todas as ordens, material e humano.<\/span><\/p>\n<p><span style=\"color: #000000;\">&#8211; Parceria com a<\/span> <span style=\"color: #ff0000;\">Prof\u00aa. PhD. Lurdes Yoshiko Tami Inoue<\/span> da <em><span style=\"color: #ff0000;\">University of \u00a0Washington &#8211; EUA<\/span><\/em><span style=\"color: #000000;\">, a qual em 2016 ministrou no PBE a disciplina,\u00a0<strong>\u201cM\u00e9todos Baysianos com Compara\u00e7\u00e3o de An\u00e1lise Cl\u00ednica<\/strong><strong><b>\u201d; participou como membro de externo em banca de Exame Geral de Qualifica\u00e7\u00e3o do mestrando Tiago Peres da Silva Siguiura, sob a orienta\u00e7\u00e3o da Prof. Dra. Isolde Previdelli; e, ainda nos concedeu uma Confer\u00eancia sobre &#8220;Ensaios Cl\u00ednicos de Pesquisas sobre o C\u00e2ncer, realizadas pela University Washington \u2013 EUA&#8221;<\/b>. <\/strong><\/span><\/p>\n<p><strong><span style=\"color: #000000;\">&#8211; Parceria com a<\/span> \u00a0<span style=\"color: #ff0000;\">Prof\u00aa Phd. Jinghua (Wendy) He<\/span> da <em><span style=\"color: #ff0000;\">B<\/span><\/em><\/strong><strong><em><span style=\"color: #ff0000;\">iostatistics Department \u2013 University of Kansas Medical Center &#8211; EUA<\/span><\/em><span style=\"color: #000000;\">, a qual tem sido professora colaboradora do PBE, tendo ministrado em julho de 2015 o minicurso, &#8220;<\/span><\/strong><span style=\"color: #000000;\"><strong><strong>Survival Analysis&#8221;; em setembro de2015, a professora participou da primeira banca de defesa de Exame Geral de Qualifica\u00e7\u00e3o, por videoconfer\u00eancia, do mestrando Guilherme Zubatch da Cunha, orientado pela Prof. Dra. Eniuce Menezes de Souza; e, em fevereiro de 2016 participou como membro externo da primeira Banca de Defesa de Disserta\u00e7\u00e3o do PBE, tamb\u00e9m por videoconfer\u00eancia, do mesmo aluno do PBE.<\/strong><\/strong><\/span><\/p>\n<p><strong><strong><span style=\"color: #000000;\"> &#8211; Parceria com professor<\/span> <span style=\"color: #ff0000;\">PhD. S. K. S<\/span> da <em><span style=\"color: #ff0000;\">Nektar Therapeutics &#8211; San Francisco, Calif\u00f3rnia &#8211; EUA<\/span><\/em>,<span style=\"color: #000000;\"> o qual em setembro de 2015, ministrou a disciplina, &#8220;Pharmacometrics Tutorial using Nonmen and R&#8221;; e, em setembro de\u00a0<\/span><\/strong><\/strong><span style=\"color: #000000;\"><strong><strong>2016, ministrou a confer\u00eancia,<\/strong><\/strong>\u00a0<strong>\u201cDose Finding Strategies for Two-Drug Combinations Using Mathematical Approach<\/strong><strong><b>\u201d.<\/b><\/strong><\/span><\/p>\n<p>\u00a0<\/p>\n<h3>\u00a0<strong><span style=\"color: #0000ff;\">PARCERIAS NO BRASIL<\/span><\/strong><\/h3>\n<p><span style=\"color: #000000;\"><strong><span style=\"color: #000000;\">&#8211; Parceria com o<\/span>\u00a0<\/strong><\/span><span style=\"color: #000000;\"><strong><span style=\"color: #ff0000;\">PhD. Paulo Jorge Canas Rodrigues <span style=\"color: #000000;\">da <span style=\"color: #ff0000;\">Universidade Federal da Bahia<\/span> e da <span style=\"color: #ff0000;\">University of Tampere &#8211; Finl\u00e2ndia<\/span>,\u00a0<\/span><\/span><span style=\"color: #000000;\">o qual \u00e9 co-orientador do mestrando Felipe Emanoel Barletta Mendes, e, que estar\u00e1 ministrando minicurso \u00a0&#8220;Big Date&#8221;, durante o &#8220;I Workshop em Bioestat\u00edstica&#8221;, em dezembro de 2016.<\/span><\/strong><\/span><\/p>\n<p><span style=\"color: #000000;\"><strong><span style=\"color: #000000;\"> &#8211; <\/span><span style=\"color: #000000;\">Parceria com o <span style=\"color: #ff0000;\">Prof. Dr. Jos\u00e9 de Oliveira Siqueira<\/span> da <span style=\"color: #ff0000;\">Faculdade de Medicina da Universidade de S\u00e3o Paulo (FMUSP)<\/span>, que vem desde 2015, ministrando a disciplina as disciplinas DES4059 &#8211; M\u00e9todos Estat\u00edsticos Epidemiol\u00f3gicos e\u00a0 DES4074 &#8211; Psicometria em R e Mplus, al\u00e9m de orientar alguns mestrandos do PBE-UEM.<\/span><\/strong><\/span><\/p>\n<h4>\u00a0<\/h4>\n<h3><span style=\"color: #0000ff;\"><strong>LINKS<\/strong><\/span><\/h3>\n<p><span style=\"color: #ff0000;\"><a href=\"http:\/\/www.redeabe.org.br\/\" target=\"_blank\" rel=\"noopener\"><span style=\"color: #ff0000;\">ABE &#8211; Associa\u00e7\u00e3o Brasileira de Estat\u00edstica<\/span><\/a><\/span><\/p>\n<p><a href=\"http:\/\/imstat.org\/bjps\/\" target=\"_blank\" rel=\"noopener\">Brazilian Journal of Probability and Statistics<\/a><\/p>\n<p><a href=\"http:\/\/www.cnpq.br\/\" target=\"_blank\" rel=\"noopener\">CNPq &#8211; Conselho Nacional de Desenvolvimento Cient\u00edfico e Tecnol\u00f3gico<\/a><\/p>\n<p><a href=\"http:\/\/www.finep.gov.br\/\" target=\"_blank\" rel=\"noopener\">FINEP &#8211; Financiadora de Estudos e Projetos<\/a><\/p>\n<p><a href=\"http:\/\/www.rbras.org.br\/\" target=\"_blank\" rel=\"noopener\">RBRAS &#8211; RBRAS: Regi\u00e3o Brasileira da Sociedade Internacional de Biometria<\/a><\/p>\n<p><span style=\"color: #ff0000;\"><a style=\"color: #ff0000;\" href=\"http:\/\/www.biometricsociety.org\/\" target=\"_blank\" rel=\"noopener\">IBS &#8211; The International Biometric Society<\/a><\/span><\/p>\n<p><a href=\"http:\/\/www.ibge.gov.br\/home\" target=\"_blank\" rel=\"noopener\">IBGE &#8211; Instituto Brasileiro de Geografia e Estat\u00edstica<\/a><\/p>\n<p><span style=\"color: #ff0000;\"><a href=\"http:\/\/www.isi-web.org\/\" target=\"_blank\" rel=\"noopener\"><span style=\"color: #ff0000;\">International Statistical Institute (ISI)<\/span><\/a><\/span><\/p>\n<p><span style=\"color: #ff0000;\"><a href=\"http:\/\/www.fundacaoaraucaria.org.br\/\"><span style=\"color: #ff0000;\">Funda\u00e7\u00e3o Arauc\u00e1ria<\/span><\/a><\/span><\/p>\n<p><span style=\"color: #ff0000;\"><a href=\"http:\/\/www.capes.gov.br\/\"><span style=\"color: #ff0000;\">Coordena\u00e7\u00e3o de Aperfei\u00e7oamento de Pessoal de N\u00edvel Superior<\/span><\/a><\/span><\/p>\n<p><span style=\"color: #ff0000;\"><a href=\"http:\/\/lattes.cnpq.br\/\" target=\"_blank\" rel=\"noopener\"><span style=\"color: #ff0000;\">Plataforma Lattes<\/span><\/a><\/span><\/p>\n<p>\u00a0<\/p>\n<p>ABE &#8211; Associa\u00e7\u00e3o Brasileira de Estat\u00edstica\u00a0<\/p>\n<p><a href=\"http:\/\/www.redeabe.org.br\/\">http:\/\/www.redeabe.org.br\/<\/a><\/p>\n<p>Brazilian Journal of Probability and Statistics<\/p>\n<p><a href=\"http:\/\/imstat.org\/bjps\/\">http:\/\/imstat.org\/bjps\/<\/a>\u00a0 \u00a0 \u00a0 \u00a0 \u00a0 \u00a0 \u00a0 \u00a0 \u00a0 \u00a0 \u00a0 \u00a0 \u00a0 \u00a0 \u00a0 \u00a0 \u00a0 \u00a0 \u00a0 \u00a0 \u00a0 \u00a0 \u00a0 \u00a0 \u00a0 \u00a0 \u00a0 \u00a0 \u00a0 \u00a0 \u00a0 \u00a0 \u00a0 \u00a0 \u00a0 \u00a0 \u00a0 \u00a0 \u00a0 \u00a0 \u00a0 \u00a0 \u00a0 \u00a0 \u00a0 \u00a0 \u00a0 \u00a0 \u00a0 \u00a0 \u00a0 \u00a0 \u00a0 \u00a0 \u00a0 \u00a0 \u00a0\u00a0<\/p>\n<p>CNPq &#8211; Conselho Nacional de Desenvolvimento Cient\u00edfico e Tecnol\u00f3gico<\/p>\n<p><a href=\"http:\/\/www.cnpq.br\/\">http:\/\/www.cnpq.br\/<\/a>\u00a0 \u00a0 \u00a0 \u00a0 \u00a0 \u00a0 \u00a0 \u00a0 \u00a0 \u00a0 \u00a0 \u00a0 \u00a0 \u00a0 \u00a0 \u00a0 \u00a0 \u00a0 \u00a0 \u00a0 \u00a0 \u00a0 \u00a0 \u00a0 \u00a0 \u00a0 \u00a0 \u00a0 \u00a0 \u00a0 \u00a0 \u00a0 \u00a0 \u00a0 \u00a0 \u00a0 \u00a0 \u00a0 \u00a0<\/p>\n<p>FINEP &#8211; Financiadora de Estudos e Projetos\u00a0<\/p>\n<p><a href=\"http:\/\/www.finep.gov.br\/\">http:\/\/www.finep.gov.br\/<\/a>\u00a0 \u00a0 \u00a0 \u00a0 \u00a0 \u00a0 \u00a0 \u00a0 \u00a0 \u00a0 \u00a0 \u00a0 \u00a0 \u00a0 \u00a0 \u00a0 \u00a0 \u00a0 \u00a0 \u00a0 \u00a0 \u00a0 \u00a0 \u00a0 \u00a0 \u00a0 \u00a0 \u00a0 \u00a0 \u00a0 \u00a0 \u00a0 \u00a0 \u00a0 \u00a0 \u00a0 \u00a0 \u00a0 \u00a0 \u00a0 \u00a0 \u00a0 \u00a0 \u00a0 \u00a0 \u00a0 \u00a0 \u00a0 \u00a0 \u00a0 \u00a0 \u00a0 \u00a0 \u00a0 \u00a0 \u00a0 \u00a0<\/p>\n<p>RBRAS \u2013 RBRAS: Regi\u00e3o Brasileira da Sociedade Internacional de Biometria\u00a0<\/p>\n<p><a href=\"http:\/\/www.rbras.org.br\/\">http:\/\/www.rbras.org.br\/<\/a>\u00a0 \u00a0 \u00a0 \u00a0 \u00a0 \u00a0 \u00a0 \u00a0 \u00a0 \u00a0 \u00a0 \u00a0 \u00a0 \u00a0 \u00a0 \u00a0 \u00a0 \u00a0 \u00a0 \u00a0 \u00a0\u00a0<\/p>\n<p>IBS \u2013 The International Biometric Society\u00a0<\/p>\n<p><a href=\"http:\/\/www.biometricsociety.org\/\">http:\/\/www.biometricsociety.org\/<\/a><a href=\"\/es\/www.tibs.org\/\"><br \/><\/a><\/p>\n<p>IBGE &#8211; Instituto Brasileiro de Geografia e Estat\u00edstica\u00a0<\/p>\n<p><a href=\"http:\/\/www.ibge.gov.br\/\">http:\/\/www.ibge.gov.br\/<\/a><\/p>\n<p>International Statistical Institute (ISI) &#8211; isi-web.org\u00a0<\/p>\n<p><a href=\"http:\/\/www.isi-web.org\/\">http:\/\/www.isi-web.org\/<\/a>\u00a0 \u00a0 \u00a0 \u00a0 \u00a0 \u00a0 \u00a0 \u00a0 \u00a0 \u00a0 \u00a0 \u00a0 \u00a0 \u00a0 \u00a0 \u00a0 \u00a0 \u00a0 \u00a0 \u00a0 \u00a0 \u00a0 \u00a0 \u00a0 \u00a0 \u00a0 \u00a0 \u00a0 \u00a0 \u00a0 \u00a0 \u00a0 \u00a0 \u00a0 \u00a0 \u00a0 \u00a0<\/p>\n<p>Funda\u00e7\u00e3o Arauc\u00e1ria<\/p>\n<p><a href=\"http:\/\/www.fundacaoaraucaria.org.br\/\">http:\/\/www.fundacaoaraucaria.org.br\/<\/a><\/p>\n<p>Coordena\u00e7\u00e3o de Aperfei\u00e7oamento de Pessoal de N\u00edvel Superior\u00a0<\/p>\n<p><a href=\"http:\/\/www.capes.gov.br\/\">http:\/\/www.capes.gov.br\/<\/a><\/p>\n<p>Plataforma Lattes\u00a0<\/p>\n<p><a href=\"http:\/\/lattes.cnpq.br\/\">http:\/\/lattes.cnpq.br\/<\/a><\/p>\n\t\t<\/div>\n\t\t\t\t\t<\/div>\n\n\t\n<\/div>\n\t\t<\/div>\n\n\t\t\n<style>\n#section_643099737 {\n  padding-top: 30px;\n  padding-bottom: 30px;\n}\n#section_643099737 .section-bg.bg-loaded {\n  background-image: url(http:\/\/pbe.uem.br\/wp-content\/uploads\/2023\/10\/fundo-site-min.png);\n}\n<\/style>\n\t<\/section>","protected":false},"excerpt":{"rendered":"","protected":false},"author":1313,"featured_media":0,"parent":0,"menu_order":16,"comment_status":"closed","ping_status":"closed","template":"","meta":{"footnotes":""},"_links":{"self":[{"href":"http:\/\/pbe.uem.br\/es\/wp-json\/wp\/v2\/pages\/477"}],"collection":[{"href":"http:\/\/pbe.uem.br\/es\/wp-json\/wp\/v2\/pages"}],"about":[{"href":"http:\/\/pbe.uem.br\/es\/wp-json\/wp\/v2\/types\/page"}],"author":[{"embeddable":true,"href":"http:\/\/pbe.uem.br\/es\/wp-json\/wp\/v2\/users\/1313"}],"replies":[{"embeddable":true,"href":"http:\/\/pbe.uem.br\/es\/wp-json\/wp\/v2\/comments?post=477"}],"version-history":[{"count":32,"href":"http:\/\/pbe.uem.br\/es\/wp-json\/wp\/v2\/pages\/477\/revisions"}],"predecessor-version":[{"id":5583,"href":"http:\/\/pbe.uem.br\/es\/wp-json\/wp\/v2\/pages\/477\/revisions\/5583"}],"wp:attachment":[{"href":"http:\/\/pbe.uem.br\/es\/wp-json\/wp\/v2\/media?parent=477"}],"curies":[{"name":"wp","href":"https:\/\/api.w.org\/{rel}","templated":true}]}}