{"id":852,"date":"2023-10-16T00:00:17","date_gmt":"2023-10-16T03:00:17","guid":{"rendered":"http:\/\/pbe.uem.br\/?page_id=852"},"modified":"2023-10-16T22:54:24","modified_gmt":"2023-10-17T01:54:24","slug":"contato","status":"publish","type":"page","link":"http:\/\/pbe.uem.br\/es\/contato\/","title":{"rendered":"Contacto"},"content":{"rendered":"<section class=\"section\" id=\"section_1011218770\">\n\t\t<div class=\"bg section-bg fill bg-fill\" >\n\n\t\t\t\n\t\t\t\n\t\t\t\n\n\t\t<\/div>\n\n\t\t\n\n\t\t<div class=\"section-content relative\">\n\t\t\t\n<div class=\"row\"  id=\"row-1342309495\">\n\n\t<div id=\"col-803922026\" class=\"col small-12 large-12\"  >\n\t\t\t\t<div class=\"col-inner\"  >\n\t\t\t\n\t\t\t\n<div class=\"container section-title-container\" ><h2 class=\"section-title section-title-normal\"><b><\/b><span class=\"section-title-main\" style=\"color:rgb(179, 0, 0);\">Contactos y Direcciones<\/span><b><\/b><\/h2><\/div>\n\t\t<\/div>\n\t\t\t\t\t<\/div>\n\n\t\n\n\t<div id=\"col-915342343\" class=\"col medium-6 small-12 large-6\"  >\n\t\t\t\t<div class=\"col-inner\"  >\n\t\t\t\n\t\t\t\n\n<p><iframe loading=\"lazy\" style=\"border: 0;\" src=\"https:\/\/www.google.com\/maps\/embed?pb=!1m18!1m12!1m3!1d6157.994158582806!2d-51.938057971166366!3d-23.40393502725259!2m3!1f0!2f0!3f0!3m2!1i1024!2i768!4f13.1!3m3!1m2!1s0x94ecd73fed1d00bd%3A0xced44c3e59457db1!2sE90%20Bloco%20De%20Estat%C3%ADstica!5e0!3m2!1spt-BR!2sbr!4v1697298836893!5m2!1spt-BR!2sbr\" width=\"600\" height=\"450\" allowfullscreen=\"allowfullscreen\"><\/iframe><br \/>\n\n\t\t<\/div>\n\t\t\t\t\t<\/div>\n\n\t\n\n\t<div id=\"col-1197910166\" class=\"col medium-6 small-12 large-6\"  >\n\t\t\t\t<div class=\"col-inner\"  >\n\t\t\t\n\t\t\t\n<p style=\"text-align: justify;\"><span style=\"font-size: 18px; color: #333333;\"><strong>Contacto:<\/strong><\/span><\/p>\n<p style=\"text-align: justify;\">Tel\u00e9fono: +55 (44) 3011-5450<br \/>\nE-mail: sec-pbe@uem.br<br \/>\nPBE \u2013 Programa de Postgrado en Bioestad\u00edstica \u2013 Sala 221 Bloque E90<\/p>\n<p style=\"text-align: justify;\">Departamento de Estad\u00edstica \u2013 Universidad Estatal de Maring\u00e1 \/ UEM<br \/>\nCEP 87.020-900 \u2013 Avenida Colombo, 5790, Maring\u00e1 \u2013 PR<\/p>\n<p style=\"text-align: justify;\">Para ubicarse dentro de la <strong>Universidad Estatal de Maring\u00e1<\/strong>, consulte:<\/p>\n\n\t<a class=\"plain\" href=\"..\/wp-content\/uploads\/2013\/05\/Mapa-bioestatistica-2013.pdf\" target=\"_blank\" rel=\"noopener noreferrer\" >\t<div class=\"icon-box featured-box icon-box-left text-left is-large\"  >\n\t\t\t\t\t<div class=\"icon-box-img\" style=\"width: 36px\">\n\t\t\t\t<div class=\"icon\">\n\t\t\t\t\t<div class=\"icon-inner\" >\n\t\t\t\t\t\t<img width=\"64\" height=\"64\" src=\"http:\/\/pbe.uem.br\/wp-content\/uploads\/2023\/10\/mapa-logo.png\" class=\"attachment-medium size-medium\" alt=\"\" decoding=\"async\" loading=\"lazy\" srcset=\"http:\/\/pbe.uem.br\/wp-content\/uploads\/2023\/10\/mapa-logo.png 64w, http:\/\/pbe.uem.br\/wp-content\/uploads\/2023\/10\/mapa-logo-12x12.png 12w\" sizes=\"(max-width: 64px) 100vw, 64px\" \/>\t\t\t\t\t<\/div>\n\t\t\t\t<\/div>\n\t\t\t<\/div>\n\t\t\t\t<div class=\"icon-box-text last-reset\">\n\t\t\t\t\t\t\t\t\t\n\t<div id=\"text-4054221360\" class=\"text\">\n\t\t\n<p><strong>Mapa de la UEM<\/strong><\/p>\n\t\t\n<style>\n#text-4054221360 {\n  line-height: 2.4;\n  text-align: left;\n}\n<\/style>\n\t<\/div>\n\t\n\t\t<\/div>\n\t<\/div>\n\t<\/a>\n\t\n\t\t<\/div>\n\t\t\t\t\t<\/div>\n\n\t\n\n\t<div id=\"col-85414112\" class=\"col small-12 large-12\"  >\n\t\t\t\t<div class=\"col-inner\"  >\n\t\t\t\n\t\t\t\n<p style=\"text-align: justify;\"><span style=\"font-size: 18px; color: #333333;\"><strong>C\u00f3mo llegar a la Universidad:<\/strong><\/span><\/p>\n<p><span style=\"font-size: 105%; color: #000000;\"><strong>1) Desde el aeropuerto a la UEM:<\/strong><\/span> El aeropuerto est\u00e1 a una distancia de 13 km de la UEM. En taxi este recorrido lleva alrededor de 20 minutos.\u00a0<a href=\"https:\/\/maps.google.com.br\/maps?saddr=Estrada+desconhecida&amp;daddr=R.+Prof.+Lauro+Eduardo+Werneck&amp;hl=pt-BR&amp;ll=-23.444349,-51.956062&amp;spn=0.089297,0.169086&amp;sll=-23.47915,-51.987991&amp;sspn=0.044637,0.084543&amp;geocode=FSq5mf4drF_m_A%3BFcTUmv4dSHnn_A&amp;oq=pr-317&amp;t=h&amp;mra=mift&amp;mrsp=0&amp;sz=14&amp;z=13\" target=\"_blank\" rel=\"noopener\">(ver trayecto)<\/a><\/p>\n<p style=\"text-align: justify;\"><b>Tel\u00e9fonos de taxi<\/b> a precio fijo R$35,00: +55 (44) 3029 9195 o conexi\u00f3n gratuita (a cobrar) 9090 9964-2650.<\/p>\n<p style=\"text-align: justify;\"><b>Tel\u00e9fonos para mototaxi \u2013 <\/b>precio fijo: R$ 20,00: +55 (44) 3228 2263<\/p>\n<p style=\"text-align: justify;\"><strong>Autob\u00fas:<\/strong>\u00a0la l\u00ednea 528 sale del aeropuerto de una en una hora razonable Terminal Urbano, de all\u00ed tomar la l\u00ednea 010 o 324 que pasan del lado de la UEM. Valor: aproximadamente R$ 3,00.<\/p>\n<p style=\"text-align: justify;\"><span style=\"color: #000000;\"><strong>2)<\/strong> <strong>De la carretera a la UEM:<\/strong><\/span> La terminal de autobuses est\u00e1 a una distancia de 4,5 km de la UEM. En taxi este recorrido lleva alrededor de 10 minutos.\u00a0<a href=\"https:\/\/maps.google.com.br\/maps?saddr=Av.+Tuiuti&amp;daddr=R.+Prof.+Lauro+Eduardo+Werneck&amp;hl=pt-BR&amp;ll=-23.417337,-51.925077&amp;spn=0.044658,0.084543&amp;sll=-23.426118,-51.912889&amp;sspn=0.005582,0.010568&amp;geocode=FViMmv4d-uTn_A%3BFcTUmv4dSHnn_A&amp;oq=pr-317&amp;t=h&amp;mra=mift&amp;mrsp=0&amp;sz=17&amp;z=14\" target=\"_blank\" rel=\"noopener\">(ver trayecto)<\/a><\/p>\n<p style=\"text-align: justify;\"><b>Tel\u00e9fonos de Taxi - <\/b>M\u00ednimo R$ 15,00 \u2013 M\u00e1ximo R$ 17,00: +55 (44) 3029 9195 o conexi\u00f3n gratuita (a cobrar) 9090 9964-2650.<\/p>\n<p style=\"text-align: justify;\"><b>Tel\u00e9fonos para mototaxi \u2013\u00a0<\/b>D\u00eda: R$ 7,00 \u2013 Noche R$ 8,00: +55 (44) 3228 2263<b>:<\/b>\u00a0(44) 3228 2263<\/p>\n<p style=\"text-align: justify;\"><strong>Autob\u00fas:<\/strong> la l\u00ednea 021, que pasa frente a la Terminal Rodovi\u00e1ria, viene directo a la UEM, o coger cualquier l\u00ednea que vaya al Terminal Urbano y de all\u00ed tomar el 010 o 324 que pasan del lado de la UEM. Valor: aproximadamente R$ 3,00.<\/p>\n<p style=\"text-align: justify;\"><span style=\"color: #000000;\"><strong>3)<\/strong> <strong>Desde el centro hasta la UEM:<\/strong><\/span> \u00a0Para quienes gustan de caminar, la UEM se encuentra a unos 2 km del centro y una caminata tranquila desde all\u00ed lleva unos 30 minutos.\u00a0<a href=\"https:\/\/maps.google.com.br\/maps?saddr=Av.+Quinze+de+Novembro&amp;daddr=R.+Prof.+Lauro+Eduardo+Werneck&amp;hl=pt-BR&amp;ll=-23.423559,-51.937008&amp;spn=0.011164,0.021136&amp;sll=-23.423554,-51.937019&amp;sspn=0.002791,0.005284&amp;geocode=FT-Vmv4dRIDn_A%3BFcTUmv4dSHnn_A&amp;t=h&amp;dirflg=w&amp;mra=dme&amp;mrsp=0&amp;sz=18&amp;z=16%29\" target=\"_blank\" rel=\"noopener\">(ver mapa)<\/a><\/p>\n<p style=\"text-align: justify;\"><span style=\"color: #000000; font-size: 105%;\"><strong>4) M\u00e1s informaci\u00f3n:<\/strong><\/span><\/p>\n<p style=\"text-align: justify;\">\u2013 Para m\u00e1s informaci\u00f3n sobre la UEM, acceda <a href=\"http:\/\/www.uem.br\/\" target=\"_blank\" rel=\"noopener\">sitio web oficial de la UEM<\/a>.<\/p>\n<p style=\"text-align: justify;\">\u2013 Para m\u00e1s informaci\u00f3n sobre la ciudad de Maring\u00e1, consulte:<br \/>\n<a href=\"http:\/\/www.maringa.com\" target=\"_blank\" rel=\"noopener\">www.maringa.com<\/a><br \/>\n<a href=\"http:\/\/pt.wikipedia.org\/wiki\/Maring%C3%A1\" target=\"_blank\" rel=\"noopener\">pt.wikipedia.org\/wiki\/Maring\u00e1<\/a><br \/>\n<a href=\"http:\/\/maringa.odiario.com\/\" target=\"_blank\" rel=\"noopener\">maringa.odiario.com<\/a><br \/>\n<a href=\"http:\/\/www.maringa.pr.gov.br\/\" target=\"_blank\" rel=\"noopener\">www.maringa.pr.gov.br<\/a><\/p>\n\t\t<\/div>\n\t\t\t\t\t<\/div>\n\n\t\n<\/div>\n\t\t<\/div>\n\n\t\t\n<style>\n#section_1011218770 {\n  padding-top: 30px;\n  padding-bottom: 30px;\n}\n#section_1011218770 .section-bg.bg-loaded {\n  background-image: url(http:\/\/pbe.uem.br\/wp-content\/uploads\/2023\/10\/fundo-site-min.png);\n}\n#section_1011218770 .section-bg {\n  background-position: 25% 52%;\n}\n<\/style>\n\t<\/section>","protected":false},"excerpt":{"rendered":"","protected":false},"author":2,"featured_media":0,"parent":0,"menu_order":0,"comment_status":"closed","ping_status":"closed","template":"","meta":{"footnotes":""},"_links":{"self":[{"href":"http:\/\/pbe.uem.br\/es\/wp-json\/wp\/v2\/pages\/852"}],"collection":[{"href":"http:\/\/pbe.uem.br\/es\/wp-json\/wp\/v2\/pages"}],"about":[{"href":"http:\/\/pbe.uem.br\/es\/wp-json\/wp\/v2\/types\/page"}],"author":[{"embeddable":true,"href":"http:\/\/pbe.uem.br\/es\/wp-json\/wp\/v2\/users\/2"}],"replies":[{"embeddable":true,"href":"http:\/\/pbe.uem.br\/es\/wp-json\/wp\/v2\/comments?post=852"}],"version-history":[{"count":91,"href":"http:\/\/pbe.uem.br\/es\/wp-json\/wp\/v2\/pages\/852\/revisions"}],"predecessor-version":[{"id":5571,"href":"http:\/\/pbe.uem.br\/es\/wp-json\/wp\/v2\/pages\/852\/revisions\/5571"}],"wp:attachment":[{"href":"http:\/\/pbe.uem.br\/es\/wp-json\/wp\/v2\/media?parent=852"}],"curies":[{"name":"wp","href":"https:\/\/api.w.org\/{rel}","templated":true}]}}