{"id":930,"date":"2013-06-04T15:29:30","date_gmt":"2013-06-04T18:29:30","guid":{"rendered":"http:\/\/pbe.uem.br\/?page_id=930"},"modified":"2018-03-18T11:25:01","modified_gmt":"2018-03-18T14:25:01","slug":"edson-zangiacomi-martinez","status":"publish","type":"page","link":"http:\/\/pbe.uem.br\/es\/edson-zangiacomi-martinez\/","title":{"rendered":"Edson Zangiacomi Martinez"},"content":{"rendered":"[:pb]&nbsp;<\/p>\n<table class=\"sem-borda\" border=\"0\">\n<tbody>\n<tr>\n<td rowspan=\"4\" align=\"center\"><a href=\"http:\/\/pbe.uem.br\/wp-content\/uploads\/2018\/03\/Edson.jpg\"><img decoding=\"async\" loading=\"lazy\" class=\"alignnone size-full wp-image-3904\" src=\"http:\/\/pbe.uem.br\/wp-content\/uploads\/2018\/03\/Edson.jpg\" alt=\"\" width=\"108\" height=\"81\" \/><\/a><\/td>\n<td><\/td>\n<\/tr>\n<tr>\n<td><strong>Professor Doutor Associado<br \/>\n<\/strong><\/td>\n<\/tr>\n<tr>\n<td>USP &#8211; Faculdade de Medicina de Ribeir\u00e3o Preto<\/td>\n<\/tr>\n<tr>\n<td><\/td>\n<\/tr>\n<tr>\n<td><span style=\"color: #000000;\"><strong>\u00c1reas de Interesse: <\/strong><\/span><\/td>\n<td>Bioestat\u00edstica<\/td>\n<\/tr>\n<tr>\n<td><\/td>\n<td><\/td>\n<\/tr>\n<tr>\n<td><\/td>\n<td><\/td>\n<\/tr>\n<tr>\n<td><\/td>\n<td><\/td>\n<\/tr>\n<tr>\n<td><strong><span style=\"color: #000000;\">Grupos de Pesquisa:<\/span><br \/>\n<\/strong><\/td>\n<td>Bioestat\u00edstica |\u00a0M\u00e9todos Quantitativos<\/td>\n<\/tr>\n<tr>\n<td><\/td>\n<td><\/td>\n<\/tr>\n<tr>\n<td><\/td>\n<td><\/td>\n<\/tr>\n<tr>\n<td><\/td>\n<td><\/td>\n<\/tr>\n<tr>\n<td><span style=\"color: #000000;\"><strong>Membro Permanente:<\/strong><\/span><\/td>\n<td>Programa de P\u00f3s-Gradua\u00e7\u00e3o em Bioestat\u00edstica &#8211; (Visitante).<\/td>\n<\/tr>\n<tr>\n<td><\/td>\n<td><\/td>\n<\/tr>\n<tr>\n<td><\/td>\n<td><\/td>\n<\/tr>\n<tr>\n<td><\/td>\n<td><\/td>\n<\/tr>\n<tr>\n<td><\/td>\n<td><\/td>\n<\/tr>\n<tr>\n<td><\/td>\n<td><\/td>\n<\/tr>\n<tr>\n<td><span style=\"color: #000000;\"><strong><strong>Lattes:<\/strong><\/strong><\/span><\/td>\n<td><a href=\"http:\/\/lattes.cnpq.br\/7706743433338055\" target=\"_blank\" rel=\"noopener\">http:\/\/lattes.cnpq.br\/7706743433338055<\/a><\/td>\n<\/tr>\n<tr>\n<td><\/td>\n<td><\/td>\n<\/tr>\n<tr>\n<td><\/td>\n<td><\/td>\n<\/tr>\n<tr>\n<td><span style=\"color: #000000;\"><strong>Disciplinas no PBE:<\/strong><\/span><\/td>\n<td>Inferencial Causal em Epidemiologia<\/td>\n<\/tr>\n<tr>\n<td><\/td>\n<td>M\u00e9todos Estat\u00edsticos em Epidemiologia<\/td>\n<\/tr>\n<tr>\n<td><\/td>\n<td><\/td>\n<\/tr>\n<tr>\n<td><span style=\"color: #000000;\"><strong><strong>Contacto:<\/strong><\/strong><\/span><\/td>\n<td><span style=\"line-height: 19px;\"><span style=\"line-height: 19px;\">edson@fmrp.usp.br<br \/>\n<\/span><\/span><\/td>\n<\/tr>\n<tr>\n<td><\/td>\n<td><span style=\"line-height: 19px;\"><span style=\"line-height: 19px;\">Secretaria &#8211; PBE (44) 3011 5450<\/span><\/span><\/td>\n<\/tr>\n<tr>\n<td><\/td>\n<td><\/td>\n<\/tr>\n<\/tbody>\n<\/table>\n<p>&nbsp;[:en]\n<table class=\"sem-borda\" border=\"0\">\n<tbody>\n<tr>\n<td rowspan=\"4\" align=\"center\"><\/td>\n<td><\/td>\n<\/tr>\n<tr>\n<td><strong>Professor Doutor Associado<br \/>\n<\/strong><\/td>\n<\/tr>\n<tr>\n<td>USP &#8211; Faculdade de Medicina de Ribeir\u00e3o Preto<\/td>\n<\/tr>\n<tr>\n<td><\/td>\n<\/tr>\n<tr>\n<td><span style=\"color: #000000;\"><strong>\u00c1reas de Interesse: <\/strong><\/span><\/td>\n<td>Bioestat\u00edstica<\/td>\n<\/tr>\n<tr>\n<td><\/td>\n<td><\/td>\n<\/tr>\n<tr>\n<td><\/td>\n<td><\/td>\n<\/tr>\n<tr>\n<td><\/td>\n<td><\/td>\n<\/tr>\n<tr>\n<td><strong><span style=\"color: #000000;\">Grupos de Pesquisa:<\/span><br \/>\n<\/strong><\/td>\n<td>Bioestat\u00edstica |\u00a0M\u00e9todos Quantitativos<\/td>\n<\/tr>\n<tr>\n<td><\/td>\n<td><\/td>\n<\/tr>\n<tr>\n<td><\/td>\n<td><\/td>\n<\/tr>\n<tr>\n<td><\/td>\n<td><\/td>\n<\/tr>\n<tr>\n<td><span style=\"color: #000000;\"><strong>Membro Permanente:<\/strong><\/span><\/td>\n<td>Programa de P\u00f3s-Gradua\u00e7\u00e3o em Bioestat\u00edstica &#8211; (Visitante).<\/td>\n<\/tr>\n<tr>\n<td><\/td>\n<td><\/td>\n<\/tr>\n<tr>\n<td><\/td>\n<td><\/td>\n<\/tr>\n<tr>\n<td><\/td>\n<td><\/td>\n<\/tr>\n<tr>\n<td><\/td>\n<td><\/td>\n<\/tr>\n<tr>\n<td><\/td>\n<td><\/td>\n<\/tr>\n<tr>\n<td><span style=\"color: #000000;\"><strong><strong>Lattes:<\/strong><\/strong><\/span><\/td>\n<td><a href=\"http:\/\/lattes.cnpq.br\/7706743433338055\" target=\"_blank\">http:\/\/lattes.cnpq.br\/7706743433338055<\/a><\/td>\n<\/tr>\n<tr>\n<td><\/td>\n<td><\/td>\n<\/tr>\n<tr>\n<td><\/td>\n<td><\/td>\n<\/tr>\n<tr>\n<td><span style=\"color: #000000;\"><strong>Disciplinas no PBE:<\/strong><\/span><\/td>\n<td>Inferencial Causal em Epidemiologia<\/td>\n<\/tr>\n<tr>\n<td><\/td>\n<td>M\u00e9todos Estat\u00edsticos em Epidemiologia<\/td>\n<\/tr>\n<tr>\n<td><\/td>\n<td><\/td>\n<\/tr>\n<tr>\n<td><span style=\"color: #000000;\"><strong><strong>Contacto:<\/strong><\/strong><\/span><\/td>\n<td><span style=\"line-height: 19px;\"><span style=\"line-height: 19px;\">edson@fmrp.usp.br<br \/>\n<\/span><\/span><\/td>\n<\/tr>\n<tr>\n<td><\/td>\n<td><span style=\"line-height: 19px;\"><span style=\"line-height: 19px;\">Secretaria &#8211; PBE (44) 3011 5450<\/span><\/span><\/td>\n<\/tr>\n<tr>\n<td><\/td>\n<td><\/td>\n<\/tr>\n<\/tbody>\n<\/table>\n<p>&nbsp;[:es]\n<table class=\"sem-borda\" border=\"0\">\n<tbody>\n<tr>\n<td rowspan=\"4\" align=\"center\"><\/td>\n<td><\/td>\n<\/tr>\n<tr>\n<td><strong>Professor Doutor Associado<br \/>\n<\/strong><\/td>\n<\/tr>\n<tr>\n<td>USP &#8211; Faculdade de Medicina de Ribeir\u00e3o Preto<\/td>\n<\/tr>\n<tr>\n<td><\/td>\n<\/tr>\n<tr>\n<td><span style=\"color: #000000;\"><strong>\u00c1reas de Interesse: <\/strong><\/span><\/td>\n<td>Bioestat\u00edstica<\/td>\n<\/tr>\n<tr>\n<td><\/td>\n<td><\/td>\n<\/tr>\n<tr>\n<td><\/td>\n<td><\/td>\n<\/tr>\n<tr>\n<td><\/td>\n<td><\/td>\n<\/tr>\n<tr>\n<td><strong><span style=\"color: #000000;\">Grupos de Pesquisa:<\/span><br \/>\n<\/strong><\/td>\n<td>Bioestat\u00edstica |\u00a0M\u00e9todos Quantitativos<\/td>\n<\/tr>\n<tr>\n<td><\/td>\n<td><\/td>\n<\/tr>\n<tr>\n<td><\/td>\n<td><\/td>\n<\/tr>\n<tr>\n<td><\/td>\n<td><\/td>\n<\/tr>\n<tr>\n<td><span style=\"color: #000000;\"><strong>Membro Permanente:<\/strong><\/span><\/td>\n<td>Programa de P\u00f3s-Gradua\u00e7\u00e3o em Bioestat\u00edstica &#8211; (Visitante).<\/td>\n<\/tr>\n<tr>\n<td><\/td>\n<td><\/td>\n<\/tr>\n<tr>\n<td><\/td>\n<td><\/td>\n<\/tr>\n<tr>\n<td><\/td>\n<td><\/td>\n<\/tr>\n<tr>\n<td><\/td>\n<td><\/td>\n<\/tr>\n<tr>\n<td><\/td>\n<td><\/td>\n<\/tr>\n<tr>\n<td><span style=\"color: #000000;\"><strong><strong>Lattes:<\/strong><\/strong><\/span><\/td>\n<td><a href=\"http:\/\/lattes.cnpq.br\/7706743433338055\" target=\"_blank\">http:\/\/lattes.cnpq.br\/7706743433338055<\/a><\/td>\n<\/tr>\n<tr>\n<td><\/td>\n<td><\/td>\n<\/tr>\n<tr>\n<td><\/td>\n<td><\/td>\n<\/tr>\n<tr>\n<td><span style=\"color: #000000;\"><strong>Disciplinas no PBE:<\/strong><\/span><\/td>\n<td>Inferencial Causal em Epidemiologia<\/td>\n<\/tr>\n<tr>\n<td><\/td>\n<td>M\u00e9todos Estat\u00edsticos em Epidemiologia<\/td>\n<\/tr>\n<tr>\n<td><\/td>\n<td><\/td>\n<\/tr>\n<tr>\n<td><span style=\"color: #000000;\"><strong><strong>Contacto:<\/strong><\/strong><\/span><\/td>\n<td><span style=\"line-height: 19px;\"><span style=\"line-height: 19px;\">edson@fmrp.usp.br<br \/>\n<\/span><\/span><\/td>\n<\/tr>\n<tr>\n<td><\/td>\n<td><span style=\"line-height: 19px;\"><span style=\"line-height: 19px;\">Secretaria &#8211; PBE (44) 3011 5450<\/span><\/span><\/td>\n<\/tr>\n<tr>\n<td><\/td>\n<td><\/td>\n<\/tr>\n<\/tbody>\n<\/table>\n<p>&nbsp;[:]","protected":false},"excerpt":{"rendered":"[:pb]&nbsp; Professor Doutor Associado USP &#8211; Faculdade de Medicina de Ribeir\u00e3o Preto \u00c1reas de Interesse: Bioestat\u00edstica Grupos de Pesquisa: Bioestat\u00edstica |\u00a0M\u00e9todos Quantitativos Membro Permanente: Programa de P\u00f3s-Gradua\u00e7\u00e3o em Bioestat\u00edstica &#8211; (Visitante). Lattes: http:\/\/lattes.cnpq.br\/7706743433338055 Disciplinas no PBE: Inferencial Causal em Epidemiologia M\u00e9todos Estat\u00edsticos em Epidemiologia Contato: edson@fmrp.usp.br Secretaria &#8211; PBE (44) 3011 5450 &nbsp;[:en] Professor Doutor [&#8230;]","protected":false},"author":2,"featured_media":0,"parent":0,"menu_order":0,"comment_status":"closed","ping_status":"closed","template":"","meta":{"footnotes":""},"_links":{"self":[{"href":"http:\/\/pbe.uem.br\/es\/wp-json\/wp\/v2\/pages\/930"}],"collection":[{"href":"http:\/\/pbe.uem.br\/es\/wp-json\/wp\/v2\/pages"}],"about":[{"href":"http:\/\/pbe.uem.br\/es\/wp-json\/wp\/v2\/types\/page"}],"author":[{"embeddable":true,"href":"http:\/\/pbe.uem.br\/es\/wp-json\/wp\/v2\/users\/2"}],"replies":[{"embeddable":true,"href":"http:\/\/pbe.uem.br\/es\/wp-json\/wp\/v2\/comments?post=930"}],"version-history":[{"count":5,"href":"http:\/\/pbe.uem.br\/es\/wp-json\/wp\/v2\/pages\/930\/revisions"}],"predecessor-version":[{"id":3906,"href":"http:\/\/pbe.uem.br\/es\/wp-json\/wp\/v2\/pages\/930\/revisions\/3906"}],"wp:attachment":[{"href":"http:\/\/pbe.uem.br\/es\/wp-json\/wp\/v2\/media?parent=930"}],"curies":[{"name":"wp","href":"https:\/\/api.w.org\/{rel}","templated":true}]}}