{"id":933,"date":"2013-06-04T15:31:34","date_gmt":"2013-06-04T18:31:34","guid":{"rendered":"http:\/\/pbe.uem.br\/?page_id=933"},"modified":"2014-07-22T10:44:24","modified_gmt":"2014-07-22T13:44:24","slug":"elza-kimura","status":"publish","type":"page","link":"http:\/\/pbe.uem.br\/es\/elza-kimura\/","title":{"rendered":"Elza Kimura"},"content":{"rendered":"<table class=\"sem-borda\" border=\"0\">\n<tbody>\n<tr>\n<td rowspan=\"4\" align=\"center\"><a href=\"http:\/\/pbe.uem.br\/wp-content\/uploads\/2013\/06\/Elza-Kimura.jpg\"><img decoding=\"async\" loading=\"lazy\" class=\"alignnone size-medium wp-image-1388\" alt=\"Elza Kimura\" src=\"http:\/\/pbe.uem.br\/wp-content\/uploads\/2013\/06\/Elza-Kimura-282x300.jpg\" width=\"119\" height=\"131\" \/><\/a><\/td>\n<td><\/td>\n<\/tr>\n<tr>\n<td><strong>Professora Doutora Associado &#8211; N\u00edvel C<\/strong><\/td>\n<\/tr>\n<tr>\n<td><\/td>\n<\/tr>\n<tr>\n<td><\/td>\n<\/tr>\n<tr>\n<td><\/td>\n<td><\/td>\n<\/tr>\n<tr>\n<td><strong>\u00c1reas de Interesse: <\/strong><\/td>\n<td>An\u00e1lise e Controle de Medicamentos<\/td>\n<\/tr>\n<tr>\n<td><\/td>\n<td>Biodisponibilidade e Bioequivalencia de Medicamentos<\/td>\n<\/tr>\n<tr>\n<td><\/td>\n<td>Farmacocin\u00e9tica | Terapia Fotodin\u00e2mica<\/td>\n<\/tr>\n<tr>\n<td><strong><span style=\"color: #000000;\">Grupos de Pesquisa:<\/span><br \/>\n<\/strong><\/td>\n<td><\/td>\n<\/tr>\n<tr>\n<td><\/td>\n<td><\/td>\n<\/tr>\n<tr>\n<td><\/td>\n<td><\/td>\n<\/tr>\n<tr>\n<td><\/td>\n<td><\/td>\n<\/tr>\n<tr>\n<td><span style=\"color: #000000;\"><strong>Membro Permanente:<\/strong><\/span><\/td>\n<td>Programa de P\u00f3s-Gradua\u00e7\u00e3o em Bioestat\u00edstica &#8211; UEM &#8211; Desde 2013.<\/td>\n<\/tr>\n<tr>\n<td><\/td>\n<td><\/td>\n<\/tr>\n<tr>\n<td><\/td>\n<td><\/td>\n<\/tr>\n<tr>\n<td><\/td>\n<td><\/td>\n<\/tr>\n<tr>\n<td><\/td>\n<td><\/td>\n<\/tr>\n<tr>\n<td><\/td>\n<td><\/td>\n<\/tr>\n<tr>\n<td><span style=\"color: #000000;\"><strong><strong>Lattes:<\/strong><\/strong><\/span><\/td>\n<td><a href=\"http:\/\/lattes.cnpq.br\/0021087749092247\" target=\"_blank\">http:\/\/lattes.cnpq.br\/0021087749092247<\/a><\/td>\n<\/tr>\n<tr>\n<td><\/td>\n<td><\/td>\n<\/tr>\n<tr>\n<td><\/td>\n<td><\/td>\n<\/tr>\n<tr>\n<td><span style=\"color: #000000;\"><strong>Disciplinas no PBE:<\/strong><\/span><\/td>\n<td>Modelos Lineares e N\u00e3o-lineares Aplicados \u00e0 Farmacocin\u00e9tica<\/td>\n<\/tr>\n<tr>\n<td><\/td>\n<td><\/td>\n<\/tr>\n<tr>\n<td><\/td>\n<td><\/td>\n<\/tr>\n<tr>\n<td><span style=\"color: #000000;\"><strong><strong>Contacto:<\/strong><\/strong><\/span><\/td>\n<td><span style=\"line-height: 19px;\"><span style=\"line-height: 19px;\">ekimura@uem.br<br \/>\n<\/span><\/span><\/td>\n<\/tr>\n<tr>\n<td><\/td>\n<td><span style=\"line-height: 19px;\"><span style=\"line-height: 19px;\">Secretaria &#8211; PBE (44) 3011 5450<\/span><\/span><\/td>\n<\/tr>\n<tr>\n<td><\/td>\n<td><\/td>\n<\/tr>\n<\/tbody>\n<\/table>\n<p>&nbsp;<\/p>","protected":false},"excerpt":{"rendered":"<p>Professora Doutora Associado &#8211; N\u00edvel C \u00c1reas de Interesse: An\u00e1lise e Controle de Medicamentos Biodisponibilidade e Bioequivalencia de Medicamentos Farmacocin\u00e9tica | Terapia Fotodin\u00e2mica Grupos de Pesquisa: Membro Permanente: Programa de P\u00f3s-Gradua\u00e7\u00e3o em Bioestat\u00edstica &#8211; UEM &#8211; Desde 2013. Lattes: http:\/\/lattes.cnpq.br\/0021087749092247 Disciplinas no PBE: Modelos Lineares e N\u00e3o-lineares Aplicados \u00e0 Farmacocin\u00e9tica Contato: ekimura@uem.br Secretaria &#8211; PBE [&#8230;]","protected":false},"author":2,"featured_media":0,"parent":0,"menu_order":0,"comment_status":"closed","ping_status":"closed","template":"","meta":{"footnotes":""},"_links":{"self":[{"href":"http:\/\/pbe.uem.br\/es\/wp-json\/wp\/v2\/pages\/933"}],"collection":[{"href":"http:\/\/pbe.uem.br\/es\/wp-json\/wp\/v2\/pages"}],"about":[{"href":"http:\/\/pbe.uem.br\/es\/wp-json\/wp\/v2\/types\/page"}],"author":[{"embeddable":true,"href":"http:\/\/pbe.uem.br\/es\/wp-json\/wp\/v2\/users\/2"}],"replies":[{"embeddable":true,"href":"http:\/\/pbe.uem.br\/es\/wp-json\/wp\/v2\/comments?post=933"}],"version-history":[{"count":6,"href":"http:\/\/pbe.uem.br\/es\/wp-json\/wp\/v2\/pages\/933\/revisions"}],"predecessor-version":[{"id":1560,"href":"http:\/\/pbe.uem.br\/es\/wp-json\/wp\/v2\/pages\/933\/revisions\/1560"}],"wp:attachment":[{"href":"http:\/\/pbe.uem.br\/es\/wp-json\/wp\/v2\/media?parent=933"}],"curies":[{"name":"wp","href":"https:\/\/api.w.org\/{rel}","templated":true}]}}